{"id":5066,"date":"2013-06-04T20:06:30","date_gmt":"2013-06-04T23:06:30","guid":{"rendered":"http:\/\/categero.org.br\/?page_id=5066"},"modified":"2014-02-21T14:56:46","modified_gmt":"2014-02-21T17:56:46","slug":"devota-giovana-antonelli","status":"publish","type":"page","link":"https:\/\/categero.org.br\/antigo\/?page_id=5066","title":{"rendered":"Atriz global Giovana Antonelli \u00e9 devota"},"content":{"rendered":"<p>&nbsp;<\/p>\n<p>&nbsp;<\/p>\n<p style=\"text-align: center;\"><a href=\"http:\/\/www.categero.org.br\/wp-content\/uploads\/2012\/02\/2.-Categer\u00f3-72-dpi-Color.jpg\"><img loading=\"lazy\" decoding=\"async\" title=\"2. Categer\u00f3 72 dpi Color\" alt=\"\" src=\"http:\/\/www.categero.org.br\/wp-content\/uploads\/2012\/02\/2.-Categer\u00f3-72-dpi-Color-202x300.jpg\" width=\"202\" height=\"300\" \/><\/a><\/p>\n<p style=\"text-align: center;\">A atriz da rede Globo de Televis\u00e3o \u00a0Giovana Antonelli<\/p>\n<p style=\"text-align: center;\"><a href=\"http:\/\/www.categero.org.br\/wp-content\/uploads\/2011\/06\/Giovana-Antonelli.jpg\"><img loading=\"lazy\" decoding=\"async\" title=\"Giovana Antonelli\" alt=\"\" src=\"http:\/\/www.categero.org.br\/wp-content\/uploads\/2011\/06\/Giovana-Antonelli.jpg\" width=\"191\" height=\"264\" \/><\/a><\/p>\n<p>A not\u00edcia pode ser antiga, publicada no Jornal do Comercio, em Recife no ano de.2000, em uma mat\u00e9ria sobre casamento envolvendo outros casais globais. Mas o fato para o portal continua sendo merit\u00f3rio. a atriz cat\u00f3lica Giovana Antonelli, diz que, quando se ama, as diferen\u00e7as se tornam muito pequenas. Tanto que apesar de seu marido ent\u00e3o, o publicit\u00e1rio Ricardo Medina, judeu, disse \u00e0 \u00e9poca, que j\u00e1 estava at\u00e9 rezando para Santo Antonio de Categer\u00f3. \u201cN\u00e3o vou \u00e0 igreja, porque ela tamb\u00e9m n\u00e3o vai, mas quando Giovana reza para esse santo milagreiro eu rezo tamb\u00e9m. E ela adora as festas religiosas judaicas, gosta das rezas e j\u00e1 conhece as comidas\u201d, conto o empres\u00e1rio.<\/p>\n<p>Fonte (hiperlink\u00a0\u00a0<a href=\"http:\/\/www2.uol.com.br\/JC\/_2000\/1511\/fa1211_1.htm\">http:\/\/www2.uol.com.br\/JC\/_2000\/1511\/fa1211_1.htm<\/a>)<\/p>\n<p><a href=\"http:\/\/categero.org.br\/wp-content\/uploads\/2013\/06\/Categero_Giovana.jpg\"><img loading=\"lazy\" decoding=\"async\" class=\"aligncenter size-medium wp-image-8462\" alt=\"Categero_Giovana\" src=\"http:\/\/categero.org.br\/wp-content\/uploads\/2013\/06\/Categero_Giovana-300x199.jpg\" width=\"300\" height=\"199\" srcset=\"https:\/\/categero.org.br\/antigo\/wp-content\/uploads\/2013\/06\/Categero_Giovana-300x199.jpg 300w, https:\/\/categero.org.br\/antigo\/wp-content\/uploads\/2013\/06\/Categero_Giovana-75x50.jpg 75w, https:\/\/categero.org.br\/antigo\/wp-content\/uploads\/2013\/06\/Categero_Giovana-120x80.jpg 120w, https:\/\/categero.org.br\/antigo\/wp-content\/uploads\/2013\/06\/Categero_Giovana.jpg 397w\" sizes=\"auto, (max-width: 300px) 100vw, 300px\" \/><\/a><\/p>\n","protected":false},"excerpt":{"rendered":"<p>&nbsp; &nbsp; A atriz da rede Globo de Televis\u00e3o \u00a0Giovana Antonelli A not\u00edcia pode ser antiga, publicada no Jornal do Comercio, em Recife no ano de.2000, em uma mat\u00e9ria sobre casamento envolvendo outros casais globais. Mas o fato para o portal continua sendo merit\u00f3rio. a atriz cat\u00f3lica Giovana Antonelli, diz que, quando se ama, as [&hellip;]<\/p>\n","protected":false},"author":1,"featured_media":8462,"parent":5069,"menu_order":1,"comment_status":"open","ping_status":"open","template":"","meta":{"ngg_post_thumbnail":0,"footnotes":""},"class_list":["post-5066","page","type-page","status-publish","has-post-thumbnail","hentry"],"_links":{"self":[{"href":"https:\/\/categero.org.br\/antigo\/index.php?rest_route=\/wp\/v2\/pages\/5066","targetHints":{"allow":["GET"]}}],"collection":[{"href":"https:\/\/categero.org.br\/antigo\/index.php?rest_route=\/wp\/v2\/pages"}],"about":[{"href":"https:\/\/categero.org.br\/antigo\/index.php?rest_route=\/wp\/v2\/types\/page"}],"author":[{"embeddable":true,"href":"https:\/\/categero.org.br\/antigo\/index.php?rest_route=\/wp\/v2\/users\/1"}],"replies":[{"embeddable":true,"href":"https:\/\/categero.org.br\/antigo\/index.php?rest_route=%2Fwp%2Fv2%2Fcomments&post=5066"}],"version-history":[{"count":10,"href":"https:\/\/categero.org.br\/antigo\/index.php?rest_route=\/wp\/v2\/pages\/5066\/revisions"}],"predecessor-version":[{"id":5072,"href":"https:\/\/categero.org.br\/antigo\/index.php?rest_route=\/wp\/v2\/pages\/5066\/revisions\/5072"}],"up":[{"embeddable":true,"href":"https:\/\/categero.org.br\/antigo\/index.php?rest_route=\/wp\/v2\/pages\/5069"}],"wp:featuredmedia":[{"embeddable":true,"href":"https:\/\/categero.org.br\/antigo\/index.php?rest_route=\/wp\/v2\/media\/8462"}],"wp:attachment":[{"href":"https:\/\/categero.org.br\/antigo\/index.php?rest_route=%2Fwp%2Fv2%2Fmedia&parent=5066"}],"curies":[{"name":"wp","href":"https:\/\/api.w.org\/{rel}","templated":true}]}}