{"id":5022,"date":"2013-06-04T17:29:38","date_gmt":"2013-06-04T20:29:38","guid":{"rendered":"http:\/\/categero.org.br\/?page_id=5022"},"modified":"2018-06-27T08:32:54","modified_gmt":"2018-06-27T11:32:54","slug":"3a-oracao-de-minha-trilogia","status":"publish","type":"page","link":"https:\/\/categero.org.br\/antigo\/?page_id=5022","title":{"rendered":"12\u00aa &#8211; Categer\u00f3! interceda por mim a Cristo"},"content":{"rendered":"<h4 style=\"padding-left: 30px; text-align: center;\"><em><span style=\"color: #ff0000;\"><strong>Link &#8211; &nbsp;<a href=\"http:\/\/categero.org.br\/?p=11452\" target=\"_blank\" rel=\"noopener noreferrer\">Datas de Categer\u00f3<br \/>\n<\/a><\/strong><\/span><\/em><em><span style=\"color: #ff0000;\"><strong>Link &#8211; &nbsp;<span style=\"color: #000000;\"><a href=\"http:\/\/categero.org.br\/?p=11933\" target=\"_blank\" rel=\"noopener noreferrer\">Perfil, Linha do Tempo e Vaticano<\/a><\/span><\/strong><\/span><\/em><\/h4>\n<h2 style=\"padding-left: 30px; text-align: center;\"><img loading=\"lazy\" decoding=\"async\" width=\"174\" height=\"230\" class=\"aligncenter wp-image-11224\" alt=\"3-categero-meio-corpo-color\" src=\"http:\/\/categero.org.br\/wp-content\/uploads\/2016\/12\/3.-Categer\u00f3-Meio-corpo-Color.jpg\" srcset=\"https:\/\/categero.org.br\/antigo\/wp-content\/uploads\/2016\/12\/3.-Categer\u00f3-Meio-corpo-Color.jpg 482w, https:\/\/categero.org.br\/antigo\/wp-content\/uploads\/2016\/12\/3.-Categer\u00f3-Meio-corpo-Color-227x300.jpg 227w\" sizes=\"auto, (max-width: 174px) 100vw, 174px\" \/><\/h2>\n<h3 style=\"padding-left: 210px;\"><span style=\"color: #0000ff;\">Meu ato de contri\u00e7\u00e3o<\/span><br \/>\n<span style=\"color: #0000ff;\">Nossa proposta de contri\u00e7\u00e3o<\/span><br \/>\n<span style=\"color: #0000ff;\">Eis me aqui Senhor, com Categer\u00f3<\/span><br \/>\n<span style=\"color: #0000ff;\">Nossa proposta de clamor<\/span><br \/>\n<span style=\"color: #0000ff;\">Salve oh beato Ant\u00f4nio de Categer\u00f3<\/span><br \/>\n<span style=\"color: #0000ff;\">Nossa proposta de curti\u00e7\u00e3o<\/span><br \/>\n<span style=\"color: #0000ff;\">\u00c0 canoniza\u00e7\u00e3o do Beato de Categer\u00f3 pelo Vaticano<br \/>\nNosso objetivo e encontro de todas as metas&nbsp;<\/span>&nbsp;&nbsp;<\/h3>\n<h2 style=\"padding-left: 210px;\">&nbsp;<\/h2>\n<h2 style=\"padding-left: 210px;\">3\u00aa Ora\u00e7\u00e3o de minha Trilogia<\/h2>\n<address style=\"padding-left: 210px;\">&nbsp;<strong>Categer\u00f3! interceda por mim a Cristo<\/strong><\/address>\n<address style=\"padding-left: 210px;\">&nbsp;<\/address>\n<address style=\"padding-left: 210px;\">&nbsp;&nbsp;<\/address>\n<address style=\"padding-left: 180px;\"><strong>Eis os pedidos a Categer\u00f3<\/strong><\/address>\n<address style=\"padding-left: 180px;\">&nbsp;<\/address>\n<address style=\"padding-left: 180px;\">Salve \u00f3h!\u2026 Beato Antonio de Categer\u00f3,<\/address>\n<address style=\"padding-left: 180px;\">Nosso querido Tio Antonio,<\/address>\n<address style=\"padding-left: 180px;\">Um exemplo modelar de virtude.<\/address>\n<address style=\"padding-left: 180px;\">Espia nossa ang\u00fastia e<\/address>\n<address style=\"padding-left: 180px;\">Alivia nossa afli\u00e7\u00e3o.<\/address>\n<address style=\"padding-left: 180px;\">Resolva os nossos problemas<\/address>\n<address style=\"padding-left: 180px;\">Atendendo o(s) &nbsp;pedido(s)\u2026 ( citar todos)<\/address>\n<address style=\"padding-left: 180px;\">&nbsp;<\/address>\n<address style=\"padding-left: 180px;\">(aja como se fosse sua agenda de compromissos hierarquizados pelas prioridades, que cada um tem. Ao constituir este h\u00e1bito, pela manh\u00e3 a hora do banho, a(o) irm\u00e3(o) come\u00e7ar\u00e1 a organizar sua vida e prioridades.)<\/address>\n<address style=\"padding-left: 180px;\">&nbsp;<\/address>\n<address style=\"padding-left: 180px;\">(O meu desenvolvimento deu-se a partir de ter gerado e revisado, minhas prioridades pessoais, diariamente, em minha ora\u00e7\u00f5es e rezas, por ocasi\u00e3o do higiene pessoal di\u00e1ria, a s\u00f3s no banheiro, todos os dias. Usando uma f\u00f3rmula que me leve a pensar sobre o todo e a destacar as quest\u00f5es priorit\u00e1rias. &#8230;. assim generalizadas<br \/>\n&#8211; <strong>Pessoais<\/strong><br \/>\n(<strong>F\u00e9<\/strong>-Deus;<br \/>\n<strong>Devo\u00e7\u00e3o<br \/>\n<\/strong>Maria m\u00e3e de Jesus;<br \/>\nCateger\u00f3&nbsp; com o resgate de sua hist\u00f3ria;<br \/>\ne as Irmandades Religiosas de Miseric\u00f3rdia, Esperan\u00e7a, F\u00e9 e Amor \u00e0 Salva\u00e7\u00e3o do mundo de todas as cren\u00e7as;<br \/>\n<strong>&#8211; Familiares<\/strong> (Dos bisav\u00f3s (mesmo que n\u00e3o conhecidos, pessoalmente, procurando saber, quem sou e por onde vim) lembrar pai, m\u00e3e, tios sobrinhos, inclusive, com isonomia \u00e0 genealogia do c\u00f4njuge; lembrar todos da fam\u00edlia, mesmo as pessoais com as quais t\u00eam diverg\u00eancias; e quando for o caso netos &#8211; todos, inclusive e o mais abrangente;&nbsp;<strong>&nbsp;<br \/>\n&#8211; Sociais<\/strong> (amigos &#8211; o circulo rela de amizades, aqueles a quem apoia, por alguma quest\u00e3o, ou que \u00e9 apoiado, no servi\u00e7o, os pr\u00f3prios chefes e vizinhos e ex-vizinhos com quem mant\u00e9m v\u00ednculo ou afeto;<br \/>\n<strong>&#8211; Negociais<\/strong> &#8211; seu neg\u00f3cio, seu emprego, seus projetos, suas metas, colocando sempre que poss\u00edvel, sua agenda do dia, as decis\u00f5es importantes, ou at\u00e9 j\u00e1 as preparando anteriormente, lembrando do que vai acontecer e do que precisa.&nbsp;<\/address>\n<address style=\"padding-left: 180px;\">&nbsp;<\/address>\n<address style=\"padding-left: 180px;\"><strong>Eis o fechamento de tudo que ir\u00e1 pedir a Cristo<br \/>\ncom intersec\u00e7\u00e3o de Categer\u00f3:<\/strong><\/address>\n<address style=\"padding-left: 180px;\">Santo Antonio de Categer\u00f3,<\/address>\n<address style=\"padding-left: 180px;\">Rogai por n\u00f3s \u2026.<\/address>\n<address style=\"padding-left: 180px;\">Santo Antonio de Categer\u00f3,<\/address>\n<address style=\"padding-left: 180px;\">Ajuda-nos a perseverar neste caminho\u2026.<\/address>\n<address style=\"padding-left: 180px;\">Santo Antonio de Categer\u00f3,<\/address>\n<address style=\"padding-left: 180px;\">Seja nosso intercessor&nbsp;em Cristo\u2026.<\/address>\n<p style=\"padding-left: 180px;\">&nbsp;<\/p>\n<address style=\"padding-left: 180px;\">&nbsp;&nbsp;<\/address>\n<address style=\"padding-left: 180px;\">&nbsp;<\/address>\n<address><em><span style=\"color: #ff0000;\"><strong>Link &#8211; &nbsp;<a href=\"http:\/\/categero.org.br\/?p=11452\" target=\"_blank\" rel=\"noopener noreferrer\">Datas de Categer\u00f3<br \/>\n<\/a><\/strong><\/span><\/em><em><span style=\"color: #ff0000;\"><strong>Link &#8211; &nbsp;<span style=\"color: #000000;\"><a href=\"http:\/\/categero.org.br\/?p=11933\" target=\"_blank\" rel=\"noopener noreferrer\">Perfil, Linha do Tempo e Vaticano<\/a><\/span><\/strong><\/span><\/em><\/address>\n","protected":false},"excerpt":{"rendered":"<p>Link &#8211; &nbsp;Datas de Categer\u00f3 Link &#8211; &nbsp;Perfil, Linha do Tempo e Vaticano Meu ato de contri\u00e7\u00e3o Nossa proposta de contri\u00e7\u00e3o Eis me aqui Senhor, com Categer\u00f3 Nossa proposta de clamor Salve oh beato Ant\u00f4nio de Categer\u00f3 Nossa proposta de curti\u00e7\u00e3o \u00c0 canoniza\u00e7\u00e3o do Beato de Categer\u00f3 pelo Vaticano Nosso objetivo e encontro de todas [&hellip;]<\/p>\n","protected":false},"author":1,"featured_media":8262,"parent":3719,"menu_order":11,"comment_status":"open","ping_status":"open","template":"","meta":{"ngg_post_thumbnail":0,"footnotes":""},"class_list":["post-5022","page","type-page","status-publish","has-post-thumbnail","hentry"],"_links":{"self":[{"href":"https:\/\/categero.org.br\/antigo\/index.php?rest_route=\/wp\/v2\/pages\/5022","targetHints":{"allow":["GET"]}}],"collection":[{"href":"https:\/\/categero.org.br\/antigo\/index.php?rest_route=\/wp\/v2\/pages"}],"about":[{"href":"https:\/\/categero.org.br\/antigo\/index.php?rest_route=\/wp\/v2\/types\/page"}],"author":[{"embeddable":true,"href":"https:\/\/categero.org.br\/antigo\/index.php?rest_route=\/wp\/v2\/users\/1"}],"replies":[{"embeddable":true,"href":"https:\/\/categero.org.br\/antigo\/index.php?rest_route=%2Fwp%2Fv2%2Fcomments&post=5022"}],"version-history":[{"count":21,"href":"https:\/\/categero.org.br\/antigo\/index.php?rest_route=\/wp\/v2\/pages\/5022\/revisions"}],"predecessor-version":[{"id":13113,"href":"https:\/\/categero.org.br\/antigo\/index.php?rest_route=\/wp\/v2\/pages\/5022\/revisions\/13113"}],"up":[{"embeddable":true,"href":"https:\/\/categero.org.br\/antigo\/index.php?rest_route=\/wp\/v2\/pages\/3719"}],"wp:featuredmedia":[{"embeddable":true,"href":"https:\/\/categero.org.br\/antigo\/index.php?rest_route=\/wp\/v2\/media\/8262"}],"wp:attachment":[{"href":"https:\/\/categero.org.br\/antigo\/index.php?rest_route=%2Fwp%2Fv2%2Fmedia&parent=5022"}],"curies":[{"name":"wp","href":"https:\/\/api.w.org\/{rel}","templated":true}]}}