{"id":5018,"date":"2013-06-04T17:27:27","date_gmt":"2013-06-04T20:27:27","guid":{"rendered":"http:\/\/categero.org.br\/?page_id=5018"},"modified":"2019-02-12T17:18:23","modified_gmt":"2019-02-12T20:18:23","slug":"1a-oracao-de-minha-triologia","status":"publish","type":"page","link":"https:\/\/categero.org.br\/antigo\/?page_id=5018","title":{"rendered":"10\u00aa Ora\u00e7\u00e3o &#8211; Ato de Contri\u00e7\u00e3o a  Categer\u00f3"},"content":{"rendered":"<h4 style=\"text-align: right; padding-left: 30px;\"><em><span style=\"color: #ff0000;\"><strong>Link &#8211; \u00a0<a href=\"http:\/\/categero.org.br\/?p=11452\" target=\"_blank\" rel=\"noopener noreferrer\">Datas de Categer\u00f3<br \/><\/a><\/strong><\/span><\/em><em><span style=\"color: #ff0000;\"><strong>Link &#8211; \u00a0<span style=\"color: #000000;\"><a href=\"http:\/\/categero.org.br\/?p=11933\" target=\"_blank\" rel=\"noopener noreferrer\">Perfil, Linha do Tempo e Vaticano<\/a><\/span><\/strong><\/span><\/em><\/h4>\n<h3 style=\"text-align: center; padding-left: 30px;\"><img loading=\"lazy\" decoding=\"async\" class=\"aligncenter wp-image-11224\" src=\"http:\/\/categero.org.br\/wp-content\/uploads\/2016\/12\/3.-Categer\u00f3-Meio-corpo-Color.jpg\" alt=\"3-categero-meio-corpo-color\" width=\"174\" height=\"230\" srcset=\"https:\/\/categero.org.br\/antigo\/wp-content\/uploads\/2016\/12\/3.-Categer\u00f3-Meio-corpo-Color.jpg 482w, https:\/\/categero.org.br\/antigo\/wp-content\/uploads\/2016\/12\/3.-Categer\u00f3-Meio-corpo-Color-227x300.jpg 227w\" sizes=\"auto, (max-width: 174px) 100vw, 174px\" \/><\/h3>\n<h3 style=\"padding-left: 180px;\">\u00a0<\/h3>\n<h6 style=\"text-align: center;\"><strong>Ato de Contri\u00e7\u00e3o &#8211; <\/strong><strong>dos devotos de Categer\u00f3\u00a0<\/strong><\/h6>\n<p style=\"padding-left: 90px;\"><span style=\"margin: 0px; padding: 0cm; border: 1pt windowtext; color: blue; font-family: '&amp;quot',serif; font-size: 11pt;\">. <\/span><span style=\"margin: 0px; color: #222222; font-family: '&amp;quot',serif; font-size: 11pt;\">\u00a0\u00a0<\/span><\/p>\n<p>..<\/p>\n<address style=\"padding-left: 180px;\">Nesta minha contri\u00e7\u00e3o di\u00e1ria\u2026<br \/><span class=\"text_exposed_show\">Eis a vida do Beato Santo Ant\u00f4nio de Categer\u00f3.<\/span><br \/>Rogo a Deus todo poderoso<br \/>que nos instrua, inspire e auxilie <span class=\"text_exposed_show\"><br \/>em divulgar narrativas de condutas piedosas<br \/>e gra\u00e7as por Categer\u00f3, intercedias em Cristo.<br \/>A hist\u00f3ria de sua devo\u00e7\u00e3o, no Brasil e no Mundo,<br \/>e da proposi\u00e7\u00e3o de consagr\u00e1-lo<br \/>\u201cPadroeiro da Seguran\u00e7a P\u00fablica\u201d brasileira.<br \/>O resgate jur\u00eddico, das injusti\u00e7as e ofensas,<br \/>que ainda hoje, pesa, sob sua mem\u00f3ria can\u00f4nica.<br \/>Mas, principalmente, a justa, merecida e,<br \/>por tr\u00eas s\u00e9culos atrasada canoniza\u00e7\u00e3o.<br \/>que se requer seja consagrada,<br \/>em ressarcimento de preteri\u00e7\u00e3o,<br \/>a contar de 13 de abril 1599. <\/span><\/address><address style=\"padding-left: 180px;\">\u00a0<\/address>\n<p><span class=\"text_exposed_show\">\u00a0<\/span><\/p>\n<address style=\"padding-left: 180px;\">\n<p><span class=\"text_exposed_show\">Que o Pai Supremo \u2013 justo e caridoso,<br \/>amplie nossa rela\u00e7\u00e3o e experi\u00eancia<br \/>com o Esp\u00edrito Santo do Criador,<br \/>para melhor cumprimento dessa miss\u00e3o.<br \/>Miss\u00e3o ao resgate das injusti\u00e7as,<br \/>que ele, ainda hoje sofre&#8230; <br \/>Miss\u00e3o do avivamento \u00e0 sua canoniza\u00e7\u00e3o.<\/span><\/p>\n<p>\u00a0<\/p>\n<div class=\"text_exposed_show\">\n<p>Santo Ant\u00f3nio de Categer\u00f3,<br \/>Rogai por n\u00f3s \u2026.<br \/>Santo Ant\u00f3nio de Categer\u00f3,<br \/>Ajuda-nos a perseverar neste caminho\u2026.<br \/>Santo Ant\u00f3nio de Categer\u00f3,<br \/>Seja nosso intercessor em Cristo\u2026<\/p>\n<\/div>\n<\/address><address style=\"padding-left: 210px;\">\u00a0<\/address><address><em><span style=\"color: #ff0000;\"><strong>Link &#8211; \u00a0<a href=\"http:\/\/categero.org.br\/?p=11452\" target=\"_blank\" rel=\"noopener noreferrer\">Datas de Categer\u00f3<br \/><\/a><\/strong><\/span><\/em><em><span style=\"color: #ff0000;\"><strong>Link &#8211; \u00a0<span style=\"color: #000000;\"><a href=\"http:\/\/categero.org.br\/?p=11933\" target=\"_blank\" rel=\"noopener noreferrer\">Perfil, Linha do Tempo e Vaticano<\/a><\/span><\/strong><\/span><\/em><\/address>\n\n\n<p><\/p>\n","protected":false},"excerpt":{"rendered":"<p>Link &#8211; \u00a0Datas de Categer\u00f3Link &#8211; \u00a0Perfil, Linha do Tempo e Vaticano \u00a0 Ato de Contri\u00e7\u00e3o &#8211; dos devotos de Categer\u00f3\u00a0 . \u00a0\u00a0 .. Nesta minha contri\u00e7\u00e3o di\u00e1ria\u2026Eis a vida do Beato Santo Ant\u00f4nio de Categer\u00f3.Rogo a Deus todo poderosoque nos instrua, inspire e auxilie em divulgar narrativas de condutas piedosase gra\u00e7as por Categer\u00f3, intercedias [&hellip;]<\/p>\n","protected":false},"author":1,"featured_media":8262,"parent":3719,"menu_order":9,"comment_status":"open","ping_status":"open","template":"","meta":{"ngg_post_thumbnail":0,"footnotes":""},"class_list":["post-5018","page","type-page","status-publish","has-post-thumbnail","hentry"],"_links":{"self":[{"href":"https:\/\/categero.org.br\/antigo\/index.php?rest_route=\/wp\/v2\/pages\/5018","targetHints":{"allow":["GET"]}}],"collection":[{"href":"https:\/\/categero.org.br\/antigo\/index.php?rest_route=\/wp\/v2\/pages"}],"about":[{"href":"https:\/\/categero.org.br\/antigo\/index.php?rest_route=\/wp\/v2\/types\/page"}],"author":[{"embeddable":true,"href":"https:\/\/categero.org.br\/antigo\/index.php?rest_route=\/wp\/v2\/users\/1"}],"replies":[{"embeddable":true,"href":"https:\/\/categero.org.br\/antigo\/index.php?rest_route=%2Fwp%2Fv2%2Fcomments&post=5018"}],"version-history":[{"count":57,"href":"https:\/\/categero.org.br\/antigo\/index.php?rest_route=\/wp\/v2\/pages\/5018\/revisions"}],"predecessor-version":[{"id":13347,"href":"https:\/\/categero.org.br\/antigo\/index.php?rest_route=\/wp\/v2\/pages\/5018\/revisions\/13347"}],"up":[{"embeddable":true,"href":"https:\/\/categero.org.br\/antigo\/index.php?rest_route=\/wp\/v2\/pages\/3719"}],"wp:featuredmedia":[{"embeddable":true,"href":"https:\/\/categero.org.br\/antigo\/index.php?rest_route=\/wp\/v2\/media\/8262"}],"wp:attachment":[{"href":"https:\/\/categero.org.br\/antigo\/index.php?rest_route=%2Fwp%2Fv2%2Fmedia&parent=5018"}],"curies":[{"name":"wp","href":"https:\/\/api.w.org\/{rel}","templated":true}]}}