{"id":5,"date":"2010-09-27T22:11:10","date_gmt":"2010-09-27T22:11:10","guid":{"rendered":"http:\/\/www.categero.org.br\/?page_id=4"},"modified":"2014-02-21T13:38:00","modified_gmt":"2014-02-21T16:38:00","slug":"quem-e-categero","status":"publish","type":"page","link":"https:\/\/categero.org.br\/antigo\/?page_id=5","title":{"rendered":"2. Quem \u00e9 Categer\u00f3?"},"content":{"rendered":"<p style=\"text-align: center;\"><strong><span style=\"text-decoration: underline;\">Um escravo et\u00edope, assumido pela It\u00e1lia, em2 Noto e \u00c1vola<\/span><\/strong><\/p>\n<p style=\"text-align: center;\"><a href=\"http:\/\/categero.org.br\/wp-content\/uploads\/2010\/09\/2\u00aa-LT-Categero.jpg\"><img loading=\"lazy\" decoding=\"async\" class=\"aligncenter size-medium wp-image-8401\" alt=\"2\u00aa-LT-Categero\" src=\"http:\/\/categero.org.br\/wp-content\/uploads\/2010\/09\/2\u00aa-LT-Categero-300x149.jpg\" width=\"300\" height=\"149\" srcset=\"https:\/\/categero.org.br\/antigo\/wp-content\/uploads\/2010\/09\/2\u00aa-LT-Categero-300x149.jpg 300w, https:\/\/categero.org.br\/antigo\/wp-content\/uploads\/2010\/09\/2\u00aa-LT-Categero.jpg 397w\" sizes=\"auto, (max-width: 300px) 100vw, 300px\" \/><\/a><\/p>\n<p style=\"text-align: justify;\">Santo Ant\u00f3nio de Categer\u00f3 tem sua festa comemorada em 14 de mar\u00e7o &#8211; previsto no calend\u00e1rio oficial do Vaticano, sendo essa a data de sua morte. Tamb\u00e9m \u00e9 comemorado a 8 de janeiro, data em que se batizou (a mesma data atribu\u00edda a Jesus) e que ele considerou como seu verdadeiro nascimento. Foi um escravo que se tornou santo. Nasceu na Ciren\u00e1ica, uma regi\u00e3o do norte da \u00c1frica, no fim do s\u00e9culo XV. Na terra natal praticou a religi\u00e3o chamada Islamismo, fundada por Maom\u00e9.<\/p>\n<p style=\"text-align: justify;\">Depois, capturado como escravo foi levado para a ilha da Sic\u00edlia, sul da It\u00e1lia e vendido para um amo crist\u00e3o. Naquele tempo o escravo era comprado por um valor equivalente ao valor de dois cavalos. Bom e humilde, Ant\u00f4nio era chamado de Tio Ant\u00f3nio. Foi instru\u00eddo pelos patr\u00f5es sobre a vida e a miss\u00e3o de Jesus Cristo.<\/p>\n<p style=\"text-align: justify;\">Desse conhecimento de Jesus passou a amar o nosso Salvador e pediu para ser batizado. Tornou-se crist\u00e3o. N\u00e3o foi, por\u00e9m um crist\u00e3o comum, muito menos, um crist\u00e3o relaxado. Praticava a lei de Deus com todo o fervor. Amava a Deus, procurando estar sempre com Ele por meio da ora\u00e7\u00e3o. Procurava conhecer tamb\u00e9m a palavra de Deus na B\u00edblia. Orava muito, at\u00e9 durante a noite. Sempre se confessava e recebia Jesus na comunh\u00e3o. Como a vontade de Deus \u00e9 amemos tamb\u00e9m nossos irm\u00e3os, ele amava realmente o pr\u00f3ximo.<\/p>\n<p style=\"text-align: justify;\">Primeiramente, era muito trabalhador, cumprindo sempre as ordens de seu patr\u00e3o, que o encarregou de cuidar das ovelhas. Depois, tinha amor pelos pobres. Pedia ao povo da cidade onde morava, a cidade de Noto, esmolas e distribu\u00eda pelos pobres, alimento e roupas.Ajudava aos pobres tamb\u00e9m distribuindo leite e queijo das ovelhas. Uma vez o patr\u00e3o o proibiu de dar leite e queijo para os pobres. Ant\u00f3nio obedeceu. Ent\u00e3o a produ\u00e7\u00e3o diminuiu bastante. O patr\u00e3o viu que ia tomar preju\u00edzo.Mandou ent\u00e3o que Ant\u00f3nio continuasse a atender os pobres.E as ovelhas continuaram a produzir como antes, para alegria do patr\u00e3o. Deus deu a Ant\u00f3nio o dom de fazer milagres, de modo especial de curar pessoas. Muitos o procuravam para alcan\u00e7ar a sa\u00fade.<\/p>\n<p style=\"text-align: justify;\">Ant\u00f3nio humilde, dizia que ele n\u00e3o passava de um simples escravo do Senhor Jesus, s\u00f3 Deus tem poder de curar. Impunha as m\u00e3os aos enfermos, rezava e Deus curava. Depois de sua morte continuou a fazer muitos milagres. At\u00e9 hoje temos testemunhas de muitas pessoas que alcan\u00e7aram grandes gra\u00e7as por intercess\u00e3o de Santo Ant\u00f3nio de Categer\u00f3.<\/p>\n<p style=\"text-align: justify;\">Santo Ant\u00f3nio de Categer\u00f3, que tem a sua festa comemorada em 8 de janeiro, foi um escravo que se tornou santo. Nasceu na Ciren\u00e1ica, uma regi\u00e3o do norte da \u00c1frica, no fim do s\u00e9culo XV.<\/p>\n<p style=\"text-align: justify;\">Na terra natal praticou a religi\u00e3o chamada Islamismo, que foi fundada por Maom\u00e9. Depois, capturado como escravo, foi levado para a ilha da Sic\u00edlia, sul da It\u00e1lia. A\u00ed foi vendido para um senhor crist\u00e3o. Naquele tempo o escravo era comprado por um valor equivalente ao valor de dois cavalos. Muito bom e humilde, Ant\u00f4nio era chamado de Tio Ant\u00f4nio. Foi instru\u00eddo pelos patr\u00f5es sobre a vida e a miss\u00e3o de Jesus Cristo.<\/p>\n<p style=\"text-align: justify;\">Desse conhecimento de Jesus passou a amar o nosso Salvador e pediu para ser batizado. Tornou-se crist\u00e3o. N\u00e3o foi, por\u00e9m um crist\u00e3o comum, muito menos, um crist\u00e3o relaxado. Praticava a lei de Deus com todo o fervor. Amava a Deus, procurando estar sempre com Ele por meio da ora\u00e7\u00e3o. Procurava conhecer tamb\u00e9m a palavra de Deus na B\u00edblia. Orava muito, at\u00e9 durante a noite. Sempre se confessava e recebia Jesus na comunh\u00e3o. Como a vontade de Deus \u00e9 amemos tamb\u00e9m nossos irm\u00e3os, ele amava realmente o pr\u00f3ximo.<\/p>\n<p style=\"text-align: justify;\">Primeiramente, era muito trabalhador, cumprindo sempre as ordens de seu patr\u00e3o, que o encarregou de cuidar das ovelhas. Depois, tinha amor pelos pobres. Pedia ao povo da cidade onde morava, a cidade de Noto, esmolas, e distribu\u00eda pelos pobres, alimento e roupas.Ajudava aos pobres tamb\u00e9m distribuindo leite e queijo das ovelhas. Uma vez o patr\u00e3o o proibiu de dar leite e queijo para os pobres. Ant\u00f3nio obedeceu. Ent\u00e3o a produ\u00e7\u00e3o diminuiu bastante. O patr\u00e3o viu que ia tomar preju\u00edzo.Mandou ent\u00e3o que Ant\u00f3nio continuasse a atender os pobres.E as ovelhas continuaram a produzir como antes, para alegria do patr\u00e3o. Deus deu a Ant\u00f3nio o dom de fazer milagres, de modo especial de curar pessoas. Muitos o procuravam para alcan\u00e7ar a sa\u00fade.<\/p>\n<p style=\"text-align: justify;\">Ant\u00f4nio humilde, dizia que ele n\u00e3o passava de um simples escravo do Senhor Jesus, s\u00f3 Deus tem poder de curar. Impunha as m\u00e3os aos enfermos, rezava e Deus curava. Depois de sua morte continuou a fazer muitos milagres. At\u00e9 hoje temos testemunhas de muitas pessoas que alcan\u00e7aram grandes gra\u00e7as por intercess\u00e3o de Santo Ant\u00f3nio de Categer\u00f3. Era rigoroso observador dos dogmas e chamava a aten\u00e7\u00e3o de quem com ele estivesse que cometesse algum ato atentat\u00f3rio \u00e0 doutrina Crist\u00e3. N\u00e3o tolerava o uso indevido do nome de Deus em v\u00e3o. Um ros\u00e1rio e um crucifixo eram seus permanente companheiros tornando-se sua identifica\u00e7\u00e3o pict\u00f3rica para imagens e estampas.<\/p>\n<p style=\"text-align: justify;\"><strong><span style=\"text-decoration: underline;\">A devo\u00e7\u00e3o no Brasil atrav\u00e9s das Igrejas<\/span><\/strong><\/p>\n<p style=\"text-align: justify;\">Sua devo\u00e7\u00e3o foi trazida para o Brasil em 1699, para Salvador\/Bahia, na Matriz de S\u00e3o Pedro, onde foi fundada sua primeira irmandade. Logo em seguida os escravos constru\u00edram uma igreja a qual queriam para patrono o Beato Ant\u00f4nio de Categer\u00f3. Havendo impossibilidade dessa pretens\u00e3o, a igreja foi entregue para N\u00aa S\u00aa do Ros\u00e1rio, no Pelourinho, tamb\u00e9m em Salvador, hoje sendo um dos pontos tur\u00edsticos da Capital da Bahia, no Brasil. \u00c9 uma devo\u00e7\u00e3o que j\u00e1 conta com 313 anos de exist\u00eancia e a partir dali, Salvador\/Bahia percorreu o Brasil.<\/p>\n<p style=\"text-align: justify;\">Em Pernambuco existem tr\u00eas imagens que sabemos:Goiania \u2013\u00a0<a href=\"http:\/\/www.categero.org.br\/?page_id=79\">Museu da Cidade<\/a>;\u00a0Recife \u2013\u00a0<a href=\"http:\/\/www.categero.org.br\/?page_id=81\">Convento da Penha<\/a> e a\u00a0<a href=\"http:\/\/www.categero.org.br\/?page_id=83\">Igreja de Nossa Senhora do Ros\u00e1rio dos Pretos<\/a>.<\/p>\n<p style=\"text-align: justify;\">No Rio de Janeiro existem \u00a0algumas devo\u00e7\u00f5es Cat\u00f3licas Romanas bastante \u00a0antigas, centro antigo da cidade \u00a0<a href=\"http:\/\/www.categero.org.br\/?page_id=96\">Igreja da Lampadosa<\/a>,\u00a0<a href=\"http:\/\/www.categero.org.br\/?page_id=107\">Igreja de Santo Elesb\u00e3o e Santa Efig\u00eania<\/a>, \u00a0e\u00a0a\u00a0<a href=\"http:\/\/www.categero.org.br\/?page_id=570\">Igreja da Ordem Terceira de S\u00e3o Francisco da Penit\u00eancia<\/a> (onde h\u00e1 um complexo cultural e museu sacro) e na cidade de\u00a0Campos na\u00a0<a href=\"http:\/\/www.categero.org.br\/?page_id=1500\">Igreja N\u00aaS\u00aa da Concei\u00e7\u00e3o<\/a>; Ainda no Rio de Janeiro, no bairro da Penha a<a href=\"http:\/\/www.categero.org.br\/?page_id=111\">Par\u00f3quia Nossa Senhora da Anuncia\u00e7\u00e3o<\/a>, Cat\u00f3lica Ortodoxa Grega (onde h\u00e1 um pequeno museu do Beato Ant\u00f4nio de Categer\u00f3).<\/p>\n<p style=\"text-align: justify;\">Em Minas Gerais, n\u00e3o o sabemos na Capital Belo Horizonte, mas h\u00e1 9 cidades interioranas e perif\u00e9ricas que possuem imagem do Beato. S\u00e3o elas: Vila Rica \u2013\u00a0<a href=\"http:\/\/www.categero.org.br\/?page_id=229\">Igreja de Nossa Senhora do Ros\u00e1rio<\/a>; Passos \u2013\u00a0<a href=\"http:\/\/www.categero.org.br\/?page_id=932\">Par\u00f3quia S\u00e3o Benedito<\/a>;\u00a0Milho Verde \u2013 Igreja\u00a0<a href=\"http:\/\/www.categero.org.br\/?page_id=1053\">Matriz N\u00aa S\u00aa dos Prazeres<\/a>;\u00a0Baldim \u2013 Igreja\u00a0<a href=\"http:\/\/www.categero.org.br\/?page_id=1168\">ou Capela n\u00e3o identificada<\/a>;\u00a0Ouro Preto \u2013\u00a0<a href=\"http:\/\/www.categero.org.br\/?page_id=1175\">Igreja de Santa Efig\u00eania<\/a>;\u00a0Sabar\u00e1 \u2013\u00a0<a href=\"http:\/\/www.categero.org.br\/?page_id=1208\">Par\u00f3quia Nossa Senhora do Ros\u00e1rio<\/a>;\u00a0MG\/S\u00e3o Jo\u00e3o Del Rei \u2013\u00a0<a href=\"http:\/\/www.categero.org.br\/?page_id=1471\">Igreja da Irmandade do Ros\u00e1rio<\/a>;\u00a0Tiradentes \u2013\u00a0<a href=\"http:\/\/www.categero.org.br\/?page_id=1472\">Igreja Ros\u00e1rio dos Pretos<\/a>;\u00a0tapecerica \u2013\u00a0<a href=\"http:\/\/www.categero.org.br\/?page_id=1503\">Igreja N\u00aa S\u00aa do Ros\u00e1rio<\/a>.<\/p>\n<p style=\"text-align: justify;\">No Estado de S\u00e3o Paulo, tamb\u00e9m existem devo\u00e7\u00f5es antigas. H\u00e1 abund\u00e2ncia de igrejas com imagens do beato em templos cat\u00f3licos Romanos, como:\u00a0<a href=\"http:\/\/www.categero.org.br\/?page_id=113\">Igreja das Chagas do Ser\u00e1fico Pai S\u00e3o Farncisco (ordem 3\u00aa) ou tamb\u00e9m da Penit\u00eancia<\/a>;\u00a0<a href=\"http:\/\/www.categero.org.br\/?page_id=116\">Capela de N\u00aa S\u00aa dos Aflitos<\/a>;\u00a0\u00a0<a href=\"http:\/\/www.categero.org.br\/?page_id=119\">Igreja da Irmandade de N\u00aa S\u00aa do Ros\u00e1rio dos Pretos<\/a>;\u00a0\u00a0<a href=\"http:\/\/www.categero.org.br\/?page_id=124\">Igreja de Nossa Senhora da Acripta<\/a>;\u00a0\u00a0<a href=\"http:\/\/www.categero.org.br\/?page_id=133\">Igreja de Santa Cruz das Almas Enforcadas<\/a>;\u00a0\u00a0<a href=\"http:\/\/www.categero.org.br\/?page_id=136\">Igreja de Santa Edviges<\/a>;\u00a0\u00a0<a href=\"http:\/\/www.categero.org.br\/?page_id=138\">Igreja de Santo Amaro<\/a>;\u00a0\u00a0<a href=\"http:\/\/www.categero.org.br\/?page_id=141\">Matriz de N\u00aa S\u00aa do \u00d3<\/a> todos na Capital. No Interior: Ilha Comprida\u00a0\u2013\u00a0<a href=\"http:\/\/www.categero.org.br\/?page_id=1183\">Capela Santo Ant\u00f4nio de Catiger\u00f3<\/a> e\u00a0Itu \u2013\u00a0<a href=\"http:\/\/www.categero.org.br\/?page_id=1275\">Igreja de Nossa Senhora da Candel\u00e1ria<\/a>; H\u00e1 ainda na cidade de S\u00e3o Paulo um Santu\u00e1rio de igreja cat\u00f3lica Brasileira, com uma ampla gruta, fora da igreja principal, dedica ao Beato Ant\u00f4nio de Categer\u00f3.<\/p>\n<p style=\"text-align: justify;\">Na regi\u00e3o Sul do Brasil no Estado de Santa Catarina, Florian\u00f3polis \u00a0a Igreja de S\u00e3o Francisco. No Estado do Rio Grande do Sul quatro igreja de Porto Alegre e duas no Interior.\u00a0Canoas \u2013\u00a0<a href=\"http:\/\/www.categero.org.br\/?page_id=178\">Igreja S\u00e3o Paulo Ap\u00f3stolo<\/a>;\u00a0Cap\u00e3o da Canoa \u2013\u00a0<a href=\"http:\/\/www.categero.org.br\/?page_id=183\">Igreja de S\u00e3o Jos\u00e9<\/a>;\u00a0Porto Alegre \u2013\u00a0<a href=\"http:\/\/www.categero.org.br\/?page_id=186\">Igreja de S\u00e3o Carlos<\/a>;\u00a0\u2013\u00a0<a href=\"http:\/\/www.categero.org.br\/2-altares-da-fe\/6-regiao-sulbr\/igreja-sao-fra%E2%80%A6lorianopolissc\/\">Igreja S\u00e3o Francisco de Assis<\/a>;\u00a0\u2013\u00a0<a href=\"http:\/\/www.categero.org.br\/?page_id=201\">Par\u00f3quia Nossa Senhora das Gra\u00e7as<\/a> e\u00a0\u2013\u00a0<a href=\"http:\/\/www.categero.org.br\/?page_id=209\">Santu\u00e1rio de Nossa Senhora Aparecida<\/a>;<\/p>\n<p style=\"text-align: justify;\">Este \u00e9 um rol de locais de devo\u00e7\u00e3o que n\u00e3o inclui uma s\u00e9rie de locais como empresas, quart\u00e9is e particulares que mant\u00e9m altar para devo\u00e7\u00e3o p\u00fablica. Em Salvador na Bahia est\u00e1 h\u00e1 mais de 300 anos, j\u00e1 no extremo sul do Brasil est\u00e1 h\u00e1 quatro d\u00e9cadas. Mas \u00e9 um fen\u00f4meno sua expans\u00e3o no territ\u00f3rio brasileiro haja vista que, apesar de franciscano, n\u00e3o \u00e9 levado por essa ou outra \u00a0ordem religiosa. O desenvolvimento de sua f\u00e9 j\u00e1 atinge os pa\u00edses de l\u00edngua espanhola da Am\u00e9rica Latina.<\/p>\n<p style=\"text-align: justify;\">\n","protected":false},"excerpt":{"rendered":"<p>Um escravo et\u00edope, assumido pela It\u00e1lia, em2 Noto e \u00c1vola Santo Ant\u00f3nio de Categer\u00f3 tem sua festa comemorada em 14 de mar\u00e7o &#8211; previsto no calend\u00e1rio oficial do Vaticano, sendo essa a data de sua morte. Tamb\u00e9m \u00e9 comemorado a 8 de janeiro, data em que se batizou (a mesma data atribu\u00edda a Jesus) e [&hellip;]<\/p>\n","protected":false},"author":1,"featured_media":8401,"parent":7192,"menu_order":3,"comment_status":"closed","ping_status":"closed","template":"","meta":{"ngg_post_thumbnail":0,"footnotes":""},"class_list":["post-5","page","type-page","status-publish","has-post-thumbnail","hentry"],"_links":{"self":[{"href":"https:\/\/categero.org.br\/antigo\/index.php?rest_route=\/wp\/v2\/pages\/5","targetHints":{"allow":["GET"]}}],"collection":[{"href":"https:\/\/categero.org.br\/antigo\/index.php?rest_route=\/wp\/v2\/pages"}],"about":[{"href":"https:\/\/categero.org.br\/antigo\/index.php?rest_route=\/wp\/v2\/types\/page"}],"author":[{"embeddable":true,"href":"https:\/\/categero.org.br\/antigo\/index.php?rest_route=\/wp\/v2\/users\/1"}],"replies":[{"embeddable":true,"href":"https:\/\/categero.org.br\/antigo\/index.php?rest_route=%2Fwp%2Fv2%2Fcomments&post=5"}],"version-history":[{"count":11,"href":"https:\/\/categero.org.br\/antigo\/index.php?rest_route=\/wp\/v2\/pages\/5\/revisions"}],"predecessor-version":[{"id":8413,"href":"https:\/\/categero.org.br\/antigo\/index.php?rest_route=\/wp\/v2\/pages\/5\/revisions\/8413"}],"up":[{"embeddable":true,"href":"https:\/\/categero.org.br\/antigo\/index.php?rest_route=\/wp\/v2\/pages\/7192"}],"wp:featuredmedia":[{"embeddable":true,"href":"https:\/\/categero.org.br\/antigo\/index.php?rest_route=\/wp\/v2\/media\/8401"}],"wp:attachment":[{"href":"https:\/\/categero.org.br\/antigo\/index.php?rest_route=%2Fwp%2Fv2%2Fmedia&parent=5"}],"curies":[{"name":"wp","href":"https:\/\/api.w.org\/{rel}","templated":true}]}}