{"id":4677,"date":"2012-02-26T18:56:31","date_gmt":"2012-02-26T21:56:31","guid":{"rendered":"http:\/\/www.categero.org.br\/?page_id=4677"},"modified":"2016-11-03T20:33:23","modified_gmt":"2016-11-03T23:33:23","slug":"tia-eliza-de-categero","status":"publish","type":"page","link":"https:\/\/categero.org.br\/antigo\/?page_id=4677","title":{"rendered":"VIP s\u00e3o os devotos plenos ao Beato Ant\u00f4nio de Categer\u00f3: Tia Eliza (SP)"},"content":{"rendered":"<p><a href=\"http:\/\/www.categero.org.br\/wp-content\/uploads\/2012\/02\/2.-Categer\u00f3-72-dpi-Color.jpg\"><img loading=\"lazy\" decoding=\"async\" class=\"aligncenter size-medium wp-image-4241\" title=\"2. Categer\u00f3 72 dpi Color\" src=\"http:\/\/www.categero.org.br\/wp-content\/uploads\/2012\/02\/2.-Categer\u00f3-72-dpi-Color-202x300.jpg\" alt=\"\" width=\"202\" height=\"300\" \/><\/a><\/p>\n<p style=\"text-align: center;\">Que o Beato Ant\u00f4nio de Categer\u00f3 nos alimente com sua f\u00e9.<br \/>\nObrigado Tia Eliza de Categer\u00f3 Maior VIP laico brasileiro contempor\u00e2neo<\/p>\n<p>&nbsp;<br \/>\n<a href=\"http:\/\/www.categero.org.br\/wp-content\/uploads\/2012\/02\/Eliza-de-Categero-3.jpg\"><img loading=\"lazy\" decoding=\"async\" class=\"aligncenter size-medium wp-image-4679\" title=\"Eliza de Categero 3\" src=\"http:\/\/www.categero.org.br\/wp-content\/uploads\/2012\/02\/Eliza-de-Categero-3-300x225.jpg\" alt=\"\" width=\"300\" height=\"225\" \/><\/a><\/p>\n<p>Nome: Maria Eliza Pereira de Luca<\/p>\n<p>Local nascimento: Rio de Janeiro (Carioca)<\/p>\n<p>Data nascimento: 16 de dezembro<\/p>\n<p>Cidade de resid\u00eancia: S\u00e3o Paulo, capital do Estado paulista.<\/p>\n<p>Atividade profissional: Hoje ela s\u00f3 se dedica \u00e0s causas religiosas em sua devo\u00e7\u00e3o. Mas exercia o magist\u00e9rio no at\u00e9 1994 no Estado do Rio de Janeiro.<\/p>\n<p>Atividade religiosa: Criou um p\u00e1gina no Orkut em 08\/12\/2004 que \u00e9 uma das primeiras refer\u00eancias eletr\u00f4nicas dedicadas ao Beato. Tem junto a sua resid\u00eancias uma Capela Particular dedicada ao Beato Ant\u00f4nio de Categer\u00f3, onde s\u00e3o oficiados sacramentos da igreja cat\u00f3lica por cl\u00e9rigos vinculados \u00e0s igrejas paulistas com forte devo\u00e7\u00e3o de Categer\u00f3. \u00c9 a mais destacada atua\u00e7\u00e3o de devo\u00e7\u00e3o em n\u00edvel nacional da igreja cat\u00f3lica promovida por uma leiga.<br \/>\nPor isso nosso reconhecimento em t\u00ea-la como uma V.I.P. da devo\u00e7\u00e3o ao Beato Ant\u00f4nio de Categer\u00f3.<\/p>\n<p>Postagens sobre Eliza:<\/p>\n<p><a href=\"http:\/\/www.categero.org.br\/o-que-seja-de-mais-atual-sobre-categero\/tia-eliza-de-categero\/\">Tia Eliza de Categer\u00f3<\/a>; \u00a0\u00a0<a href=\"http:\/\/www.categero.org.br\/o-que-seja-de-mais-atual-sobre-categero\/categero-na-recupecao-de-drogado\/\">Categer\u00f3 na recupe\u00e7\u00e3o de drogado<\/a>; \u00a0 \u00a0<a href=\"http:\/\/www.categero.org.br\/o-que-seja-de-mais-atual-sobre-categero\/eliza-de-categero\/\">Eliza de Categer\u00f3<\/a>; \u00a0 \u00a0<a href=\"http:\/\/www.categero.org.br\/2-altares-da-fe\/5-regiao-sudeste-br\/sao-paulosp-particular-d-elisa\/\">SP\/S\u00e3o Paulo \u2013 Particular D. Eliza<\/a>; \u00a0 \u00a0<a href=\"http:\/\/categero.org.br\/?p=9241\">Perfil e dados<\/a>;<\/p>\n<p><a href=\"http:\/\/www.categero.org.br\/wp-content\/uploads\/2012\/02\/Baner-VIP-Tia-Eliza.jpg\"><img loading=\"lazy\" decoding=\"async\" class=\"aligncenter size-medium wp-image-4681\" title=\"Baner VIP Tia Eliza\" src=\"http:\/\/www.categero.org.br\/wp-content\/uploads\/2012\/02\/Baner-VIP-Tia-Eliza-300x150.jpg\" alt=\"\" width=\"300\" height=\"150\" \/><\/a><\/p>\n","protected":false},"excerpt":{"rendered":"<p>Que o Beato Ant\u00f4nio de Categer\u00f3 nos alimente com sua f\u00e9. Obrigado Tia Eliza de Categer\u00f3 Maior VIP laico brasileiro contempor\u00e2neo &nbsp; Nome: Maria Eliza Pereira de Luca Local nascimento: Rio de Janeiro (Carioca) Data nascimento: 16 de dezembro Cidade de resid\u00eancia: S\u00e3o Paulo, capital do Estado paulista. Atividade profissional: Hoje ela s\u00f3 se dedica [&hellip;]<\/p>\n","protected":false},"author":1,"featured_media":8460,"parent":3766,"menu_order":4,"comment_status":"open","ping_status":"open","template":"","meta":{"ngg_post_thumbnail":0,"footnotes":""},"class_list":["post-4677","page","type-page","status-publish","has-post-thumbnail","hentry"],"_links":{"self":[{"href":"https:\/\/categero.org.br\/antigo\/index.php?rest_route=\/wp\/v2\/pages\/4677","targetHints":{"allow":["GET"]}}],"collection":[{"href":"https:\/\/categero.org.br\/antigo\/index.php?rest_route=\/wp\/v2\/pages"}],"about":[{"href":"https:\/\/categero.org.br\/antigo\/index.php?rest_route=\/wp\/v2\/types\/page"}],"author":[{"embeddable":true,"href":"https:\/\/categero.org.br\/antigo\/index.php?rest_route=\/wp\/v2\/users\/1"}],"replies":[{"embeddable":true,"href":"https:\/\/categero.org.br\/antigo\/index.php?rest_route=%2Fwp%2Fv2%2Fcomments&post=4677"}],"version-history":[{"count":8,"href":"https:\/\/categero.org.br\/antigo\/index.php?rest_route=\/wp\/v2\/pages\/4677\/revisions"}],"predecessor-version":[{"id":11035,"href":"https:\/\/categero.org.br\/antigo\/index.php?rest_route=\/wp\/v2\/pages\/4677\/revisions\/11035"}],"up":[{"embeddable":true,"href":"https:\/\/categero.org.br\/antigo\/index.php?rest_route=\/wp\/v2\/pages\/3766"}],"wp:featuredmedia":[{"embeddable":true,"href":"https:\/\/categero.org.br\/antigo\/index.php?rest_route=\/wp\/v2\/media\/8460"}],"wp:attachment":[{"href":"https:\/\/categero.org.br\/antigo\/index.php?rest_route=%2Fwp%2Fv2%2Fmedia&parent=4677"}],"curies":[{"name":"wp","href":"https:\/\/api.w.org\/{rel}","templated":true}]}}