{"id":460,"date":"2010-10-02T23:51:03","date_gmt":"2010-10-02T23:51:03","guid":{"rendered":"http:\/\/www.categero.org.br\/?page_id=460"},"modified":"2013-12-13T09:30:59","modified_gmt":"2013-12-13T12:30:59","slug":"2010set-a-devocao-comparada-entre-as-regioes-brasileiraspoa-rs","status":"publish","type":"page","link":"https:\/\/categero.org.br\/antigo\/?page_id=460","title":{"rendered":"2010(set) &#8211; A devo\u00e7\u00e3o comparada entre as Regi\u00f5es brasileiras\/Poa-RS"},"content":{"rendered":"<p style=\"text-align: center;\"><strong>Um primeiro balan\u00e7o do Portal<\/strong><\/p>\n<p>O Portal elabora seu primeiro texto sobre as informa\u00e7\u00f5es que est\u00e1 buscando, coletando e publicando. Quer tamb\u00e9m process\u00e1-las e p\u00f4-las \u00e0 discuss\u00e3o dos internautas.<\/p>\n<p>Neste primeiro &#8220;paper&#8221; busca estudar a forma de como a devo\u00e7\u00e3o a Santo Ant\u00f4nio de Categer\u00f3 se acomoda no territ\u00f3rio brasileiro. \u00c9 uma avalia\u00e7\u00e3o superficial com base no contato em que pesquisar o tang\u00edvel, como aspecto devocional, pode ser ao mesmo tempo,  em algumas circunst\u00e2ncias um outro motivo, pois essa mesma circunst\u00e2ncia, tamb\u00e9m pode ser catalogada como uma tarefa n\u00e3o devocional. \u00c9 o caso, entre outros, de aparentemente enquadrarem-se as Monografias, Disserta\u00e7\u00f5es e Teses, como atividades acad\u00eamicas. Mas, mesmo assim, fica dif\u00edcil excluir a quest\u00e3o da devo\u00e7\u00e3o e, alegar uma curiosidade muito particular. N\u00e3o haver\u00e1 algum  interesse sociol\u00f3gico, sem que se lhe  haja alguma simpatia. Outras circunst\u00e2ncias que ser\u00e3o trabalhadas, tamb\u00e9m, poder\u00e3o serem tratadas por enfoque an\u00e1logo.<\/p>\n<p>A an\u00e1lise se circunscreve ao \u201cPortal categero.org.br\u201d, ou pelo menos, em tudo que j\u00e1 foi poss\u00edvel ser arrecadado por ele e para ele. Tamb\u00e9m devem ser consideradas as quest\u00f5es de cadastramento da primeira centena de fatos e documentos. Quando atingirmos a quantidade de duzentas informa\u00e7\u00f5es, essa an\u00e1lise dever\u00e1 sofrer uma cr\u00edtica a luz da acumula\u00e7\u00e3o dos novos dados sobre Categer\u00f3.<\/p>\n<p>Em sendo a primeira an\u00e1lise, alguns conceitos ser\u00e3o estabelecidos para facilitar que a busca e coleta de dados seja avaliada nos mesmos par\u00e2metros e que, algumas vari\u00e1veis, fiquem estruturadas \u00e0s digress\u00f5es futuras. At\u00e9 porque, tamb\u00e9m poder\u00e1 ser \u00fatil \u00e0s pessoas que simpatizando com Categer\u00f3 e, com a proposta de nosso Portal, desejarem fazer alguma contribui\u00e7\u00e3o no campo te\u00f3rico.<\/p>\n<p>S\u00e3o norteadores dessa classifica\u00e7\u00e3o e categoriza\u00e7\u00e3o de nossa conceitua\u00e7\u00e3o a \u201cLinha do tempo\u201d para a hist\u00f3ria total de Categer\u00f3, a sua Biografia, a\u201cHist\u00f3ria da devo\u00e7\u00e3o\u201d com  suas segmenta\u00e7\u00f5es temporais e a tipologia dos agentes circunstanciais b\u00e1sicos a serem usados na narrativa hist\u00f3rica.<\/p>\n<p>O primeiro de todos os aspectos \u00e9 o da \u201cLinha do tempo\u201d. Para isto, fixaremos como:<\/p>\n<p>1\u00ba &#8211; Biografia de Categer\u00f3 \u00e9 a sua vida terrena, a sua morte, as manifesta\u00e7\u00f5es de suas gra\u00e7as, at\u00e9 o andamento de seu processo de beatifica\u00e7\u00e3o. Ou tamb\u00e9m, denominada de 1\u00aa fase, da devo\u00e7\u00e3o a Categer\u00f3. O ponto de refer\u00eancia mais significativo de seu encerramento \u00e9 o terremoto de 1693 que destruiu parte da cidade de Noto, na It\u00e1lia e, a igreja onde se encontravam os restos mortais do Beato.<\/p>\n<p>2\u00ba &#8211; A 2\u00aa fase da hist\u00f3ria da devo\u00e7\u00e3o se considera o \u201csurgimento da f\u00e9 ultramarina\u201d, ou seja como se transplantou de Noto, na It\u00e1lia  para Lisboa em Portugal e, de l\u00e1, para Salvador\/BA, no Brasil. E ainda, na mesma linha de racioc\u00ednio como avan\u00e7ou para a Rep\u00fablica do Congo e a a costa da Eti\u00f3pia. O ponto de refer\u00eancia mais significativo de seu encerramento \u00e9 1699 com instala\u00e7\u00e3o da Irmandade de Santo  de Categer\u00f3 em Salvador\/BA, no Brasil.<\/p>\n<p>3\u00ba &#8211; A 3\u00aa fase da hist\u00f3ria da devo\u00e7\u00e3o se considera o \u201cflorescimento da f\u00e9 no Brasil\u201d e seu avan\u00e7o pelo territ\u00f3rio brasileiro desde a regi\u00e3o nordeste, onde se situa Salvador\/BA. A expans\u00e3o para Pernambuco e regi\u00e3o norte, para a Regi\u00e3o sudeste brasileira (Rio de Janeiro e S\u00e3o Paulo), at\u00e9 o extremo sul do pa\u00eds. O ponto de refer\u00eancia mais significativo de seu encerramento \u00e9 1987, quando o monsenhor Salvatore Guastella, consigna como o \u201cRenascimento de Categer\u00f3, que veio do Brasil&#8221;.<\/p>\n<p>4\u00ba &#8211; A 4\u00aa fase da hist\u00f3ria da devo\u00e7\u00e3o se considera a universaliza\u00e7\u00e3o de Categer\u00f3 que, teve e ainda deve ter, devotos e admiradores em tr\u00eas dos continente do Mundo. Europa, Am\u00e9ricas e \u00c1frica. Na d\u00e9cada de 90 existiam cat\u00f3licos que n\u00e3o conhecendo Categer\u00f3 e, sendo ele venerado por outros crit\u00e3os cat\u00f3licos n\u00e3o romanos, como os Cat\u00f3licos Apost\u00f3licos Brasileiros e os Cat\u00f3licos Ap\u00f3stolicos Sirianos, infestavam a internet com meias verdades, levantando d\u00favidas sobre o Beato Ant\u00f4nio de Categer\u00f3. O Senhor foi justo e no final da primeira d\u00e9cada, deste s\u00e9culo, o problema se circunscreveu em algumas p\u00e1ginas impuras de um \u00fanico portal.<\/p>\n<p>Mas a tipologia dos agentes circunstanciais b\u00e1sicos a serem usados na narrativa hist\u00f3rica ser\u00e1 essencialmente tudo que diga respeito a:<br \/>\n&#8211; Santo Ant\u00f4nio de Categer\u00f3;\u00a0&#8211; Santo Ant\u00f4nio de Noto; \u00a0&#8211; Santo Ant\u00f4nio Et\u00edope; \u00a0&#8211; Santo Ant\u00f4nio de Cartagena; \u00a0&#8211; Santo Ant\u00f4nio de Cartagerona; \u00a0&#8211; Santo Ant\u00f4nio de Cartigerona; &#8211; Santo Ant\u00f4nio de Catalagerona; \u00a0&#8211; Santo Ant\u00f4nio de Calatagerona; \u00a0&#8211;\u00a0Santo Ant\u00f4nio de Catiger\u00f3;\u00a0&#8211;\u00a0Santo Ant\u00f4nio de Categir\u00f3.<\/p>\n<p>Os outros agentes est\u00e3o nas a\u00e7\u00f5es de manifesta\u00e7\u00e3o da f\u00e9 primeira como o &#8220;Altar da f\u00e9&#8221; cadastrando todos os locais em que exista uma imagem de Categer\u00f3, de alguma forma, dispon\u00edvel para a venera\u00e7\u00e3o; Como, tamb\u00e9m, a manifesta\u00e7\u00e3o de f\u00e9 nas poesias, hinos, op\u00fasculos, livros, publica\u00e7\u00f5es diversas, nas m\u00fasicas sacras e n\u00e3o sacras, telenovelas, as monografias, disserta\u00e7\u00f5es e Teses, tudo que \u00a0produzido possa direta ou indiretamente dar visibilidade e aumentar a difus\u00e3o e melhor entendimento do beato. Como manifesta\u00e7\u00e3o de f\u00e9, tamb\u00e9m, s\u00e3o as pessoas cujos pais\u00a0inclu\u00edram\u00a0em seus nomes a designa\u00e7\u00e3o gent\u00edlica do vener\u00e1vel Ant\u00f4nio. Todo aquele cujo nome sofreu uma corruptela lingu\u00edstica conseq\u00fcente de erro do registro como Categir\u00f3, Catigir\u00f3 e Catiger\u00f3. E ainda, as institui\u00e7\u00f5es, ONGs e empresas que buscaram tamb\u00e9m, tais nomes, assim como os logradouros p\u00fablicos (ruas, pra\u00e7as e avenidas), e dos atos mais sagrados da devo\u00e7\u00e3o como ora\u00e7\u00f5es, novenas, prociss\u00f5es e festas religiosas.<\/p>\n<p>Com estes pressupostos b\u00e1sicos ou analisando o atual estado da arte de nossa produ\u00e7\u00e3o de informa\u00e7\u00f5es sobre Santo Ant\u00f4nio de Categer\u00f3 no Portal, elaboramos as seguintes considera\u00e7\u00f5es a de conclus\u00e3o.<\/p>\n<p>A devo\u00e7\u00e3o de Categer\u00f3 tem maior densidade na regi\u00e3o sudeste brasileira. Nela h\u00e1 devo\u00e7\u00e3o no sentido lato e h\u00e1 tamb\u00e9m trabalhos acad\u00eamicos engajados. Na regi\u00e3o nordeste, ber\u00e7o que deu origem a toda devo\u00e7\u00e3o nacional, nos parece ter uma devo\u00e7\u00e3o muito localizada na tradi\u00e7\u00e3o no \u201cPelourinho\u201d. No entanto quanto aos trabalhos acad\u00eamicos, para haver maior quantidade e as iniciativas intelectuais e art\u00edsticas multifacetam todas as quest\u00f5es hist\u00f3ricas e etnogr\u00e1ficas com transversalidade ao pr\u00f3prio Categer\u00f3.<\/p>\n<p>Assim, tomamos por base os locais cadastrados para devo\u00e7\u00e3o em nosso portal e temos: s\u00f3 um local da regi\u00e3o norte e nenhuma da regi\u00e3o centro-oeste. J\u00e1 a regi\u00e3o sul, onde categer\u00f3 vai chegar, ao final dos anos 90, h\u00e1 evid\u00eancias de um crescimento acentuado e baseado s\u00f3 na devo\u00e7\u00e3o.<\/p>\n<p>Nosso estat\u00edstica atual de \u201cAltares da f\u00e9\u201d \u00e9 de:<br \/>\nzero na Regi\u00e3o Centro-Oeste,<br \/>\n1 (um) na Regi\u00e3o Norte,<br \/>\n5 (cinco)na Regi\u00e3o Nordeste,<br \/>\n13 (treze) na Regi\u00e3o Sudeste e<br \/>\n10 (dez)na Regi\u00e3o Sul.<\/p>\n","protected":false},"excerpt":{"rendered":"<p>Um primeiro balan\u00e7o do Portal O Portal elabora seu primeiro texto sobre as informa\u00e7\u00f5es que est\u00e1 buscando, coletando e publicando. Quer tamb\u00e9m process\u00e1-las e p\u00f4-las \u00e0 discuss\u00e3o dos internautas. Neste primeiro &#8220;paper&#8221; busca estudar a forma de como a devo\u00e7\u00e3o a Santo Ant\u00f4nio de Categer\u00f3 se acomoda no territ\u00f3rio brasileiro. \u00c9 uma avalia\u00e7\u00e3o superficial com [&hellip;]<\/p>\n","protected":false},"author":1,"featured_media":0,"parent":3846,"menu_order":0,"comment_status":"closed","ping_status":"closed","template":"","meta":{"ngg_post_thumbnail":0,"footnotes":""},"class_list":["post-460","page","type-page","status-publish","hentry"],"_links":{"self":[{"href":"https:\/\/categero.org.br\/antigo\/index.php?rest_route=\/wp\/v2\/pages\/460","targetHints":{"allow":["GET"]}}],"collection":[{"href":"https:\/\/categero.org.br\/antigo\/index.php?rest_route=\/wp\/v2\/pages"}],"about":[{"href":"https:\/\/categero.org.br\/antigo\/index.php?rest_route=\/wp\/v2\/types\/page"}],"author":[{"embeddable":true,"href":"https:\/\/categero.org.br\/antigo\/index.php?rest_route=\/wp\/v2\/users\/1"}],"replies":[{"embeddable":true,"href":"https:\/\/categero.org.br\/antigo\/index.php?rest_route=%2Fwp%2Fv2%2Fcomments&post=460"}],"version-history":[{"count":3,"href":"https:\/\/categero.org.br\/antigo\/index.php?rest_route=\/wp\/v2\/pages\/460\/revisions"}],"predecessor-version":[{"id":6008,"href":"https:\/\/categero.org.br\/antigo\/index.php?rest_route=\/wp\/v2\/pages\/460\/revisions\/6008"}],"up":[{"embeddable":true,"href":"https:\/\/categero.org.br\/antigo\/index.php?rest_route=\/wp\/v2\/pages\/3846"}],"wp:attachment":[{"href":"https:\/\/categero.org.br\/antigo\/index.php?rest_route=%2Fwp%2Fv2%2Fmedia&parent=460"}],"curies":[{"name":"wp","href":"https:\/\/api.w.org\/{rel}","templated":true}]}}