{"id":4599,"date":"2012-02-22T15:37:56","date_gmt":"2012-02-22T18:37:56","guid":{"rendered":"http:\/\/www.categero.org.br\/?page_id=4599"},"modified":"2014-01-30T16:29:07","modified_gmt":"2014-01-30T19:29:07","slug":"angola-citacao-historica-de-categero","status":"publish","type":"page","link":"https:\/\/categero.org.br\/antigo\/?page_id=4599","title":{"rendered":"\u00c1frica &#8211; Angola: cita\u00e7\u00e3o hist\u00f3rica de Categer\u00f3"},"content":{"rendered":"<p>. . . . . . .<br \/>\nA devo\u00e7\u00e3o ao Santo Ant\u00f4nio preto tamb\u00e9m foi conhecida no Reino de Angola.<br \/>\n(ent\u00e3o col\u00f4nia portuguesa) Em seu testamento datado de 21 de dezembro de 1789, Jos\u00e9 Manuel, comerciante na cidade de Benguela, determinou que: Sendo seu falecimento nesta cidade, ser\u00e1 meu corpo amortalhado em mortalha branca segundo o costume da terra, e conduzido no esquife de Santo Ant\u00f4nio de Catalagerona, acompanhado pelos seus irm\u00e3os para a igreja da Freguesia de Nossa Senhora de Populo, onde quero ser sepultado.<br \/>\n. . . . . . .<\/p>\n<p>Par\u00e1grafo da p\u00e1gina 16, do trabalho de pesquisa da doutora em hist\u00f3ria, Lucilene Reginaldo, intitulado: \u201c\u00c1frica em Portugal\u201d: devo\u00e7\u00f5es, irmandades e escravid\u00e3o no Reino de Portugal, s\u00e9culo XVIII, de autoria de Lucilene Reginaldo, 2009 \u2013 desdobramento da Tese de Doutorado na Unicamp\u201d de 2005, Ensaio publicado on-line, Hist\u00f3ria (S\u00e3o Paulo), vol. 28, n\u00ba 1, Franca. Endere\u00e7o para baixar PDF<br \/>\n<a href=\"http:\/\/www.categero.org.br\/2-manifestacoes-do-conhecimento\/tese\/15-2009africa-em-portugal-devocoes-irmandades-e-escravidao-no-reino-de-portugal-seculo-xviii\/\">http:\/\/www.categero.org.br\/2-manifestacoes-do-conhecimento\/tese\/15-2009africa-em-portugal-devocoes-irmandades-e-escravidao-no-reino-de-portugal-seculo-xviii\/<\/a><br \/>\nDoutora em Hist\u00f3ria, autora do Trabalho: <a href=\"lureginaldo@gmail.com\">lureginaldo@gmail.com<\/a><\/p>\n<p><a href=\"http:\/\/www.categero.org.br\/wp-content\/uploads\/2012\/02\/Baner-Angola.jpg\"><img loading=\"lazy\" decoding=\"async\" class=\"aligncenter size-medium wp-image-4600\" title=\"Baner Angola\" alt=\"\" src=\"http:\/\/www.categero.org.br\/wp-content\/uploads\/2012\/02\/Baner-Angola-300x149.jpg\" width=\"300\" height=\"149\" \/><\/a><\/p>\n","protected":false},"excerpt":{"rendered":"<p>. . . . . . . A devo\u00e7\u00e3o ao Santo Ant\u00f4nio preto tamb\u00e9m foi conhecida no Reino de Angola. (ent\u00e3o col\u00f4nia portuguesa) Em seu testamento datado de 21 de dezembro de 1789, Jos\u00e9 Manuel, comerciante na cidade de Benguela, determinou que: Sendo seu falecimento nesta cidade, ser\u00e1 meu corpo amortalhado em mortalha branca segundo [&hellip;]<\/p>\n","protected":false},"author":1,"featured_media":4600,"parent":6982,"menu_order":0,"comment_status":"open","ping_status":"open","template":"","meta":{"ngg_post_thumbnail":0,"footnotes":""},"class_list":["post-4599","page","type-page","status-publish","has-post-thumbnail","hentry"],"_links":{"self":[{"href":"https:\/\/categero.org.br\/antigo\/index.php?rest_route=\/wp\/v2\/pages\/4599","targetHints":{"allow":["GET"]}}],"collection":[{"href":"https:\/\/categero.org.br\/antigo\/index.php?rest_route=\/wp\/v2\/pages"}],"about":[{"href":"https:\/\/categero.org.br\/antigo\/index.php?rest_route=\/wp\/v2\/types\/page"}],"author":[{"embeddable":true,"href":"https:\/\/categero.org.br\/antigo\/index.php?rest_route=\/wp\/v2\/users\/1"}],"replies":[{"embeddable":true,"href":"https:\/\/categero.org.br\/antigo\/index.php?rest_route=%2Fwp%2Fv2%2Fcomments&post=4599"}],"version-history":[{"count":4,"href":"https:\/\/categero.org.br\/antigo\/index.php?rest_route=\/wp\/v2\/pages\/4599\/revisions"}],"predecessor-version":[{"id":6989,"href":"https:\/\/categero.org.br\/antigo\/index.php?rest_route=\/wp\/v2\/pages\/4599\/revisions\/6989"}],"up":[{"embeddable":true,"href":"https:\/\/categero.org.br\/antigo\/index.php?rest_route=\/wp\/v2\/pages\/6982"}],"wp:featuredmedia":[{"embeddable":true,"href":"https:\/\/categero.org.br\/antigo\/index.php?rest_route=\/"}],"wp:attachment":[{"href":"https:\/\/categero.org.br\/antigo\/index.php?rest_route=%2Fwp%2Fv2%2Fmedia&parent=4599"}],"curies":[{"name":"wp","href":"https:\/\/api.w.org\/{rel}","templated":true}]}}