{"id":4592,"date":"2012-02-22T15:31:42","date_gmt":"2012-02-22T18:31:42","guid":{"rendered":"http:\/\/www.categero.org.br\/?page_id=4592"},"modified":"2014-02-07T06:09:08","modified_gmt":"2014-02-07T09:09:08","slug":"ilha-de-sao-tome-rdst-e-principe","status":"publish","type":"page","link":"https:\/\/categero.org.br\/antigo\/?page_id=4592","title":{"rendered":"Caribe\/Haiti &#8211; Ilha de S\u00e3o Tom\u00e9 \/ RDST e Pr\u00edncipe"},"content":{"rendered":"<p><a href=\"http:\/\/www.categero.org.br\/wp-content\/uploads\/2012\/02\/S\u00e3o-Tome-e-Principe-StAnt-Prt-Artesanato.jpg\"><img loading=\"lazy\" decoding=\"async\" class=\"aligncenter size-medium wp-image-4594\" title=\"S\u00e3o Tome e Principe StAnt Prt Artesanato\" alt=\"\" src=\"http:\/\/www.categero.org.br\/wp-content\/uploads\/2012\/02\/S\u00e3o-Tome-e-Principe-StAnt-Prt-Artesanato-225x300.jpg\" width=\"225\" height=\"300\" \/><\/a><br \/>\n<strong><\/strong><\/p>\n<p style=\"text-align: center;\">St. Ant\u00f3nio Negro e menino Jesus Negro<\/p>\n<p>Pelo que verificamos dessa postagem existe devo\u00e7\u00e3o ao Beato Ant\u00f4nio de Categer\u00f3 na Ilha de S\u00e3o Tom\u00e9. vejamos:<\/p>\n<p>A Ullysseia: Junho 2010 \u00e9 um blog em l\u00edngua portuguesa. Seu autor posta situa\u00e7\u00f5es inusitadas ou diferentes, al\u00e9m de cotidianos. Pela narrativa o fato ocorre na Ilha de S\u00e3o Tom\u00e9, na Rep\u00fablica Democr\u00e1tica de S\u00e3o Tom\u00e9 e Pr\u00edncipe.<\/p>\n<p>Na 20\u00aa postagem do dia 30 de Junho de 2010 \u2013 Quarta-feira consta um texto e uma gravura atinentes a \u201cSanto Ant\u00f3nio Negro\u201d, grafia portuguesa de Portugal e a estatueta que ele n\u00e3o especificou o tamanho mas que parece ser um artesanato corrente daquela regi\u00e3o.<br \/>\nSanto Ant\u00f3nio!<br \/>\n<strong><\/strong><\/p>\n<p style=\"text-align: center;\">Um Santo Ant\u00f3nio negro com o seu menino Jesus, tamb\u00e9m negro.<\/p>\n<p>&nbsp;<\/p>\n<p><strong><\/strong><br \/>\nArte popular de S. Tom\u00e9.<br \/>\n<a href=\"http:\/\/www.categero.org.br\/wp-content\/uploads\/2012\/02\/Mapa-STome-e-Princ.jpg\"><img loading=\"lazy\" decoding=\"async\" class=\"alignleft size-thumbnail wp-image-4595\" title=\"Mapa STome e Princ\" alt=\"\" src=\"http:\/\/www.categero.org.br\/wp-content\/uploads\/2012\/02\/Mapa-STome-e-Princ-150x150.jpg\" width=\"150\" height=\"150\" \/><\/a>N\u00e3o sabia o artista, que encontrei numa primeira vez na loja que t\u00eam perto do cinema na cidade de S. Tom\u00e9 e numa segunda vez no Hotel Pestana, tamb\u00e9m naquela cidade, que existiu um outro Santo Ant\u00f3nio, nascido na L\u00edbia, feito escravo na Sic\u00edlia, pastor e eremita.<br \/>\nE tamb\u00e9m n\u00e3o conhecia os serm\u00f5es aos peixes, em especial aos tubar\u00f5es, para que n\u00e3o comessem os peixes mais pequenos.<br \/>\nIsto, porque n\u00e3o valeria a pena fazer serm\u00f5es aos tubar\u00f5es humanos. Estes, apesar de muito crentes, s\u00e3o completamente descrentes com os seus semelhantes.<br \/>\nRetirado de: <a href=\"http:\/\/ullysseia.blogspot.com\/2010_06_01_archive.html\">http:\/\/ullysseia.blogspot.com\/2010_06_01_archive.html<\/a><br \/>\nJornalista que l\u00e1 esteve * Jos\u00e9 Miguel Vidal J\u00fanior<br \/>\nCateger\u00f3 em S\u00e3o Tom\u00e9 e Pr\u00edncipe<br \/>\nUm St. Ant\u00f3nio Negro com um menino Jesus Negro no colo<br \/>\nEm 26 de outubro do ano passado, pouco mais de quatro meses , de autor, t\u00ea-lo postado na Ullysseia, fizemos a transcri\u00e7\u00e3o textual desta informa\u00e7\u00e3o, aqui no Categer\u00f3.<br \/>\nEste artesanato, para n\u00f3s, vai al\u00e9m da curiosidade, fun\u00e7\u00e3o de sua cita\u00e7\u00e3o original, \u00e9 um registro da pulsa\u00e7\u00e3o (do estar vivo) em atualidade o objeto da devo\u00e7\u00e3o: Santo Ant\u00f3nio de Noto (para Portugal); Santo Antonio Etiope (para a It\u00e1lia); e Santo Ant\u00f4nio de Categer\u00f3 (para o Brasil). \u00c9 uma bela pe\u00e7a como foi narado e, que agora reproduzimos &#8220;in totun&#8221; os coment\u00e1rios do bloguista portugu\u00eas. Pelo que ele expressou \u00e9 de uso corrente no turismo de S\u00e3o Tom\u00e9.<br \/>\nQue algu\u00e9m consiga um contato pelas paragens daquela ilha e consigamos estabelecer um contato e saber mais. Ou at\u00e9, quem sabe conseguir um desses Santo Ant\u00f4nios de S\u00e3o Tom\u00e9.<br \/>\nPostagem com o nome de &#8220;Ullysseia&#8221; de: 15 de junho de 2010<br \/>\nno endere\u00e7o: http:\/\/ullysseia.blogspot.com\/2010_06_01_archive.htm<\/p>\n<p>Na busca de mais alguma informa\u00e7\u00e3o sobre o beato Ant\u00f4nio de Categer\u00f3, em S\u00e3o Tom\u00e9 e Porto Pr\u00edncipe, encontramos um blog com uma galeria onde constam 23, entre igrejas e capelas da ilha. Ao texto que o pr\u00f3prio bloguista descreve:<br \/>\n&#8221; Igrejas em S. Tom\u00e9 e Pr\u00edncipe &#8211; Sendo que mais de 80% da popula\u00e7\u00e3o de S. Tom\u00e9 e Pr\u00edncipe \u00e9 cat\u00f3lica, facilmente se compreende a enorme quantidade de igrejas e capelas existentes por todo o Pa\u00eds. As primeiras que mostro s\u00e3o algumas das mais representativas na cidade de S. Tom\u00e9, depois em outras localidades de S. Tom\u00e9 e, finalmente, no Pr\u00edncipe.&#8221;<br \/>\nO Blog \u00e9 o Drobat endere\u00e7o: http:\/\/viagemastomeprincipe.blogspot.com\/2007\/03\/igrejas-em-s-tom-e-prncipe-def.html<\/p>\n<p><a href=\"http:\/\/www.categero.org.br\/wp-content\/uploads\/2012\/02\/Baner-S\u00e3o-Tome-e-Principe.jpg\"><img loading=\"lazy\" decoding=\"async\" class=\"aligncenter size-medium wp-image-4593\" title=\"Baner S\u00e3o Tome e Principe\" alt=\"\" src=\"http:\/\/www.categero.org.br\/wp-content\/uploads\/2012\/02\/Baner-S\u00e3o-Tome-e-Principe-300x149.jpg\" width=\"300\" height=\"149\" \/><\/a><\/p>\n","protected":false},"excerpt":{"rendered":"<p>St. Ant\u00f3nio Negro e menino Jesus Negro Pelo que verificamos dessa postagem existe devo\u00e7\u00e3o ao Beato Ant\u00f4nio de Categer\u00f3 na Ilha de S\u00e3o Tom\u00e9. vejamos: A Ullysseia: Junho 2010 \u00e9 um blog em l\u00edngua portuguesa. Seu autor posta situa\u00e7\u00f5es inusitadas ou diferentes, al\u00e9m de cotidianos. Pela narrativa o fato ocorre na Ilha de S\u00e3o Tom\u00e9, [&hellip;]<\/p>\n","protected":false},"author":1,"featured_media":4593,"parent":7324,"menu_order":0,"comment_status":"open","ping_status":"open","template":"","meta":{"ngg_post_thumbnail":0,"footnotes":""},"class_list":["post-4592","page","type-page","status-publish","has-post-thumbnail","hentry"],"_links":{"self":[{"href":"https:\/\/categero.org.br\/antigo\/index.php?rest_route=\/wp\/v2\/pages\/4592","targetHints":{"allow":["GET"]}}],"collection":[{"href":"https:\/\/categero.org.br\/antigo\/index.php?rest_route=\/wp\/v2\/pages"}],"about":[{"href":"https:\/\/categero.org.br\/antigo\/index.php?rest_route=\/wp\/v2\/types\/page"}],"author":[{"embeddable":true,"href":"https:\/\/categero.org.br\/antigo\/index.php?rest_route=\/wp\/v2\/users\/1"}],"replies":[{"embeddable":true,"href":"https:\/\/categero.org.br\/antigo\/index.php?rest_route=%2Fwp%2Fv2%2Fcomments&post=4592"}],"version-history":[{"count":6,"href":"https:\/\/categero.org.br\/antigo\/index.php?rest_route=\/wp\/v2\/pages\/4592\/revisions"}],"predecessor-version":[{"id":7335,"href":"https:\/\/categero.org.br\/antigo\/index.php?rest_route=\/wp\/v2\/pages\/4592\/revisions\/7335"}],"up":[{"embeddable":true,"href":"https:\/\/categero.org.br\/antigo\/index.php?rest_route=\/wp\/v2\/pages\/7324"}],"wp:featuredmedia":[{"embeddable":true,"href":"https:\/\/categero.org.br\/antigo\/index.php?rest_route=\/"}],"wp:attachment":[{"href":"https:\/\/categero.org.br\/antigo\/index.php?rest_route=%2Fwp%2Fv2%2Fmedia&parent=4592"}],"curies":[{"name":"wp","href":"https:\/\/api.w.org\/{rel}","templated":true}]}}