{"id":4519,"date":"2012-02-17T20:57:07","date_gmt":"2012-02-17T23:57:07","guid":{"rendered":"http:\/\/www.categero.org.br\/?page_id=4519"},"modified":"2014-02-21T16:43:44","modified_gmt":"2014-02-21T19:43:44","slug":"museu-municipal-de-portalegre-portugal","status":"publish","type":"page","link":"https:\/\/categero.org.br\/antigo\/?page_id=4519","title":{"rendered":"EU &#8211; Museu Municipal de Portalegre &#8211; Portugal"},"content":{"rendered":"<p><a href=\"http:\/\/www.categero.org.br\/wp-content\/uploads\/2012\/02\/Categero-e-Benedito-Port-Miniat.jpg\"><img loading=\"lazy\" decoding=\"async\" class=\"aligncenter size-full wp-image-4523\" title=\"Categero e Benedito - Port - Miniat\" alt=\"\" src=\"http:\/\/www.categero.org.br\/wp-content\/uploads\/2012\/02\/Categero-e-Benedito-Port-Miniat.jpg\" width=\"120\" height=\"132\" \/><\/a><\/p>\n<p>Imagem do Beato Ant\u00f4nio de Categer\u00f3, sob a denomina\u00e7\u00e3o de Santo Ant\u00f3nio de Noto, no Museu Municipal de Portoalegdre, em Portugal.<\/p>\n<p>Informa\u00e7\u00e3o obtida atrav\u00e9s da pesquisa de Giovanna Fiume<\/p>\n<div id=\"attachment_4528\" style=\"width: 122px\" class=\"wp-caption alignleft\"><a href=\"http:\/\/www.categero.org.br\/wp-content\/uploads\/2012\/02\/Categero-20cm-Port-Portalegre-Med72.jpg\"><img loading=\"lazy\" decoding=\"async\" aria-describedby=\"caption-attachment-4528\" class=\"size-full wp-image-4528\" title=\"Categero 20cm Port Portalegre Med72\" alt=\"\" src=\"http:\/\/www.categero.org.br\/wp-content\/uploads\/2012\/02\/Categero-20cm-Port-Portalegre-Med72.jpg\" width=\"112\" height=\"301\" \/><\/a><p id=\"caption-attachment-4528\" class=\"wp-caption-text\">Beato de Categer\u00f3, 20cm altura<\/p><\/div>\n<p>Professora de Hist\u00f3ria Moderna na Faculdade de Ci\u00eancias Pol\u00edticas da Universidade de Palermo.<br \/>\nTrabalho de pesquisa &#8220;Ant\u00f4nio Et\u00edope e Benedito, o morto: o escravinho santo e o preta ememita.<br \/>\nTradu\u00e7\u00e3o e pesquisa iconogr\u00e1fica com coment\u00e1rios por Renato da Silveira. Artigo originalmente escrito em italiano.<br \/>\nExcelente pesquisa da vida dos dois santos negros.<\/p>\n<p><a href=\"http:\/\/www.categero.org.br\/wp-content\/uploads\/2012\/02\/39.-GFiume-Mouro-e-Eremita.pdf\">39. GFiume &#8211; Mouro e Eremita PDF<\/a><\/p>\n<p>Na 3\u00aa p\u00e1gina do PDF, que tem numera\u00e7\u00e3o impressa de 53, h\u00e1 a gravura dos dois santos pretos e a legenda transcrita abaixo:<br \/>\n\u00c0 esquerda, Santo Ant\u00f4nio de Noto, altura 20 cm; Portalegre (Portugal), Museu Municipal. \u00c0 direita, S\u00e3o Benedito, altura 67 cm; Santiago do<br \/>\nCac\u00e9m, igreja matriz. Esculturas em madeira policromada do s\u00e9culo XVIII. A iconografia dos dois mansos santos negros foi frequentemente assimilada \u00e0 do franciscano portugu\u00eas Santo Ant\u00f4nio<br \/>\nde P\u00e1dua, carregando nos bra\u00e7os Jesus menino. Benedito tamb\u00e9m \u00e9 representado, como \u00e9 o caso, distribuindo p\u00e3o aos pobres.<br \/>\n<a href=\"http:\/\/www.categero.org.br\/wp-content\/uploads\/2012\/02\/mus_municipal_01.jpg\"><img loading=\"lazy\" decoding=\"async\" class=\"aligncenter size-medium wp-image-4521\" title=\"mus_municipal_01\" alt=\"\" src=\"http:\/\/www.categero.org.br\/wp-content\/uploads\/2012\/02\/mus_municipal_01-300x187.jpg\" width=\"300\" height=\"187\" \/><\/a><br \/>\nPortalegre &#8211; Portugal<br \/>\n<a href=\"http:\/\/www.cm-portalegre.pt\/page.php?page=616\">http:\/\/www.cm-portalegre.pt\/page.php?page=616<\/a><br \/>\nRua Jos\u00e9 Maria da Rosa<br \/>\n7300 &#8211; 110 Portalegre<br \/>\nE- Mail: museu.municipal@cm-portalegre.pt<br \/>\nHor\u00e1rio: 09:30 h &#8211; 13:00 h \/ 14:30 h &#8211; 18:00 h<br \/>\nEncerra \u00e0 Segunda-Feira, 1 de Janeiro, Sexta-feira Santa, dia de P\u00e1scoa, 1 de Maio e 25 de Dezembro.<\/p>\n<p>Foram tentados dois contatos mas o sistema de email do Museu n\u00e3o respondeu.<br \/>\n<a href=\"http:\/\/www.categero.org.br\/wp-content\/uploads\/2012\/02\/Baner-Mus-Mun-Palegre.jpg\"><img loading=\"lazy\" decoding=\"async\" class=\"aligncenter size-medium wp-image-4520\" title=\"Baner Mus Mun Palegre\" alt=\"\" src=\"http:\/\/www.categero.org.br\/wp-content\/uploads\/2012\/02\/Baner-Mus-Mun-Palegre-300x149.jpg\" width=\"300\" height=\"149\" \/><\/a><\/p>\n<p style=\"text-align: center;\"><a href=\"http:\/\/www.categero.org.br\/wp-content\/uploads\/2012\/02\/Categero-e-Benedito-Port.jpg\"><img loading=\"lazy\" decoding=\"async\" class=\"aligncenter  wp-image-4525\" title=\"Categero e Benedito - Port\" alt=\"\" src=\"http:\/\/www.categero.org.br\/wp-content\/uploads\/2012\/02\/Categero-e-Benedito-Port.jpg\" width=\"260\" height=\"286\" \/><\/a><\/p>\n","protected":false},"excerpt":{"rendered":"<p>Imagem do Beato Ant\u00f4nio de Categer\u00f3, sob a denomina\u00e7\u00e3o de Santo Ant\u00f3nio de Noto, no Museu Municipal de Portoalegdre, em Portugal. Informa\u00e7\u00e3o obtida atrav\u00e9s da pesquisa de Giovanna Fiume Professora de Hist\u00f3ria Moderna na Faculdade de Ci\u00eancias Pol\u00edticas da Universidade de Palermo. Trabalho de pesquisa &#8220;Ant\u00f4nio Et\u00edope e Benedito, o morto: o escravinho santo e [&hellip;]<\/p>\n","protected":false},"author":1,"featured_media":8616,"parent":33,"menu_order":0,"comment_status":"open","ping_status":"open","template":"","meta":{"ngg_post_thumbnail":0,"footnotes":""},"class_list":["post-4519","page","type-page","status-publish","has-post-thumbnail","hentry"],"_links":{"self":[{"href":"https:\/\/categero.org.br\/antigo\/index.php?rest_route=\/wp\/v2\/pages\/4519","targetHints":{"allow":["GET"]}}],"collection":[{"href":"https:\/\/categero.org.br\/antigo\/index.php?rest_route=\/wp\/v2\/pages"}],"about":[{"href":"https:\/\/categero.org.br\/antigo\/index.php?rest_route=\/wp\/v2\/types\/page"}],"author":[{"embeddable":true,"href":"https:\/\/categero.org.br\/antigo\/index.php?rest_route=\/wp\/v2\/users\/1"}],"replies":[{"embeddable":true,"href":"https:\/\/categero.org.br\/antigo\/index.php?rest_route=%2Fwp%2Fv2%2Fcomments&post=4519"}],"version-history":[{"count":5,"href":"https:\/\/categero.org.br\/antigo\/index.php?rest_route=\/wp\/v2\/pages\/4519\/revisions"}],"predecessor-version":[{"id":8615,"href":"https:\/\/categero.org.br\/antigo\/index.php?rest_route=\/wp\/v2\/pages\/4519\/revisions\/8615"}],"up":[{"embeddable":true,"href":"https:\/\/categero.org.br\/antigo\/index.php?rest_route=\/wp\/v2\/pages\/33"}],"wp:featuredmedia":[{"embeddable":true,"href":"https:\/\/categero.org.br\/antigo\/index.php?rest_route=\/wp\/v2\/media\/8616"}],"wp:attachment":[{"href":"https:\/\/categero.org.br\/antigo\/index.php?rest_route=%2Fwp%2Fv2%2Fmedia&parent=4519"}],"curies":[{"name":"wp","href":"https:\/\/api.w.org\/{rel}","templated":true}]}}