{"id":4498,"date":"2012-02-17T18:09:31","date_gmt":"2012-02-17T21:09:31","guid":{"rendered":"http:\/\/www.categero.org.br\/?page_id=4498"},"modified":"2017-03-07T07:22:27","modified_gmt":"2017-03-07T10:22:27","slug":"categero-em-procissao-de-portugal-no-seculo-xiii","status":"publish","type":"page","link":"https:\/\/categero.org.br\/antigo\/?page_id=4498","title":{"rendered":"EU &#8211; Categer\u00f3 &#8211; prociss\u00e3o em Lisboa no s\u00e9culo XVIII"},"content":{"rendered":"<div id=\"attachment_4501\" style=\"width: 136px\" class=\"wp-caption alignleft\"><a href=\"http:\/\/www.categero.org.br\/wp-content\/uploads\/2012\/02\/Museu-Palegre-Categero.jpg\"><img loading=\"lazy\" decoding=\"async\" aria-describedby=\"caption-attachment-4501\" class=\"size-medium wp-image-4501\" title=\"Museu Palegre Categero\" src=\"http:\/\/www.categero.org.br\/wp-content\/uploads\/2012\/02\/Museu-Palegre-Categero-126x300.jpg\" alt=\"\" width=\"126\" height=\"300\" \/><\/a><p id=\"caption-attachment-4501\" class=\"wp-caption-text\">Museu Municipal de Portalegre<\/p><\/div>\n<p><strong>O Santo Ant\u00f3nio dos negros, em Portugal (Lisboa), segundo Carl Israel Ruders, no s\u00e9culo XIII<\/strong><\/p>\n<p>Seguem dois par\u00e1grafos, em sequ\u00eancia, constantes na p\u00e1gina 16, do trabalho de pesquisa da doutora em hist\u00f3ria, Lucilene Reginaldo, intitulado: \u201c\u00c1frica em Portugal\u201d: devo\u00e7\u00f5es, irmandades e escravid\u00e3o no Reino de Portugal, s\u00e9culo XVIII, de autoria de Lucilene Reginaldo, 2009 \u2013 desdobramento da Tese de Doutorado na Unicamp\u201d de 2005, Ensaio publicado on-line, Hist\u00f3ria (S\u00e3o Paulo), vol. 28, n\u00ba 1, Franca. Endere\u00e7o para baixar <a href=\"http:\/\/www.categero.org.br\/2-manifestacoes-do-conhecimento\/tese\/15-2009africa-em-portugal-devocoes-irmandades-e-escravidao-no-reino-de-portugal-seculo-xviii\/\">PDF<\/a><\/p>\n<p><a href=\"lureginaldo@gmail.com\">lureginaldo@gmail.com<\/a><\/p>\n<p>. . . . . . .<br \/>\nNo final do s\u00e9culo XVIII, o sacerdote sueco Carl Israel Ruders presenciou uma das mais importantes prociss\u00f5es do calend\u00e1rio festivo de Lisboa. Na prociss\u00e3o de Santo Ant\u00f4nio de Lisboa, desfilavam pelas ruas \u201cuma grande quantidade de imagens, algumas representando Santo Ant\u00f4nio e a M\u00e3e de Deus com o<\/p>\n<div id=\"attachment_4505\" style=\"width: 310px\" class=\"wp-caption alignleft\"><a href=\"http:\/\/www.categero.org.br\/wp-content\/uploads\/2012\/02\/Categer\u00f3-e-SBened-em-Evora.jpg\"><img loading=\"lazy\" decoding=\"async\" aria-describedby=\"caption-attachment-4505\" class=\"size-medium wp-image-4505\" title=\"Categer\u00f3 e SBened em Evora\" src=\"http:\/\/www.categero.org.br\/wp-content\/uploads\/2012\/02\/Categer\u00f3-e-SBened-em-Evora-300x279.jpg\" alt=\"\" width=\"300\" height=\"279\" \/><\/a><p id=\"caption-attachment-4505\" class=\"wp-caption-text\">Imagem de Categer\u00f3, em \u00c9vora<\/p><\/div>\n<p>Redentor nos bra\u00e7os\u201d. Dentre as in\u00fameras imagens, a de um santo preto era um dos atrativos da prociss\u00e3o. \u201cO andor deste santo preto, de l\u00e1bios grossos, era levado por negros e acompanhado por padres da mesma cor, seguidos de uma multid\u00e3o de pretos e mulatos\u201d (Ruders, 1981: 52). \u00c9 prov\u00e1vel que o santo preto que desfilava na prociss\u00e3o do patrono de Lisboa fosse o particular Santo Ant\u00f4nio dos negros.<\/p>\n<p>A devo\u00e7\u00e3o ao Santo Ant\u00f4nio preto tamb\u00e9m foi conhecida no Reino de Angola.<\/p>\n<div id=\"attachment_4507\" style=\"width: 123px\" class=\"wp-caption alignleft\"><a href=\"http:\/\/www.categero.org.br\/wp-content\/uploads\/2012\/02\/Proc-Cinzas-emdnoticias-ponto-pt-barra-multimpidia-miniatura.jpg\"><img loading=\"lazy\" decoding=\"async\" aria-describedby=\"caption-attachment-4507\" class=\"size-full wp-image-4507\" title=\"Proc Cinzas emdnoticias ponto pt barra multimpidia-miniatura\" src=\"http:\/\/www.categero.org.br\/wp-content\/uploads\/2012\/02\/Proc-Cinzas-emdnoticias-ponto-pt-barra-multimpidia-miniatura.jpg\" alt=\"\" width=\"113\" height=\"79\" \/><\/a><p id=\"caption-attachment-4507\" class=\"wp-caption-text\">Categer\u00f3, na Funchal &#8211; C\u00e2mara dos Lobos<\/p><\/div>\n<p>(ent\u00e3o col\u00f4nia portuguesa) Em seu testamento datado de 21 de dezembro de 1789, Jos\u00e9 Manuel, comerciante na cidade de Benguela, determinou que: Sendo seu falecimento nesta cidade, ser\u00e1 meu corpo amortalhado em mortalha branca segundo o costume da terra, e conduzido no esquife de Santo Ant\u00f4nio de Catalagerona, acompanhado pelos seus irm\u00e3os para a igreja da Freguesia de Nossa Senhora de Populo, onde quero ser sepultado.<br \/>\n. . . . . . .<br \/>\nAinda n\u00e3o conseguimos imagem do Categer\u00f3 existente na Igreja de Santo Ant\u00f3nio em Viana do Castelo.<\/p>\n<p><a href=\"http:\/\/categero.org.br\/wp-content\/uploads\/2012\/02\/Baner-Igr-NSGra\u00e7a-Port2.jpg\"><img loading=\"lazy\" decoding=\"async\" class=\"aligncenter size-medium wp-image-8612\" src=\"http:\/\/categero.org.br\/wp-content\/uploads\/2012\/02\/Baner-Igr-NSGra\u00e7a-Port2-300x149.jpg\" alt=\"Baner-Igr-NSGra\u00e7a-Port\" width=\"300\" height=\"149\" srcset=\"https:\/\/categero.org.br\/antigo\/wp-content\/uploads\/2012\/02\/Baner-Igr-NSGra\u00e7a-Port2-300x149.jpg 300w, https:\/\/categero.org.br\/antigo\/wp-content\/uploads\/2012\/02\/Baner-Igr-NSGra\u00e7a-Port2.jpg 397w\" sizes=\"auto, (max-width: 300px) 100vw, 300px\" \/><\/a><\/p>\n","protected":false},"excerpt":{"rendered":"<p>O Santo Ant\u00f3nio dos negros, em Portugal (Lisboa), segundo Carl Israel Ruders, no s\u00e9culo XIII Seguem dois par\u00e1grafos, em sequ\u00eancia, constantes na p\u00e1gina 16, do trabalho de pesquisa da doutora em hist\u00f3ria, Lucilene Reginaldo, intitulado: \u201c\u00c1frica em Portugal\u201d: devo\u00e7\u00f5es, irmandades e escravid\u00e3o no Reino de Portugal, s\u00e9culo XVIII, de autoria de Lucilene Reginaldo, 2009 \u2013 [&hellip;]<\/p>\n","protected":false},"author":1,"featured_media":8612,"parent":33,"menu_order":7,"comment_status":"open","ping_status":"open","template":"","meta":{"ngg_post_thumbnail":0,"footnotes":""},"class_list":["post-4498","page","type-page","status-publish","has-post-thumbnail","hentry"],"_links":{"self":[{"href":"https:\/\/categero.org.br\/antigo\/index.php?rest_route=\/wp\/v2\/pages\/4498","targetHints":{"allow":["GET"]}}],"collection":[{"href":"https:\/\/categero.org.br\/antigo\/index.php?rest_route=\/wp\/v2\/pages"}],"about":[{"href":"https:\/\/categero.org.br\/antigo\/index.php?rest_route=\/wp\/v2\/types\/page"}],"author":[{"embeddable":true,"href":"https:\/\/categero.org.br\/antigo\/index.php?rest_route=\/wp\/v2\/users\/1"}],"replies":[{"embeddable":true,"href":"https:\/\/categero.org.br\/antigo\/index.php?rest_route=%2Fwp%2Fv2%2Fcomments&post=4498"}],"version-history":[{"count":6,"href":"https:\/\/categero.org.br\/antigo\/index.php?rest_route=\/wp\/v2\/pages\/4498\/revisions"}],"predecessor-version":[{"id":12094,"href":"https:\/\/categero.org.br\/antigo\/index.php?rest_route=\/wp\/v2\/pages\/4498\/revisions\/12094"}],"up":[{"embeddable":true,"href":"https:\/\/categero.org.br\/antigo\/index.php?rest_route=\/wp\/v2\/pages\/33"}],"wp:featuredmedia":[{"embeddable":true,"href":"https:\/\/categero.org.br\/antigo\/index.php?rest_route=\/wp\/v2\/media\/8612"}],"wp:attachment":[{"href":"https:\/\/categero.org.br\/antigo\/index.php?rest_route=%2Fwp%2Fv2%2Fmedia&parent=4498"}],"curies":[{"name":"wp","href":"https:\/\/api.w.org\/{rel}","templated":true}]}}