{"id":4407,"date":"2012-02-15T11:10:07","date_gmt":"2012-02-15T14:10:07","guid":{"rendered":"http:\/\/www.categero.org.br\/?page_id=4407"},"modified":"2018-06-21T22:29:55","modified_gmt":"2018-06-22T01:29:55","slug":"oracao-encontrada-no-orkut","status":"publish","type":"page","link":"https:\/\/categero.org.br\/antigo\/?page_id=4407","title":{"rendered":"15\u00aa &#8211; Ora\u00e7\u00e3o encontrada no Orkut"},"content":{"rendered":"<p style=\"text-align: center;\"><em><span style=\"color: #ff0000;\"><strong>Link &#8211; &nbsp;<a href=\"http:\/\/categero.org.br\/?p=11452\" target=\"_blank\" rel=\"noopener noreferrer\">Datas de Categer\u00f3<br \/>\n<\/a><\/strong><\/span><\/em><em><span style=\"color: #ff0000;\"><strong>Link &#8211; &nbsp;<span style=\"color: #000000;\"><a href=\"http:\/\/categero.org.br\/?p=11933\" target=\"_blank\" rel=\"noopener noreferrer\">Perfil, Linha do Tempo e Vaticano<\/a><\/span><\/strong><\/span><\/em><\/p>\n<p style=\"text-align: right;\"><em>Esta ora\u00e7\u00e3o foi elaborada pelo Bispo Rolin<br \/>\n<\/em><em style=\"line-height: 1.5;\">\u00e9 a (4\u00aa ora\u00e7\u00e3o),&nbsp;<\/em><em style=\"line-height: 1.5;\">acima publicada, inclusa na novena<br \/>\n<\/em><em>do mesmo bispo&nbsp;<\/em><em> em louvor ao Beato Ant\u00f4nio de Categer\u00f3.<br \/>\nA republicamos por ter sido encontrada no Orkut de Ant\u00f4nio Carlos&nbsp;<\/em><\/p>\n<p style=\"text-align: center;\"><a href=\"http:\/\/www.categero.org.br\/wp-content\/uploads\/2012\/02\/2.-Categer\u00f3-72-dpi-PB.jpg\"><img loading=\"lazy\" decoding=\"async\" width=\"202\" height=\"300\" title=\"2. Categer\u00f3 72 dpi P&amp;B\" class=\"aligncenter size-medium wp-image-4337\" alt=\"\" src=\"http:\/\/www.categero.org.br\/wp-content\/uploads\/2012\/02\/2.-Categer\u00f3-72-dpi-PB-202x300.jpg\"\/><\/a><br \/>\nOra\u00e7\u00e3o a Santo Ant\u00f4nio de Categer\u00f3<\/p>\n<p style=\"padding-left: 150px;\">\u00d3 Glorioso Ant\u00f4nio de Categer\u00f3 que revelastes tanta humildade e pureza no exerc\u00edcio de amor ao pr\u00f3ximo e tantos exemplos de retid\u00e3o de costumes, de disciplina e penit\u00eancias, destes ao mundo com a vossa vida nitidamente franciscana, atendei a minha s\u00faplica ( fazer o pedido ), intercedento junto a divina majestade de Deus pelas nossas necessidades espirituais e temporais. V\u00f3s que fostes o Santo Preto de alma branca, modesto escravo depois libertado para melhor servir aos interesses da f\u00e9, afervorai nossa piedade e confian\u00e7a, para que um dia alcancemos tamb\u00e9m a inteira liberdade dos filhos de Deus em vossa companhia, assim seja!<br \/>\nAm\u00e9m!<\/p>\n<p style=\"padding-left: 150px; text-align: center;\"><em><span style=\"color: #ff0000;\"><strong>Link &#8211; &nbsp;<a href=\"http:\/\/categero.org.br\/?p=11452\" target=\"_blank\" rel=\"noopener noreferrer\">Datas de Categer\u00f3<br \/>\n<\/a><\/strong><\/span><\/em><em><span style=\"color: #ff0000;\"><strong>Link &#8211; &nbsp;<span style=\"color: #000000;\"><a href=\"http:\/\/categero.org.br\/?p=11933\" target=\"_blank\" rel=\"noopener noreferrer\">Perfil, Linha do Tempo e Vaticano<\/a><\/span><\/strong><\/span><\/em><\/p>\n<p>Coletada da popstagem de&nbsp;Ant\u00f4nio Marcos no Site de relacionamento Orkut no<\/p>\n<p>endere\u00e7o:&nbsp;<a href=\"http:\/\/www.orkut.com.br\/Main#Profile?uid=10565109575687347153\">http:\/\/www.orkut.com.br\/Main#Profile?uid=10565109575687347153&nbsp;&nbsp;<\/a>(Link n\u00e3o mais existente)<\/p>\n","protected":false},"excerpt":{"rendered":"<p>Link &#8211; &nbsp;Datas de Categer\u00f3 Link &#8211; &nbsp;Perfil, Linha do Tempo e Vaticano Esta ora\u00e7\u00e3o foi elaborada pelo Bispo Rolin \u00e9 a (4\u00aa ora\u00e7\u00e3o),&nbsp;acima publicada, inclusa na novena do mesmo bispo&nbsp; em louvor ao Beato Ant\u00f4nio de Categer\u00f3. A republicamos por ter sido encontrada no Orkut de Ant\u00f4nio Carlos&nbsp; Ora\u00e7\u00e3o a Santo Ant\u00f4nio de Categer\u00f3 [&hellip;]<\/p>\n","protected":false},"author":1,"featured_media":7997,"parent":3719,"menu_order":15,"comment_status":"open","ping_status":"open","template":"","meta":{"ngg_post_thumbnail":0,"footnotes":""},"class_list":["post-4407","page","type-page","status-publish","has-post-thumbnail","hentry"],"_links":{"self":[{"href":"https:\/\/categero.org.br\/antigo\/index.php?rest_route=\/wp\/v2\/pages\/4407","targetHints":{"allow":["GET"]}}],"collection":[{"href":"https:\/\/categero.org.br\/antigo\/index.php?rest_route=\/wp\/v2\/pages"}],"about":[{"href":"https:\/\/categero.org.br\/antigo\/index.php?rest_route=\/wp\/v2\/types\/page"}],"author":[{"embeddable":true,"href":"https:\/\/categero.org.br\/antigo\/index.php?rest_route=\/wp\/v2\/users\/1"}],"replies":[{"embeddable":true,"href":"https:\/\/categero.org.br\/antigo\/index.php?rest_route=%2Fwp%2Fv2%2Fcomments&post=4407"}],"version-history":[{"count":16,"href":"https:\/\/categero.org.br\/antigo\/index.php?rest_route=\/wp\/v2\/pages\/4407\/revisions"}],"predecessor-version":[{"id":10942,"href":"https:\/\/categero.org.br\/antigo\/index.php?rest_route=\/wp\/v2\/pages\/4407\/revisions\/10942"}],"up":[{"embeddable":true,"href":"https:\/\/categero.org.br\/antigo\/index.php?rest_route=\/wp\/v2\/pages\/3719"}],"wp:featuredmedia":[{"embeddable":true,"href":"https:\/\/categero.org.br\/antigo\/index.php?rest_route=\/wp\/v2\/media\/7997"}],"wp:attachment":[{"href":"https:\/\/categero.org.br\/antigo\/index.php?rest_route=%2Fwp%2Fv2%2Fmedia&parent=4407"}],"curies":[{"name":"wp","href":"https:\/\/api.w.org\/{rel}","templated":true}]}}