{"id":4282,"date":"2012-02-11T20:54:16","date_gmt":"2012-02-11T23:54:16","guid":{"rendered":"http:\/\/www.categero.org.br\/?page_id=4282"},"modified":"2018-04-10T20:51:52","modified_gmt":"2018-04-10T23:51:52","slug":"aqui-esta-um-vip-a-devocao-de-categero-3","status":"publish","type":"page","link":"https:\/\/categero.org.br\/antigo\/?page_id=4282","title":{"rendered":"Minha m\u00e3e encontra o beato, atrav\u00e9s de seu santinho.  \u00c9 o come\u00e7o da VIP Mariana Pinheiro"},"content":{"rendered":"<p><a href=\"http:\/\/www.categero.org.br\/wp-content\/uploads\/2012\/02\/2.-Categer\u00f3-72-dpi-Color.jpg\"><img loading=\"lazy\" decoding=\"async\" width=\"202\" height=\"300\" title=\"2. Categer\u00f3 72 dpi Color\" class=\"aligncenter size-medium wp-image-4241\" alt=\"\" src=\"http:\/\/www.categero.org.br\/wp-content\/uploads\/2012\/02\/2.-Categer\u00f3-72-dpi-Color-202x300.jpg\"\/><\/a><\/p>\n<h6 style=\"text-align: center;\"><em>Que o Beato Ant\u00f4nio de Categer\u00f3 nos alimente com sua f\u00e9.<\/em><br \/>\n<em>Obrigado Dona Mariana (minha m\u00e3e), por meu interm\u00e9dio,<\/em><br \/>\n<em>tu destes,&nbsp;este Portal ao beato de Categer\u00f3<\/em><\/h6>\n<p>.<\/p>\n<p>Nome do VIP: Mariana Martins Pinheiro<\/p>\n<p>Local de nascimento: Dom Pedrito\/RS;<\/p>\n<p>Data de nascimento: 08 de mar\u00e7o de 1930; Falecida em 2011.<\/p>\n<p>Cidade de resid\u00eancia: Porto Alegre\/RS &#8211; Brasil.<\/p>\n<p style=\"text-align: justify;\"><img loading=\"lazy\" decoding=\"async\" width=\"243\" height=\"300\" title=\"VIP Mariana Pinheiro\" class=\"size-medium wp-image-4287 alignleft\" alt=\"\" src=\"http:\/\/www.categero.org.br\/wp-content\/uploads\/2012\/02\/VIP-Mariana-Pinheiro-243x300.jpg\"\/>Atividade profissional ou religiosa: Do lar, m\u00e3e de cinco filhos, professora Licenciada em Hist\u00f3ria que parou com o magist\u00e9rio em raz\u00e3o de um acidente do qual resultou uma defici\u00eancia no p\u00e9 esquerdo. Em 1999 ela sem perceber, dentro de um dos sacos do supermercado, no bairro Huamait\u00e1, onde mora e &nbsp;fez compras, recebeu uma estampa de Santo Ant\u00f4nio de Categer\u00f3. Estava com um problema de contrato de gaveta do apartamento, que morava com um filho, que ia para a retomada, mesmo estando totalmente pago. Foi nesse momento que Mariana fez seu pedido. Seu filho Waldemar Pasteur, titular do im\u00f3vel, atesta que milagrosamente e sem a a\u00e7\u00e3o do advogado do caso, houve uma mudan\u00e7a de decis\u00e3o da CEF e lhes foi dada a quita\u00e7\u00e3o para averba\u00e7\u00e3o do im\u00f3vel.<br \/>\nA promessa de Dona Mariana foi distribuir mil estampas de Categer\u00f3 nem locais de massa, preferencialmente, pres\u00eddios, pois ela viu na hist\u00f3ria dele que ele apoiava os fam\u00e9licos de rua, os hospitalizados e os presos.<br \/>\nDona Mariana conseguiu a distribui\u00e7\u00e3o das estampas der Categer\u00f3 no sistema prisional ga\u00facho atrav\u00e9s de autoriza\u00e7\u00e3o da For\u00e7a Tarefa da Brigada Militar. As provid\u00eancias foram tomada por seu filho Tenente Coronel da Reserva da Brigada Militar e propriet\u00e1rio do jornal Correio Brigaidiano.<\/p>\n<p>\u00c9 a\u00ed est\u00e1 a origem deste Portal.<\/p>\n<p><span style=\"text-decoration: underline;\">Igreja S\u00e3o Paulo de Canoas &#8211; vizinha do bairro Humait\u00e1 de Porto Alegre<\/span><\/p>\n<p style=\"text-align: justify;\"><em>Conversando com o&nbsp;<\/em><em id=\"__mceDel\">Tilton, do casal &nbsp;Tilton Martins dos Santos e Janete Odila Novosady, devotos fervorosos, que trouxeram a Porto Alegre a figura do Santo escravo, ele recorda que houve em determinada data um trabalho de distribui\u00e7\u00e3o de santinhos, nos bairros pr\u00f3ximos a igreja &nbsp;S\u00e3o Paulo, lembrando inclusive desse supermercado de nome &#8220;Maxi&#8221;, onde a Dona Mariana disse ter ganho a estampa do beato&nbsp;dentro de uma das sacolas de compras do super.&nbsp;<\/em><\/p>\n<p>Postagens sobre ela neste portal:<\/p>\n<p>&#8211; 2010 \u2013 Obrigado Dona Mariana <a href=\"http:\/\/www.categero.org.br\/o-que-seja-de-mais-atual-sobre-categero\/2010-obrigado-dona-mariana\/\">Postagem<\/a><\/p>\n<p>&#8211; 2010 \u2013 Quando foi mesmo que eu conheci Categer\u00f3? Poa\/RS <a href=\"http:\/\/www.categero.org.br\/2-manifestacoes-do-conhecimento\/textos-do-portal\/2010-quando-foi-mesmo-que-eu-conheci-categero-poars\/\">Postagem<\/a><\/p>\n","protected":false},"excerpt":{"rendered":"<p>Que o Beato Ant\u00f4nio de Categer\u00f3 nos alimente com sua f\u00e9. Obrigado Dona Mariana (minha m\u00e3e), por meu interm\u00e9dio, tu destes,&nbsp;este Portal ao beato de Categer\u00f3 . Nome do VIP: Mariana Martins Pinheiro Local de nascimento: Dom Pedrito\/RS; Data de nascimento: 08 de mar\u00e7o de 1930; Falecida em 2011. Cidade de resid\u00eancia: Porto Alegre\/RS &#8211; [&hellip;]<\/p>\n","protected":false},"author":1,"featured_media":8457,"parent":3766,"menu_order":3,"comment_status":"open","ping_status":"open","template":"","meta":{"ngg_post_thumbnail":0,"footnotes":""},"class_list":["post-4282","page","type-page","status-publish","has-post-thumbnail","hentry"],"_links":{"self":[{"href":"https:\/\/categero.org.br\/antigo\/index.php?rest_route=\/wp\/v2\/pages\/4282","targetHints":{"allow":["GET"]}}],"collection":[{"href":"https:\/\/categero.org.br\/antigo\/index.php?rest_route=\/wp\/v2\/pages"}],"about":[{"href":"https:\/\/categero.org.br\/antigo\/index.php?rest_route=\/wp\/v2\/types\/page"}],"author":[{"embeddable":true,"href":"https:\/\/categero.org.br\/antigo\/index.php?rest_route=\/wp\/v2\/users\/1"}],"replies":[{"embeddable":true,"href":"https:\/\/categero.org.br\/antigo\/index.php?rest_route=%2Fwp%2Fv2%2Fcomments&post=4282"}],"version-history":[{"count":12,"href":"https:\/\/categero.org.br\/antigo\/index.php?rest_route=\/wp\/v2\/pages\/4282\/revisions"}],"predecessor-version":[{"id":12980,"href":"https:\/\/categero.org.br\/antigo\/index.php?rest_route=\/wp\/v2\/pages\/4282\/revisions\/12980"}],"up":[{"embeddable":true,"href":"https:\/\/categero.org.br\/antigo\/index.php?rest_route=\/wp\/v2\/pages\/3766"}],"wp:featuredmedia":[{"embeddable":true,"href":"https:\/\/categero.org.br\/antigo\/index.php?rest_route=\/wp\/v2\/media\/8457"}],"wp:attachment":[{"href":"https:\/\/categero.org.br\/antigo\/index.php?rest_route=%2Fwp%2Fv2%2Fmedia&parent=4282"}],"curies":[{"name":"wp","href":"https:\/\/api.w.org\/{rel}","templated":true}]}}