{"id":400,"date":"2010-10-02T20:21:47","date_gmt":"2010-10-02T20:21:47","guid":{"rendered":"http:\/\/www.categero.org.br\/?page_id=400"},"modified":"2016-07-05T19:24:48","modified_gmt":"2016-07-05T22:24:48","slug":"hino-a-santo-antonio-de-categero-rs","status":"publish","type":"page","link":"https:\/\/categero.org.br\/antigo\/?page_id=400","title":{"rendered":"Hino a Santo Ant\u00f4nio de Categer\u00f3 de Pe. Cel Capel\u00e3o do Ex\u00e9rcito"},"content":{"rendered":"<p><a href=\"http:\/\/categero.org.br\/wp-content\/uploads\/2010\/10\/hino-RS.jpg\"><img loading=\"lazy\" decoding=\"async\" class=\"aligncenter size-medium wp-image-8422\" src=\"http:\/\/categero.org.br\/wp-content\/uploads\/2010\/10\/hino-RS-300x176.jpg\" alt=\"hino RS\" width=\"300\" height=\"176\" srcset=\"https:\/\/categero.org.br\/antigo\/wp-content\/uploads\/2010\/10\/hino-RS-300x176.jpg 300w, https:\/\/categero.org.br\/antigo\/wp-content\/uploads\/2010\/10\/hino-RS.jpg 337w\" sizes=\"auto, (max-width: 300px) 100vw, 300px\" \/><\/a><\/p>\n<p>M\u00fasica: Antigo Hino da Igreja<br \/>\nLetra: Estev\u00e3o Rosa do Esp\u00edrito Santo (Ten Cel EB &#8211; Capel\u00e3o Militar)<\/p>\n<p>Neste dia alegre cantamos,<br \/>\nNossa voz j\u00e1 se faz uma s\u00f3.<br \/>\nCom amor este hino entoamos<br \/>\nA Ant\u00f4nio de Categer\u00f3.<\/p>\n<p>Refr\u00e3o:<br \/>\nDilu\u00eddo em Cristo Bom Pastor<br \/>\nTransparece com toda humildade,<br \/>\nA alegria, o servi\u00e7o e o amor<br \/>\nDe Jesus que se fez caridade.<\/p>\n<p>De Francisco na Ordem Terceira<br \/>\nIngressou com sublime ardor,<br \/>\nConduzindo \u00e0 paz derradeira,<br \/>\nAos enfermos de Nosso Senhor.<\/p>\n<p>O pastor de ovelhas de outrora<br \/>\nNovo rumo, enfim, j\u00e1 tornou;<br \/>\nConduzindo as almas agora<br \/>\nSeu exemplo entre n\u00f3s ecoou.<\/p>\n<p>Nosso Tio Ant\u00f4nio amado,<br \/>\nGrande Santo ouvi o clamor<br \/>\nDeste povo que tem implorado<br \/>\nUma ben\u00e7\u00e3o de Nosso Senhor.<\/p>\n<p>(Nota do Portal &#8211; obtido junto ao autor que \u00e9 Ten Cel, Capel\u00e3o Militar do Ex\u00e9rcito Brasileiro, capichaba, servindo no Sul e devoto de Categer\u00f3)<\/p>\n","protected":false},"excerpt":{"rendered":"<p>M\u00fasica: Antigo Hino da Igreja Letra: Estev\u00e3o Rosa do Esp\u00edrito Santo (Ten Cel EB &#8211; Capel\u00e3o Militar) Neste dia alegre cantamos, Nossa voz j\u00e1 se faz uma s\u00f3. Com amor este hino entoamos A Ant\u00f4nio de Categer\u00f3. Refr\u00e3o: Dilu\u00eddo em Cristo Bom Pastor Transparece com toda humildade, A alegria, o servi\u00e7o e o amor De [&hellip;]<\/p>\n","protected":false},"author":1,"featured_media":8422,"parent":3761,"menu_order":0,"comment_status":"closed","ping_status":"closed","template":"","meta":{"ngg_post_thumbnail":0,"footnotes":""},"class_list":["post-400","page","type-page","status-publish","has-post-thumbnail","hentry"],"_links":{"self":[{"href":"https:\/\/categero.org.br\/antigo\/index.php?rest_route=\/wp\/v2\/pages\/400","targetHints":{"allow":["GET"]}}],"collection":[{"href":"https:\/\/categero.org.br\/antigo\/index.php?rest_route=\/wp\/v2\/pages"}],"about":[{"href":"https:\/\/categero.org.br\/antigo\/index.php?rest_route=\/wp\/v2\/types\/page"}],"author":[{"embeddable":true,"href":"https:\/\/categero.org.br\/antigo\/index.php?rest_route=\/wp\/v2\/users\/1"}],"replies":[{"embeddable":true,"href":"https:\/\/categero.org.br\/antigo\/index.php?rest_route=%2Fwp%2Fv2%2Fcomments&post=400"}],"version-history":[{"count":8,"href":"https:\/\/categero.org.br\/antigo\/index.php?rest_route=\/wp\/v2\/pages\/400\/revisions"}],"predecessor-version":[{"id":10750,"href":"https:\/\/categero.org.br\/antigo\/index.php?rest_route=\/wp\/v2\/pages\/400\/revisions\/10750"}],"up":[{"embeddable":true,"href":"https:\/\/categero.org.br\/antigo\/index.php?rest_route=\/wp\/v2\/pages\/3761"}],"wp:featuredmedia":[{"embeddable":true,"href":"https:\/\/categero.org.br\/antigo\/index.php?rest_route=\/wp\/v2\/media\/8422"}],"wp:attachment":[{"href":"https:\/\/categero.org.br\/antigo\/index.php?rest_route=%2Fwp%2Fv2%2Fmedia&parent=400"}],"curies":[{"name":"wp","href":"https:\/\/api.w.org\/{rel}","templated":true}]}}