{"id":392,"date":"2010-10-02T20:17:02","date_gmt":"2010-10-02T20:17:02","guid":{"rendered":"http:\/\/www.categero.org.br\/?page_id=392"},"modified":"2014-02-21T13:53:58","modified_gmt":"2014-02-21T16:53:58","slug":"a-santo-antonio-de-categero-sp","status":"publish","type":"page","link":"https:\/\/categero.org.br\/antigo\/?page_id=392","title":{"rendered":"A Santo Ant\u00f4nio de Categer\u00f3 \u2013 SP"},"content":{"rendered":"<p style=\"text-align: right;\"><a href=\"http:\/\/categero.org.br\/wp-content\/uploads\/2014\/02\/CATEGERO-EM-SP.jpg\"><img loading=\"lazy\" decoding=\"async\" class=\"aligncenter size-medium wp-image-8408\" alt=\"CATEGERO EM SP\" src=\"http:\/\/categero.org.br\/wp-content\/uploads\/2014\/02\/CATEGERO-EM-SP-300x158.jpg\" width=\"300\" height=\"158\" srcset=\"https:\/\/categero.org.br\/antigo\/wp-content\/uploads\/2014\/02\/CATEGERO-EM-SP-300x158.jpg 300w, https:\/\/categero.org.br\/antigo\/wp-content\/uploads\/2014\/02\/CATEGERO-EM-SP.jpg 361w\" sizes=\"auto, (max-width: 300px) 100vw, 300px\" \/><\/a><\/p>\n<p style=\"text-align: right;\">\n<p style=\"text-align: right;\"><em>SP\/S\u00e3o Paulo \u2013 Igreja das Chagas do Ser\u00e1fico Pai S\u00e3o Farncisco (ordem 3\u00aa) ou tamb\u00e9m da Penit\u00eancia<\/em><\/p>\n<p style=\"text-align: center;\"><strong>Frater Pius<\/strong><\/p>\n<p style=\"padding-left: 120px;\">Da l\u00edbica terra da \u00e1frica gente,<br \/>\nQue o mar interior, t\u00e3o salso e t\u00e3o quente,<br \/>\nPerlonga a bramir,<br \/>\nBalou\u00e7am-te o ber\u00e7o, \u00f3 meiga crian\u00e7a,<br \/>\nOs brandos ventos duma alta esperan\u00e7a<br \/>\nDum miro provir.<\/p>\n<p style=\"padding-left: 120px;\">Estribilho:<br \/>\nHarpa da igreja, dedilha teu canto,<br \/>\nQue a gl\u00f3ria obumbre do gr\u00e3o Fara\u00f3;<br \/>\nErgue louvores a teu filho santo,<br \/>\nA santo Ant\u00f4nio de Categer\u00f3.<\/p>\n<p style=\"padding-left: 120px;\">Mas, ai \u201cque cedo te empolgam a\u00e7ores,<br \/>\nPiratas feros, de negros captores,<br \/>\nDos mares terror\u201d.<br \/>\nCativo te vendem numa angra de ilha<br \/>\nE ali, na terra de nome Sic\u00edlia,<br \/>\nTe aguarda o Senhor.<\/p>\n<p style=\"padding-left: 120px;\">Viol\u00eancias te s\u00e3o caminhos da gra\u00e7a,<br \/>\nVeredas por onde zeloso passa<br \/>\nO Cristo Jesus:<br \/>\nO Cristo que arranca \u00e0s fauces do crime,<br \/>\nQue salva do averno e a todos redime<br \/>\nPor meio da cruz.<\/p>\n<p style=\"padding-left: 120px;\">A ele te rendes, e segues constrito<br \/>\nDo santo Evangelho o Mestre bendito,<br \/>\nQue salvo te quis<br \/>\nLiberto das peias de escravo e de infiel,<br \/>\nTe cinge o cord\u00e3o, te veste o burel<br \/>\nDos frades de Assis.<\/p>\n<p style=\"padding-left: 120px;\">Ant\u00f4nio de nome, a Cruz por bandeira,<br \/>\nDa snata mil\u00edcia da ordem terceira<br \/>\nHumilde regrante,<br \/>\nProssegues, teimoso, a luta, que \u00e9 rude<br \/>\nDa paz e do bem, de toda virtude,<br \/>\nSeguro e constante.<\/p>\n<p style=\"padding-left: 120px;\">Sic\u00edlia te aclama, o mundo te canta,<br \/>\nA Igreja tamb\u00e9m tuas cinzas levanta<br \/>\nDa tumba, do p\u00f3<br \/>\nVenera-te grato o nobre e o camp\u00f4nio<br \/>\nE todos te exortam \u2013 \u00f3 Santo Ant\u00f4nio<br \/>\nDe Categer\u00f3.<\/p>\n<p style=\"padding-left: 120px;\">Igreja da Vener\u00e1vel Ordem Terceira da Penit\u00eancia,<br \/>\nLargo de S\u00e3o Franscisco &#8211; S\u00e3o Paulo<\/p>\n<p style=\"padding-left: 120px;\">Nota do Portal &#8211; P\u00e1gs. 91 e 92 do Livro &#8220;Categer\u00f3 &#8211; Sinal prof\u00e9tico do emprenho pelos pobres&#8221; do Monsenhor Salvatore Guastella.<\/p>\n","protected":false},"excerpt":{"rendered":"<p>SP\/S\u00e3o Paulo \u2013 Igreja das Chagas do Ser\u00e1fico Pai S\u00e3o Farncisco (ordem 3\u00aa) ou tamb\u00e9m da Penit\u00eancia Frater Pius Da l\u00edbica terra da \u00e1frica gente, Que o mar interior, t\u00e3o salso e t\u00e3o quente, Perlonga a bramir, Balou\u00e7am-te o ber\u00e7o, \u00f3 meiga crian\u00e7a, Os brandos ventos duma alta esperan\u00e7a Dum miro provir. Estribilho: Harpa da [&hellip;]<\/p>\n","protected":false},"author":1,"featured_media":8408,"parent":3761,"menu_order":0,"comment_status":"closed","ping_status":"closed","template":"","meta":{"ngg_post_thumbnail":0,"footnotes":""},"class_list":["post-392","page","type-page","status-publish","has-post-thumbnail","hentry"],"_links":{"self":[{"href":"https:\/\/categero.org.br\/antigo\/index.php?rest_route=\/wp\/v2\/pages\/392","targetHints":{"allow":["GET"]}}],"collection":[{"href":"https:\/\/categero.org.br\/antigo\/index.php?rest_route=\/wp\/v2\/pages"}],"about":[{"href":"https:\/\/categero.org.br\/antigo\/index.php?rest_route=\/wp\/v2\/types\/page"}],"author":[{"embeddable":true,"href":"https:\/\/categero.org.br\/antigo\/index.php?rest_route=\/wp\/v2\/users\/1"}],"replies":[{"embeddable":true,"href":"https:\/\/categero.org.br\/antigo\/index.php?rest_route=%2Fwp%2Fv2%2Fcomments&post=392"}],"version-history":[{"count":5,"href":"https:\/\/categero.org.br\/antigo\/index.php?rest_route=\/wp\/v2\/pages\/392\/revisions"}],"predecessor-version":[{"id":8427,"href":"https:\/\/categero.org.br\/antigo\/index.php?rest_route=\/wp\/v2\/pages\/392\/revisions\/8427"}],"up":[{"embeddable":true,"href":"https:\/\/categero.org.br\/antigo\/index.php?rest_route=\/wp\/v2\/pages\/3761"}],"wp:featuredmedia":[{"embeddable":true,"href":"https:\/\/categero.org.br\/antigo\/index.php?rest_route=\/wp\/v2\/media\/8408"}],"wp:attachment":[{"href":"https:\/\/categero.org.br\/antigo\/index.php?rest_route=%2Fwp%2Fv2%2Fmedia&parent=392"}],"curies":[{"name":"wp","href":"https:\/\/api.w.org\/{rel}","templated":true}]}}