{"id":3848,"date":"2012-01-31T14:04:51","date_gmt":"2012-01-31T17:04:51","guid":{"rendered":"http:\/\/www.categero.org.br\/?page_id=3848"},"modified":"2014-02-03T14:14:43","modified_gmt":"2014-02-03T17:14:43","slug":"reportagens-fisicas-e-virtuais","status":"publish","type":"page","link":"https:\/\/categero.org.br\/antigo\/?page_id=3848","title":{"rendered":"Reportagens (F\u00edsicas e Virtuais)"},"content":{"rendered":"<p>2007 \u2013 Porte Luso-brasileiro para lus\u00f3fonos; Revista de Artur da T\u00e1vola &#8211; (<a href=\"http:\/\/www.categero.org.br\/2-manifestacoes-do-conhecimento\/reportagens-fisicas-e-virtuais\/2007-%E2%80%93-porte-luso-brasileiro-para-lusofonos-revista-de-artur-da-tavola\/\">Abrir<\/a>)<\/p>\n<p>Ba\u00eda de C\u00e2mara de Lobos&#8221; por Manuel Pedro Freitas &#8211; (<a href=\"http:\/\/www.categero.org.br\/2-manifestacoes-do-conhecimento\/reportagens-fisicas-e-virtuais\/baia-de-camara-de-lobos-por-manuel-pedro-freitas\/\">Abrir<\/a>)<\/p>\n<p>&nbsp;<\/p>\n<p>Boa Morte e outras irmandades &#8211; (<a href=\"http:\/\/www.categero.org.br\/2-manifestacoes-do-conhecimento\/reportagens-fisicas-e-virtuais\/boa-morte-e-outras-irmandades\/\">Abrir<\/a>)<\/p>\n<p>&nbsp;<\/p>\n<p>Festa de Santo Ant\u00f4nio de Categer\u00f3 &#8211; Salvador\/BA &#8211; (<a href=\"http:\/\/www.categero.org.br\/2-manifestacoes-do-conhecimento\/reportagens-fisicas-e-virtuais\/festa-de-santo-antonio-de-categero-salvadorba\/\">Abrir<\/a>)<\/p>\n<p>&nbsp;<\/p>\n<p>Hist\u00f3ria da Par\u00f3quia de S\u00e3o Pedro &#8211; (<a href=\"http:\/\/www.categero.org.br\/2-manifestacoes-do-conhecimento\/reportagens-fisicas-e-virtuais\/historia-da-paroquia-de-sao-pedro\/\">Abrir<\/a>)<\/p>\n<p>&nbsp;<\/p>\n<p>RJ &#8211; Educa\u00e7\u00e3o em Linha \u2013 ano IV n\u00ba12 \u2013 abril\/junho de 2010 &#8211; (<a href=\"http:\/\/www.categero.org.br\/2-manifestacoes-do-conhecimento\/reportagens-fisicas-e-virtuais\/rj-educacao-em-linha-%E2%80%93-ano-iv-n%C2%BA12-%E2%80%93-abriljunho-de-2010\/\">Abrir<\/a>)<\/p>\n<p>&nbsp;<\/p>\n<p>SP &#8211; Descri\u00e7\u00e3o da Igreja da Ordem 3\u00aa de S\u00e3o Francisco de Assis &#8211; (<a href=\"http:\/\/www.categero.org.br\/2-manifestacoes-do-conhecimento\/reportagens-fisicas-e-virtuais\/sp-igreja-da-ordem-3%C2%AA-de-sao-francisco-de-assis\/\">Abrir<\/a>)<\/p>\n","protected":false},"excerpt":{"rendered":"<p>2007 \u2013 Porte Luso-brasileiro para lus\u00f3fonos; Revista de Artur da T\u00e1vola &#8211; (Abrir) Ba\u00eda de C\u00e2mara de Lobos&#8221; por Manuel Pedro Freitas &#8211; (Abrir) &nbsp; Boa Morte e outras irmandades &#8211; (Abrir) &nbsp; Festa de Santo Ant\u00f4nio de Categer\u00f3 &#8211; Salvador\/BA &#8211; (Abrir) &nbsp; Hist\u00f3ria da Par\u00f3quia de S\u00e3o Pedro &#8211; (Abrir) &nbsp; RJ &#8211; [&hellip;]<\/p>\n","protected":false},"author":1,"featured_media":0,"parent":3800,"menu_order":6,"comment_status":"open","ping_status":"open","template":"","meta":{"ngg_post_thumbnail":0,"footnotes":""},"class_list":["post-3848","page","type-page","status-publish","hentry"],"_links":{"self":[{"href":"https:\/\/categero.org.br\/antigo\/index.php?rest_route=\/wp\/v2\/pages\/3848","targetHints":{"allow":["GET"]}}],"collection":[{"href":"https:\/\/categero.org.br\/antigo\/index.php?rest_route=\/wp\/v2\/pages"}],"about":[{"href":"https:\/\/categero.org.br\/antigo\/index.php?rest_route=\/wp\/v2\/types\/page"}],"author":[{"embeddable":true,"href":"https:\/\/categero.org.br\/antigo\/index.php?rest_route=\/wp\/v2\/users\/1"}],"replies":[{"embeddable":true,"href":"https:\/\/categero.org.br\/antigo\/index.php?rest_route=%2Fwp%2Fv2%2Fcomments&post=3848"}],"version-history":[{"count":4,"href":"https:\/\/categero.org.br\/antigo\/index.php?rest_route=\/wp\/v2\/pages\/3848\/revisions"}],"predecessor-version":[{"id":7037,"href":"https:\/\/categero.org.br\/antigo\/index.php?rest_route=\/wp\/v2\/pages\/3848\/revisions\/7037"}],"up":[{"embeddable":true,"href":"https:\/\/categero.org.br\/antigo\/index.php?rest_route=\/wp\/v2\/pages\/3800"}],"wp:attachment":[{"href":"https:\/\/categero.org.br\/antigo\/index.php?rest_route=%2Fwp%2Fv2%2Fmedia&parent=3848"}],"curies":[{"name":"wp","href":"https:\/\/api.w.org\/{rel}","templated":true}]}}