{"id":3846,"date":"2012-01-31T14:06:47","date_gmt":"2012-01-31T17:06:47","guid":{"rendered":"http:\/\/www.categero.org.br\/?page_id=3846"},"modified":"2014-02-03T13:57:48","modified_gmt":"2014-02-03T16:57:48","slug":"textos-do-portal","status":"publish","type":"page","link":"https:\/\/categero.org.br\/antigo\/?page_id=3846","title":{"rendered":"Rela\u00e7\u00e3o de Papers e Ensaios do Portal"},"content":{"rendered":"<p>&#8220;Categer\u00f3: de muitas faces; de muitos nomes; e de lugares diferentes&#8221; &#8211; (<a href=\"http:\/\/www.categero.org.br\/2-manifestacoes-do-conhecimento\/textos-do-portal\/categero-de-muitas-faces-de-muitos-nomes-e-de-lugares-diferentes\/\">Abrir<\/a>)<\/p>\n<p>&nbsp;<\/p>\n<p>2010 &#8211; Quando foi mesmo que eu conheci Categer\u00f3? Poa\/RS &#8211; (<a href=\"http:\/\/www.categero.org.br\/2-manifestacoes-do-conhecimento\/textos-do-portal\/2010-quando-foi-mesmo-que-eu-conheci-categero-poars\/\">Abrir<\/a>)<\/p>\n<p>&nbsp;<\/p>\n<p>2010 &#8211; Santinhos II: rostos da estatu\u00e1ria de Categero &#8211; (<a href=\"http:\/\/www.categero.org.br\/2-manifestacoes-do-conhecimento\/textos-do-portal\/2010-santinhos-ii-rostos-da-estatuaria-de-categero\/\">Abrir<\/a>)<\/p>\n<p>&nbsp;<\/p>\n<p>2010 Poa\/RS &#8211; Rostos de santinhos e na Estatu\u00e1ria de Categer\u00f3 &#8211; (<a href=\"http:\/\/www.categero.org.br\/2-manifestacoes-do-conhecimento\/textos-do-portal\/rostos-de-santinhos-e-na-estatuaria-de-categero\/\">Abrir<\/a>)<\/p>\n<p>&nbsp;<\/p>\n<p>2010(set) &#8211; A devo\u00e7\u00e3o comparada entre as Regi\u00f5es brasileiras\/Poa-RS &#8211; (<a href=\"http:\/\/www.categero.org.br\/2-manifestacoes-do-conhecimento\/textos-do-portal\/2010set-a-devocao-comparada-entre-as-regioes-brasileiraspoa-rs\/\">Abrir<\/a>)<\/p>\n<p>&nbsp;<\/p>\n<p>As 300 primeiras Postagens de categero.org.br &#8211; (<a href=\"http:\/\/www.categero.org.br\/2-manifestacoes-do-conhecimento\/textos-do-portal\/300-postagens-de-categero-org\/\">Abrir<\/a>)<\/p>\n<p>&nbsp;<\/p>\n<p>Debret registrou Santo Antonio de Noto nas Prociss\u00f5es do Rio nos s\u00e9c XVI e XVII &#8211; (<a href=\"http:\/\/www.categero.org.br\/2-manifestacoes-do-conhecimento\/textos-do-portal\/sec-xvi-e-xviirj-antiga-procissao-de-categero\/\">Abrir<\/a>)<\/p>\n","protected":false},"excerpt":{"rendered":"<p>&#8220;Categer\u00f3: de muitas faces; de muitos nomes; e de lugares diferentes&#8221; &#8211; (Abrir) &nbsp; 2010 &#8211; Quando foi mesmo que eu conheci Categer\u00f3? Poa\/RS &#8211; (Abrir) &nbsp; 2010 &#8211; Santinhos II: rostos da estatu\u00e1ria de Categero &#8211; (Abrir) &nbsp; 2010 Poa\/RS &#8211; Rostos de santinhos e na Estatu\u00e1ria de Categer\u00f3 &#8211; (Abrir) &nbsp; 2010(set) &#8211; [&hellip;]<\/p>\n","protected":false},"author":1,"featured_media":0,"parent":3800,"menu_order":5,"comment_status":"open","ping_status":"open","template":"","meta":{"ngg_post_thumbnail":0,"footnotes":""},"class_list":["post-3846","page","type-page","status-publish","hentry"],"_links":{"self":[{"href":"https:\/\/categero.org.br\/antigo\/index.php?rest_route=\/wp\/v2\/pages\/3846","targetHints":{"allow":["GET"]}}],"collection":[{"href":"https:\/\/categero.org.br\/antigo\/index.php?rest_route=\/wp\/v2\/pages"}],"about":[{"href":"https:\/\/categero.org.br\/antigo\/index.php?rest_route=\/wp\/v2\/types\/page"}],"author":[{"embeddable":true,"href":"https:\/\/categero.org.br\/antigo\/index.php?rest_route=\/wp\/v2\/users\/1"}],"replies":[{"embeddable":true,"href":"https:\/\/categero.org.br\/antigo\/index.php?rest_route=%2Fwp%2Fv2%2Fcomments&post=3846"}],"version-history":[{"count":4,"href":"https:\/\/categero.org.br\/antigo\/index.php?rest_route=\/wp\/v2\/pages\/3846\/revisions"}],"predecessor-version":[{"id":7035,"href":"https:\/\/categero.org.br\/antigo\/index.php?rest_route=\/wp\/v2\/pages\/3846\/revisions\/7035"}],"up":[{"embeddable":true,"href":"https:\/\/categero.org.br\/antigo\/index.php?rest_route=\/wp\/v2\/pages\/3800"}],"wp:attachment":[{"href":"https:\/\/categero.org.br\/antigo\/index.php?rest_route=%2Fwp%2Fv2%2Fmedia&parent=3846"}],"curies":[{"name":"wp","href":"https:\/\/api.w.org\/{rel}","templated":true}]}}