{"id":3844,"date":"2012-01-31T14:03:19","date_gmt":"2012-01-31T17:03:19","guid":{"rendered":"http:\/\/www.categero.org.br\/?page_id=3844"},"modified":"2014-02-03T13:54:50","modified_gmt":"2014-02-03T16:54:50","slug":"ensaios-e-papers","status":"publish","type":"page","link":"https:\/\/categero.org.br\/antigo\/?page_id=3844","title":{"rendered":"Rela\u00e7\u00e3o de Ensaios e Papers"},"content":{"rendered":"<p>P\u00e1dua\/It\u00e1lia\/1995 &#8211; Identifica\u00e7\u00e3o de Santo Ant\u00f4nio = (<a href=\"http:\/\/www.categero.org.br\/2-manifestacoes-do-conhecimento\/ensaios-e-papers\/1995paduaitalia-identificacao-de-santo-antonio\/\">Abrir<\/a>)<\/p>\n<p>&nbsp;<\/p>\n<p>BA\/2006 &#8211; Cat\u00e1logo das Refer\u00eancias Culturais do Centro Hist\u00f3rico de Salvador &#8211; (<a href=\"http:\/\/www.categero.org.br\/2-manifestacoes-do-conhecimento\/ensaios-e-papers\/10-2006catalogo-das-referencias-culturais-do-centro-historico-de-salvador\/\">Abrir<\/a>)<\/p>\n<p>&nbsp;<\/p>\n<p>BA\/2007 &#8211; Cultura e Sociedade no Antigo Centro de Salvador: mapeamento de refer\u00eancias culturais &#8211; (<a href=\"http:\/\/www.categero.org.br\/2-manifestacoes-do-conhecimento\/ensaios-e-papers\/18-2007ba-cultura-e-sociedade-no-antigo-centro-de-salvadormapeamento-de-referencias-culturais\/\">Abrir<\/a>)<\/p>\n<p>&nbsp;<\/p>\n<p>BA\/2007 &#8211; O Culto a Santos Cat\u00f3licos e a escravid\u00e3o africana no Brasil colonial &#8211; (<a href=\"http:\/\/www.categero.org.br\/2-manifestacoes-do-conhecimento\/ensaios-e-papers\/13-2007o-culto-a-santos-catolicos-e-a-escravidao-africana-no-brasil-colonial\/\">Abrir<\/a>)<\/p>\n<p>&nbsp;<\/p>\n<p>Categer\u00f3 e os Casais Santos de hoje -2010 &#8211; (<a href=\"http:\/\/www.categero.org.br\/2-manifestacoes-do-conhecimento\/ensaios-e-papers\/categero-e-os-casais-santos-de-hoje\/\">Abrir<\/a>)<\/p>\n<p>&nbsp;<\/p>\n<p>Revista Eletr\u00f4nica com Calend\u00e1rio Tem\u00e1tico \u00c9tnico (Afro) \u2013 cita Categer\u00f3 &#8211; (<a href=\"http:\/\/www.categero.org.br\/2-manifestacoes-do-conhecimento\/ensaios-e-papers\/revista-eletronica-com-calendario-tematico-etnico-afro-%E2%80%93-cita-categero\/\">Abrir<\/a>)<\/p>\n<p>&nbsp;<\/p>\n<p>RJ\/2009 &#8211; An\u00e1lise de Prociss\u00f5es e Entrudos &#8211; (<a href=\"http:\/\/www.categero.org.br\/2-manifestacoes-do-conhecimento\/ensaios-e-papers\/2009-analise-de-procissoes-e-entrudos\/\">Abrir<\/a>)<\/p>\n<p>&nbsp;<\/p>\n<p>RJ\/2009 &#8211; Santos de vestir da Prociss\u00e3o das Cinzas do Rio de Janeiro &#8211; Fisionomias da f\u00e9 &#8211; (<a href=\"http:\/\/www.categero.org.br\/2-manifestacoes-do-conhecimento\/ensaios-e-papers\/2009rj-santos-de-vestir-da-procissao-das-cinzas-do-rio-de-janeiro-fisionomias-da-fe\/\">Abrir<\/a>)<\/p>\n<p>&nbsp;<\/p>\n<p>RS\/2005 &#8211; Rosa Egipc\u00edaca: Uma Santa Africana no Brasil Colonial &#8211; (<a href=\"http:\/\/www.categero.org.br\/2-manifestacoes-do-conhecimento\/ensaios-e-papers\/30-2005-rosa-egipciaca-uma-santa-africana-no-brasil-colonial\/\">Abrir<\/a>)<\/p>\n<p>&nbsp;<\/p>\n<p>SC\/2008 &#8211; Os Santos Negros Esquecidos &#8211; (<a href=\"http:\/\/www.categero.org.br\/2-manifestacoes-do-conhecimento\/ensaios-e-papers\/2008-os-santos-negros\/\">Abrir<\/a>)<\/p>\n<p>&nbsp;<\/p>\n<p>SE\/2007 &#8211; Eufrazia Santos na Revista TOMO &#8211; (<a href=\"http:\/\/www.categero.org.br\/2-manifestacoes-do-conhecimento\/ensaios-e-papers\/35-2007se-eufrazia-santos-na-revista-tomo\/\">Abrir<\/a>)<\/p>\n","protected":false},"excerpt":{"rendered":"<p>P\u00e1dua\/It\u00e1lia\/1995 &#8211; Identifica\u00e7\u00e3o de Santo Ant\u00f4nio = (Abrir) &nbsp; BA\/2006 &#8211; Cat\u00e1logo das Refer\u00eancias Culturais do Centro Hist\u00f3rico de Salvador &#8211; (Abrir) &nbsp; BA\/2007 &#8211; Cultura e Sociedade no Antigo Centro de Salvador: mapeamento de refer\u00eancias culturais &#8211; (Abrir) &nbsp; BA\/2007 &#8211; O Culto a Santos Cat\u00f3licos e a escravid\u00e3o africana no Brasil colonial &#8211; [&hellip;]<\/p>\n","protected":false},"author":1,"featured_media":0,"parent":3800,"menu_order":4,"comment_status":"open","ping_status":"open","template":"","meta":{"ngg_post_thumbnail":0,"footnotes":""},"class_list":["post-3844","page","type-page","status-publish","hentry"],"_links":{"self":[{"href":"https:\/\/categero.org.br\/antigo\/index.php?rest_route=\/wp\/v2\/pages\/3844","targetHints":{"allow":["GET"]}}],"collection":[{"href":"https:\/\/categero.org.br\/antigo\/index.php?rest_route=\/wp\/v2\/pages"}],"about":[{"href":"https:\/\/categero.org.br\/antigo\/index.php?rest_route=\/wp\/v2\/types\/page"}],"author":[{"embeddable":true,"href":"https:\/\/categero.org.br\/antigo\/index.php?rest_route=\/wp\/v2\/users\/1"}],"replies":[{"embeddable":true,"href":"https:\/\/categero.org.br\/antigo\/index.php?rest_route=%2Fwp%2Fv2%2Fcomments&post=3844"}],"version-history":[{"count":4,"href":"https:\/\/categero.org.br\/antigo\/index.php?rest_route=\/wp\/v2\/pages\/3844\/revisions"}],"predecessor-version":[{"id":7033,"href":"https:\/\/categero.org.br\/antigo\/index.php?rest_route=\/wp\/v2\/pages\/3844\/revisions\/7033"}],"up":[{"embeddable":true,"href":"https:\/\/categero.org.br\/antigo\/index.php?rest_route=\/wp\/v2\/pages\/3800"}],"wp:attachment":[{"href":"https:\/\/categero.org.br\/antigo\/index.php?rest_route=%2Fwp%2Fv2%2Fmedia&parent=3844"}],"curies":[{"name":"wp","href":"https:\/\/api.w.org\/{rel}","templated":true}]}}