{"id":3842,"date":"2012-01-31T14:02:19","date_gmt":"2012-01-31T17:02:19","guid":{"rendered":"http:\/\/www.categero.org.br\/?page_id=3842"},"modified":"2013-12-13T09:17:51","modified_gmt":"2013-12-13T12:17:51","slug":"monografia","status":"publish","type":"page","link":"https:\/\/categero.org.br\/antigo\/?page_id=3842","title":{"rendered":"Monografias"},"content":{"rendered":"<p>BA\/2005 &#8211; A missa de Santo Ant\u00f4nio do Categer\u00f3  &#8211;  (<a href=\"http:\/\/www.categero.org.br\/2-manifestacoes-do-conhecimento\/monografia\/8-2005a-missa-de-santo-antonio-do-categero\/\">Abrir<\/a>)<\/p>\n<p>BA\/2006 &#8211; Invent\u00e1rio digital do patrim\u00f4nio imaterial do Centro hist\u00f3rico de Salvador  &#8211;  (http:\/\/www.categero.org.br\/2-manifestacoes-do-conhecimento\/monografia\/2006inventario-digital-do-patrimonio-imaterial-do-centro-historico-de-salvador\/)<\/p>\n","protected":false},"excerpt":{"rendered":"<p>BA\/2005 &#8211; A missa de Santo Ant\u00f4nio do Categer\u00f3 &#8211; (Abrir) BA\/2006 &#8211; Invent\u00e1rio digital do patrim\u00f4nio imaterial do Centro hist\u00f3rico de Salvador &#8211; (http:\/\/www.categero.org.br\/2-manifestacoes-do-conhecimento\/monografia\/2006inventario-digital-do-patrimonio-imaterial-do-centro-historico-de-salvador\/)<\/p>\n","protected":false},"author":1,"featured_media":0,"parent":3800,"menu_order":3,"comment_status":"open","ping_status":"open","template":"","meta":{"ngg_post_thumbnail":0,"footnotes":""},"class_list":["post-3842","page","type-page","status-publish","hentry"],"_links":{"self":[{"href":"https:\/\/categero.org.br\/antigo\/index.php?rest_route=\/wp\/v2\/pages\/3842","targetHints":{"allow":["GET"]}}],"collection":[{"href":"https:\/\/categero.org.br\/antigo\/index.php?rest_route=\/wp\/v2\/pages"}],"about":[{"href":"https:\/\/categero.org.br\/antigo\/index.php?rest_route=\/wp\/v2\/types\/page"}],"author":[{"embeddable":true,"href":"https:\/\/categero.org.br\/antigo\/index.php?rest_route=\/wp\/v2\/users\/1"}],"replies":[{"embeddable":true,"href":"https:\/\/categero.org.br\/antigo\/index.php?rest_route=%2Fwp%2Fv2%2Fcomments&post=3842"}],"version-history":[{"count":3,"href":"https:\/\/categero.org.br\/antigo\/index.php?rest_route=\/wp\/v2\/pages\/3842\/revisions"}],"predecessor-version":[{"id":5860,"href":"https:\/\/categero.org.br\/antigo\/index.php?rest_route=\/wp\/v2\/pages\/3842\/revisions\/5860"}],"up":[{"embeddable":true,"href":"https:\/\/categero.org.br\/antigo\/index.php?rest_route=\/wp\/v2\/pages\/3800"}],"wp:attachment":[{"href":"https:\/\/categero.org.br\/antigo\/index.php?rest_route=%2Fwp%2Fv2%2Fmedia&parent=3842"}],"curies":[{"name":"wp","href":"https:\/\/api.w.org\/{rel}","templated":true}]}}