{"id":3840,"date":"2012-01-31T14:01:43","date_gmt":"2012-01-31T17:01:43","guid":{"rendered":"http:\/\/www.categero.org.br\/?page_id=3840"},"modified":"2014-02-03T13:53:12","modified_gmt":"2014-02-03T16:53:12","slug":"dissetacao","status":"publish","type":"page","link":"https:\/\/categero.org.br\/antigo\/?page_id=3840","title":{"rendered":"Rela\u00e7\u00e3o linkada das Disserta\u00e7\u00f5es"},"content":{"rendered":"<p>GO\/2008 \u2013 A Arte Afro-Brasileira <a href=\"http:\/\/www.categero.org.br\/2-manifestacoes-do-conhecimento\/dissetacao\/20-2008go-a-arte-afro-brasileira\/\"> &#8211; (Abrir)<\/a><\/p>\n<p>&nbsp;<\/p>\n<p>PR\/2009 \u2013 Al\u00e9m das Formas, a Bem dos Rostos: faces mesti\u00e7as da produ\u00e7\u00e3o cultural barroca recifense (1701-1789) &#8211; <a href=\"http:\/\/www.categero.org.br\/2-manifestacoes-do-conhecimento\/dissetacao\/22-2009pe-alem-das-formas-a-bem-dos-rostos-faces-mesticas-da-producao-cultural-barroca-recifense-1701-1789\/\"> &#8211; (Abrir)<\/a><\/p>\n<p>&nbsp;<\/p>\n<p>SP\/2010 \u2013 Para al\u00e9m de Salvador e do Rec\u00f4ncavo Baiano: o culto aos santos na Am\u00e9rica Portuguesa <a href=\"http:\/\/www.categero.org.br\/2-manifestacoes-do-conhecimento\/dissetacao\/25-para-alem-de-salvador-e-do-reconcavo-baiano-o-culto-aos-santos-na-america-portuguesa\/\">(Abrir)<\/a><\/p>\n<p>&nbsp;<\/p>\n<p>RJ\/2001 \u2013 Escrava Anast\u00e1cia: constru\u00e7\u00e3o de um s\u00edmbolo e a re-constru\u00e7\u00e3o &#8230;. <a href=\"http:\/\/www.categero.org.br\/2-manifestacoes-do-conhecimento\/dissetacao\/27-2001-niteroirj-%E2%80%93-escrava-anastacia-construcao-de-um-simbolo-e-a-re-construcao\/\">(Abrir)<\/a><\/p>\n<p>&nbsp;<\/p>\n<p>MG\/2010 \u2013 Devo\u00e7\u00e3o e Identidade: O culto de Nossa Senhora dos Rem\u00e9dios na Irmandade do Ros\u00e1rio <a href=\"http:\/\/www.categero.org.br\/2-manifestacoes-do-conhecimento\/dissetacao\/28-2010-sao-del-reimg-devocao-e-identidade-o-culto-de-nossa-senhora-dos-remedios-na-irmandade-do-rosario\/\"> (Abrir)<\/a><\/p>\n<p>&nbsp;<\/p>\n<p>SE\/2008 \u2013 Categer\u00f3 e sua Hist\u00f3ria em Sergipe nos Cadernos do ICHS\/UFOP <a href=\"http:\/\/www.categero.org.br\/2-manifestacoes-do-conhecimento\/dissetacao\/29-categero-e-a-historia-de-sergipe-nos-cadernos-do-ichsufop\/\">(Abrir)<\/a><\/p>\n<p>&nbsp;<\/p>\n<p>BA\/2009 \u2013 A Transmiss\u00e3o do saber em elementos da culin\u00e1ria baiana como deposit\u00e1rio da tradi\u00e7\u00e3o cultural: Uma an\u00e1lise \u00e0 luz da contemporaneidade <a href=\"http:\/\/www.categero.org.br\/2-manifestacoes-do-conhecimento\/dissetacao\/32-2009ba-a-transmissao-do-saber-em-elementos-da-culinaria-baiana-como-depositario-da-tradicao-cultural-uma-analise-a-luz-da-contemporaneidade\/\"> &#8211; (Abrir)<\/a><\/p>\n<p>&nbsp;<\/p>\n<p>PE\/2007 \u2013 Maracatu: Faces e interfaces de uma experi\u00eancia religiosa <a href=\"http:\/\/www.categero.org.br\/2-manifestacoes-do-conhecimento\/dissetacao\/34-2007pe-maracatu-faces-interfaces-de-uma-experiencia-religiosa\/\"> &#8211; (Abrir)<\/a><\/p>\n<p>&nbsp;<\/p>\n<p>RJ\/2006 \u2013 Elos de perman\u00eancia: o lazer como preserva\u00e7\u00e3o da mem\u00f3ria coletiva dos libertos e de seus descendentes em Juiz de Fora no in\u00edcio do s\u00e9culo XX &#8211; <a href=\"http:\/\/www.categero.org.br\/2-manifestacoes-do-conhecimento\/dissetacao\/37-2006rj-elos-de-permanencia-lazer-como-preservacao-da-memoria-coletiva-dos-libertos-de-seus-descendentes-em-juiz-de-fora-inicio-seculo-xx\/\">(Abrir)<\/a><\/p>\n<p>&nbsp;<\/p>\n<p>SP\/2011 \u2013 As rela\u00e7\u00f5es texto-m\u00fasica e o procedimento pian\u00edstico em seis can\u00e7\u00f5es de Ernst Mahle: propostas interpretativas &#8211; <a href=\"http:\/\/www.categero.org.br\/2-manifestacoes-do-conhecimento\/dissetacao\/38-2011sp-relacoes-texto-musica-procedimento-pianistico-em-seis-cancoes-de-ernst-mahle-propostas-interpretativas\/\">(Abrir)<\/a><\/p>\n<p>&nbsp;<\/p>\n<p>BA\/2001 \u2013 Devo\u00e7\u00f5es Cat\u00f3licas Entre os Negos na Bahia &#8211; <a href=\"http:\/\/www.categero.org.br\/2-manifestacoes-do-conhecimento\/dissetacao\/2001-devocoes-6-catolicas-entre-os-negros-na-bahia\/\">(Abrir)<\/a><\/p>\n","protected":false},"excerpt":{"rendered":"<p>GO\/2008 \u2013 A Arte Afro-Brasileira &#8211; (Abrir) &nbsp; PR\/2009 \u2013 Al\u00e9m das Formas, a Bem dos Rostos: faces mesti\u00e7as da produ\u00e7\u00e3o cultural barroca recifense (1701-1789) &#8211; &#8211; (Abrir) &nbsp; SP\/2010 \u2013 Para al\u00e9m de Salvador e do Rec\u00f4ncavo Baiano: o culto aos santos na Am\u00e9rica Portuguesa (Abrir) &nbsp; RJ\/2001 \u2013 Escrava Anast\u00e1cia: constru\u00e7\u00e3o de um [&hellip;]<\/p>\n","protected":false},"author":1,"featured_media":0,"parent":3800,"menu_order":2,"comment_status":"open","ping_status":"open","template":"","meta":{"ngg_post_thumbnail":0,"footnotes":""},"class_list":["post-3840","page","type-page","status-publish","hentry"],"_links":{"self":[{"href":"https:\/\/categero.org.br\/antigo\/index.php?rest_route=\/wp\/v2\/pages\/3840","targetHints":{"allow":["GET"]}}],"collection":[{"href":"https:\/\/categero.org.br\/antigo\/index.php?rest_route=\/wp\/v2\/pages"}],"about":[{"href":"https:\/\/categero.org.br\/antigo\/index.php?rest_route=\/wp\/v2\/types\/page"}],"author":[{"embeddable":true,"href":"https:\/\/categero.org.br\/antigo\/index.php?rest_route=\/wp\/v2\/users\/1"}],"replies":[{"embeddable":true,"href":"https:\/\/categero.org.br\/antigo\/index.php?rest_route=%2Fwp%2Fv2%2Fcomments&post=3840"}],"version-history":[{"count":4,"href":"https:\/\/categero.org.br\/antigo\/index.php?rest_route=\/wp\/v2\/pages\/3840\/revisions"}],"predecessor-version":[{"id":7032,"href":"https:\/\/categero.org.br\/antigo\/index.php?rest_route=\/wp\/v2\/pages\/3840\/revisions\/7032"}],"up":[{"embeddable":true,"href":"https:\/\/categero.org.br\/antigo\/index.php?rest_route=\/wp\/v2\/pages\/3800"}],"wp:attachment":[{"href":"https:\/\/categero.org.br\/antigo\/index.php?rest_route=%2Fwp%2Fv2%2Fmedia&parent=3840"}],"curies":[{"name":"wp","href":"https:\/\/api.w.org\/{rel}","templated":true}]}}