{"id":381,"date":"2010-10-02T19:37:38","date_gmt":"2010-10-02T19:37:38","guid":{"rendered":"http:\/\/www.categero.org.br\/?page_id=381"},"modified":"2013-12-13T09:26:26","modified_gmt":"2013-12-13T12:26:26","slug":"15-2009africa-em-portugal-devocoes-irmandades-e-escravidao-no-reino-de-portugal-seculo-xviii","status":"publish","type":"page","link":"https:\/\/categero.org.br\/antigo\/?page_id=381","title":{"rendered":"SP\/2009 &#8211; &#8220;\u00c1frica em Portugal&#8221;: devo\u00e7\u00f5es, irmandades e escravid\u00e3o no Reino de Portugal, s\u00e9culo XVIII"},"content":{"rendered":"<p>Autor: Lucilene Reginaldo<br \/>\nHist\u00f3ria vol.28 no.1 Franca 2009 &#8211; DOSSI\u00ca: IMP\u00c9RIO PORTUGU\u00caS (On-line version ISSN 1980-4369<\/p>\n<p>RESUMO<br \/>\nEste artigo discute a hist\u00f3ria das irmandades que congregaram escravos e libertos africanos e seus descendentes em Portugal, no s\u00e9culo XVIII. Para tanto, leva em considera\u00e7\u00e3o um panorama mais geral da hist\u00f3ria e da historiografia da escravid\u00e3o e da presen\u00e7a africana em Portugal. Busca compreender o contexto de surgimento e as singularidades das irmandades de negros no cen\u00e1rio das confrarias leigas portuguesas. E, finalmente, destaca com especial aten\u00e7\u00e3o, a import\u00e2ncia destas organiza\u00e7\u00f5es na configura\u00e7\u00e3o da vida comunit\u00e1ria e na defesa dos interesses das popula\u00e7\u00f5es liberta e escrava.<br \/>\nPalavras-chave: Escravid\u00e3o; Irmandades; Africanos; Portugal.<\/p>\n<p>Nota do Portal &#8211; \u00c9 um texto \u00a0bastante revelador quanto a Categer\u00f3.<\/p>\n<p>Arquivo em: <a href=\"http:\/\/www.categero.org.br\/wp-content\/uploads\/2010\/10\/15.DOC.doc\">15.DOC<\/a><\/p>\n<p>Linck de onde consta em PDF:\u00a0 <a href=\"http:\/\/www.scielo.br\/pdf\/his\/v28n1\/11.pdf\">http:\/\/www.scielo.br\/pdf\/his\/v28n1\/11.pdf<\/a><\/p>\n","protected":false},"excerpt":{"rendered":"<p>Autor: Lucilene Reginaldo Hist\u00f3ria vol.28 no.1 Franca 2009 &#8211; DOSSI\u00ca: IMP\u00c9RIO PORTUGU\u00caS (On-line version ISSN 1980-4369 RESUMO Este artigo discute a hist\u00f3ria das irmandades que congregaram escravos e libertos africanos e seus descendentes em Portugal, no s\u00e9culo XVIII. Para tanto, leva em considera\u00e7\u00e3o um panorama mais geral da hist\u00f3ria e da historiografia da escravid\u00e3o e [&hellip;]<\/p>\n","protected":false},"author":1,"featured_media":0,"parent":3838,"menu_order":0,"comment_status":"closed","ping_status":"closed","template":"","meta":{"ngg_post_thumbnail":0,"footnotes":""},"class_list":["post-381","page","type-page","status-publish","hentry"],"_links":{"self":[{"href":"https:\/\/categero.org.br\/antigo\/index.php?rest_route=\/wp\/v2\/pages\/381","targetHints":{"allow":["GET"]}}],"collection":[{"href":"https:\/\/categero.org.br\/antigo\/index.php?rest_route=\/wp\/v2\/pages"}],"about":[{"href":"https:\/\/categero.org.br\/antigo\/index.php?rest_route=\/wp\/v2\/types\/page"}],"author":[{"embeddable":true,"href":"https:\/\/categero.org.br\/antigo\/index.php?rest_route=\/wp\/v2\/users\/1"}],"replies":[{"embeddable":true,"href":"https:\/\/categero.org.br\/antigo\/index.php?rest_route=%2Fwp%2Fv2%2Fcomments&post=381"}],"version-history":[{"count":3,"href":"https:\/\/categero.org.br\/antigo\/index.php?rest_route=\/wp\/v2\/pages\/381\/revisions"}],"predecessor-version":[{"id":5965,"href":"https:\/\/categero.org.br\/antigo\/index.php?rest_route=\/wp\/v2\/pages\/381\/revisions\/5965"}],"up":[{"embeddable":true,"href":"https:\/\/categero.org.br\/antigo\/index.php?rest_route=\/wp\/v2\/pages\/3838"}],"wp:attachment":[{"href":"https:\/\/categero.org.br\/antigo\/index.php?rest_route=%2Fwp%2Fv2%2Fmedia&parent=381"}],"curies":[{"name":"wp","href":"https:\/\/api.w.org\/{rel}","templated":true}]}}