{"id":3761,"date":"2012-01-29T20:11:54","date_gmt":"2012-01-29T23:11:54","guid":{"rendered":"http:\/\/www.categero.org.br\/?page_id=3761"},"modified":"2014-02-21T13:45:28","modified_gmt":"2014-02-21T16:45:28","slug":"hinos-religiosos","status":"publish","type":"page","link":"https:\/\/categero.org.br\/antigo\/?page_id=3761","title":{"rendered":"Hinos Religiosos"},"content":{"rendered":"<p><strong>ESTAMOS pesquisando outros hinos a Categer\u00f3<\/strong><\/p>\n<p>A Santo Ant\u00f4nio de Categer\u00f3 \u2013 SP (<a href=\"http:\/\/www.categero.org.br\/1-manifestacoes-da-fe\/hinos-religiosos\/a-santo-antonio-de-categero-%E2%80%93-sp\/\">S\u00f3 a letra<\/a>)<\/p>\n<p>Hino a Santo Ant\u00f4nio de Categer\u00f3 \u2013 BA (<a href=\"http:\/\/www.categero.org.br\/1-manifestacoes-da-fe\/hinos-religiosos\/hino-a-santo-antonio-de-categero-%E2%80%93-ba\/\">S\u00f3 a letra<\/a>)<\/p>\n<p>Hino a Santo Ant\u00f4nio de Categer\u00f3 \u2013 RS (<a href=\"http:\/\/www.categero.org.br\/1-manifestacoes-da-fe\/hinos-religiosos\/hino-a-santo-antonio-de-categero-%E2%80%93-rs\/\">S\u00f3 a letra<\/a>)<\/p>\n<p>Inno al Beato Antonio Etiope \u2013 Noto\/It\u00e1lia (<a href=\"http:\/\/www.categero.org.br\/1-manifestacoes-da-fe\/hinos-religiosos\/inno-al-beato-antonio-etiope-notoitalia\/\">S\u00f3 a letra<\/a>)<\/p>\n","protected":false},"excerpt":{"rendered":"<p>ESTAMOS pesquisando outros hinos a Categer\u00f3 A Santo Ant\u00f4nio de Categer\u00f3 \u2013 SP (S\u00f3 a letra) Hino a Santo Ant\u00f4nio de Categer\u00f3 \u2013 BA (S\u00f3 a letra) Hino a Santo Ant\u00f4nio de Categer\u00f3 \u2013 RS (S\u00f3 a letra) Inno al Beato Antonio Etiope \u2013 Noto\/It\u00e1lia (S\u00f3 a letra)<\/p>\n","protected":false},"author":1,"featured_media":8416,"parent":3714,"menu_order":3,"comment_status":"open","ping_status":"open","template":"","meta":{"ngg_post_thumbnail":0,"footnotes":""},"class_list":["post-3761","page","type-page","status-publish","has-post-thumbnail","hentry"],"_links":{"self":[{"href":"https:\/\/categero.org.br\/antigo\/index.php?rest_route=\/wp\/v2\/pages\/3761","targetHints":{"allow":["GET"]}}],"collection":[{"href":"https:\/\/categero.org.br\/antigo\/index.php?rest_route=\/wp\/v2\/pages"}],"about":[{"href":"https:\/\/categero.org.br\/antigo\/index.php?rest_route=\/wp\/v2\/types\/page"}],"author":[{"embeddable":true,"href":"https:\/\/categero.org.br\/antigo\/index.php?rest_route=\/wp\/v2\/users\/1"}],"replies":[{"embeddable":true,"href":"https:\/\/categero.org.br\/antigo\/index.php?rest_route=%2Fwp%2Fv2%2Fcomments&post=3761"}],"version-history":[{"count":6,"href":"https:\/\/categero.org.br\/antigo\/index.php?rest_route=\/wp\/v2\/pages\/3761\/revisions"}],"predecessor-version":[{"id":8415,"href":"https:\/\/categero.org.br\/antigo\/index.php?rest_route=\/wp\/v2\/pages\/3761\/revisions\/8415"}],"up":[{"embeddable":true,"href":"https:\/\/categero.org.br\/antigo\/index.php?rest_route=\/wp\/v2\/pages\/3714"}],"wp:featuredmedia":[{"embeddable":true,"href":"https:\/\/categero.org.br\/antigo\/index.php?rest_route=\/wp\/v2\/media\/8416"}],"wp:attachment":[{"href":"https:\/\/categero.org.br\/antigo\/index.php?rest_route=%2Fwp%2Fv2%2Fmedia&parent=3761"}],"curies":[{"name":"wp","href":"https:\/\/api.w.org\/{rel}","templated":true}]}}