{"id":3733,"date":"2012-01-29T19:50:00","date_gmt":"2012-01-29T22:50:00","guid":{"rendered":"http:\/\/www.categero.org.br\/?page_id=3733"},"modified":"2018-06-21T22:03:15","modified_gmt":"2018-06-22T01:03:15","slug":"meu-retorno-a-oracao","status":"publish","type":"page","link":"https:\/\/categero.org.br\/antigo\/?page_id=3733","title":{"rendered":"7\u00aa &#8211; Ora\u00e7\u00e3o (equivalente) Meu retorno \u00e0 ora\u00e7\u00e3o"},"content":{"rendered":"<p style=\"text-align: center;\"><em><span style=\"color: #ff0000;\"><strong>Link &#8211; &nbsp;<a href=\"http:\/\/categero.org.br\/?p=11452\" target=\"_blank\" rel=\"noopener\">Datas de Categer\u00f3<br \/>\n<\/a><\/strong><\/span><\/em><em><span style=\"color: #ff0000;\"><strong>Link &#8211; &nbsp;<span style=\"color: #000000;\"><a href=\"http:\/\/categero.org.br\/?p=11933\" target=\"_blank\" rel=\"noopener\">Perfil, Linha do Tempo e Vaticano<\/a><\/span><\/strong><\/span><\/em><\/p>\n<p style=\"text-align: center;\"><strong><img loading=\"lazy\" decoding=\"async\" width=\"204\" height=\"269\" class=\"aligncenter wp-image-11224\" alt=\"3-categero-meio-corpo-color\" src=\"http:\/\/categero.org.br\/wp-content\/uploads\/2016\/12\/3.-Categer\u00f3-Meio-corpo-Color.jpg\" srcset=\"https:\/\/categero.org.br\/antigo\/wp-content\/uploads\/2016\/12\/3.-Categer\u00f3-Meio-corpo-Color.jpg 482w, https:\/\/categero.org.br\/antigo\/wp-content\/uploads\/2016\/12\/3.-Categer\u00f3-Meio-corpo-Color-227x300.jpg 227w\" sizes=\"auto, (max-width: 204px) 100vw, 204px\" \/><br \/>\nReflex\u00e3o pessoal sobre &nbsp;ORAR e REZAR<\/strong><\/p>\n<p>&nbsp;<\/p>\n<p style=\"text-align: justify;\">Uma pessoa, principalmente, do sexo masculino, quando passa dos sessenta anos de idade e j\u00e1 tem concebida sua pr\u00f3pria estrutura de rela\u00e7\u00e3o espiritual, normalmente, tem a plena consci\u00eancia de sua finitude e da infinitude de Deus.<\/p>\n<p style=\"text-align: justify;\">C\u00f4nscio de sua forma\u00e7\u00e3o religiosa, na falta de respostas objetivas nas coisas materiais, tamb\u00e9m consegue ter uma linguagem, que se n\u00e3o \u00e9 pr\u00f3pria, se pr\u00e9 define pelo conjunto de sua viv\u00eancia e capacidade de apreens\u00e3o do pensamento religioso que teve contato.&nbsp; E, neste caso, meu julgamento decorre de um grande n\u00famero de locais de celebra\u00e7\u00f5es religiosas, das mais diversas, onde espontaneamente compareci para ver e tentar entender o caminho das pessoas e o meu pr\u00f3prio.<\/p>\n<p style=\"text-align: justify;\">Na primeira inf\u00e2ncia, em casa, atrav\u00e9s de minha m\u00e3e, n\u00e3o lembro muito bem, mas provavelmente junto com a alfabetiza\u00e7\u00e3o, que recebi plenamente, antes de chegar ao col\u00e9gio, tamb\u00e9m recebi os princ\u00edpios cat\u00f3licos. \u00c9ramos uma fam\u00edlia bastante crente, mas n\u00e3o praticante no sentido mais rigoroso. Meu pai, expressava seu respeito &nbsp;ao Criador e referia seus livros b\u00e1sicos do esoterismo;&nbsp; minha v\u00f3 materna era uma rezadeira\/benzedeira e minha m\u00e3e me parecia uma cat\u00f3lica, que naquela fase n\u00e3o ia a missa, mas rezava e tinha seus quadros comuns como nas casas da \u00e9poca. O Sagrado Cora\u00e7\u00e3o de Jesus, o Sagrado Cora\u00e7\u00e3o de Maria, uma Nossa Senhora da Concei\u00e7\u00e3o e at\u00e9 um S\u00e3o Jorge.<\/p>\n<p style=\"text-align: justify;\">No Col\u00e9gio Santo Ant\u00f4nio do Partenon, aos onze anos de idade, por ocasi\u00e3o dos dois anos que ali estudei, as 1\u00aa e 2\u00aa s\u00e9ries do ginasial, foi quando recebi uma forma\u00e7\u00e3o cat\u00f3lica formal. Foi quando, al\u00e9m do \u201cbatismo\u201d que recebera nen\u00ea, completei mais quatro dos sete sacramentos da Igreja. Fiz a 1\u00aa comunh\u00e3o \u201cEucaristia\u201d e com ela a confiss\u00e3o \u201cPenit\u00eancia\u201d, me crismei ou \u201cConfirma\u00e7\u00e3o\u201d e, inclusive, por um acidente grave de \u00f4nibus recebi tamb\u00e9m a \u201cun\u00e7\u00e3o dos enfermos\u201d ou mais conhecida como extrema un\u00e7\u00e3o. Aos 27 anos casei e com o \u201cMatrim\u00f4nio\u201d completei seis dos sete sacramentos. S\u00f3 me faltou a \u201cOrdem\u201d, que seria tornar-se um religioso, mesmo que da ordem 3\u00aa, o que me parece imposs\u00edvel, exceto pelo trabalho que desenvolvo na Devo\u00e7\u00e3o a Categer\u00f3, no portal:&nbsp;<a href=\"http:\/\/www.categero.org.br.br\/\">www.categero.org.br<\/a>, que talvez seja o meu sacerd\u00f3cio.<\/p>\n<p style=\"text-align: justify;\">Estive em alguns per\u00edodos ausentes desse conv\u00edvio sistem\u00e1tico com Deus e at\u00e9 cheguei a esbo\u00e7ar alguma descren\u00e7a. Mas meu grande amigo Pe. Jo\u00e3o Petters permitiu-me compreender melhor os des\u00edgnios de Deus. Ele promovia as festas (reuni\u00f5es dan\u00e7antes da \u00e9poca) dos cadetes da Brigada Militar, no por\u00e3o da igreja das Dores, com jovens da par\u00f3quia, em Porto Alegre. Ocorreram v\u00e1rios casamentos, por conseq\u00fc\u00eancia, n\u00e3o o meu. Mas, o Pe. Petters batizou meus filhos, o Cristiano e a Suane. Casou a Suane, batizou a Isabela e j\u00e1 estava hospitalizado quando fui convid\u00e1-lo para batizar a Ant\u00f4nia. Tamb\u00e9m muito me auxiliou na conceitua\u00e7\u00e3o e compreens\u00e3o do fen\u00f4meno das devo\u00e7\u00f5es e, em concreto, sobre Categer\u00f3.<\/p>\n<p style=\"text-align: justify;\">Eu conhecia o caminho. Fui iniciado nele. S\u00f3 estava afastado. E foi gra\u00e7as a amigos que retornei. Agrade\u00e7o ao major P\u00e9rcio, meu s\u00f3cio em diversos e espinhosos trabalhos atrav\u00e9s de quem percebi o esp\u00edrito crist\u00e3o do \u201cespiritismo\u201d; foi com o coronel D\u00e9lbio, colaborador e apoiador, nos meus inc\u00f4modos chamados neg\u00f3cios e empresas, que retomei o h\u00e1bito abandonado de \u201crezar\u201d; e, com o coronel Salom\u00e3o, meu colega de turma (CFO) e arauto do evangelismo militar brasileiro que apreendi a \u201corar\u201d e a retomei dobrar o joelho ao Senhor.<\/p>\n<p style=\"text-align: justify;\">Diariamente, recito Salmos. Comecei a decor\u00e1-los, a partir do Salmo 120 e j\u00e1 estou no 136. Pretendo ir ao \u00faltimo, o 150 e, depois retornar aos primeiros Salmos. E \u00e9, antes do banho, que dobro o meu joelho, em uma ora\u00e7\u00e3o completa (Pai Nosso, Ave Maria e o Anjo da Guarda complementado) e depois, durante o banho, repito mais seis vezes esse grupo de ora\u00e7\u00f5es. Nos intervalos, intercalo, meu \u201cOrar\u201d, na seq\u00fc\u00eancia: 1) Agradecendo a Deus por tudo que me tem aben\u00e7oado, relatando os principais ganhos (permanentes e as eventualidades que ocorram); 2) honro os antepassados \u2013 de sangue e amigos, relatando-os nominalmente. Pai, irm\u00e3os, av\u00f3s, amigos, colegas e ex-comandantes; 3) Intercedo pelos que est\u00e3o vivos \u2013 parentes de sangue e afins, nominando-os, m\u00e3e, esposa, filhos (todos) e netos (todos), irm\u00e3os, cunhados, sobrinhos, afiliados&nbsp; e outros; 4) as pessoas das minhas rela\u00e7\u00f5es funcionais e negociais (funcion\u00e1rios, vendedores, parceiros, credores e suas fam\u00edlias), nominando-os; 5) Escolho tr\u00eas ou quatro pedidos sobre pessoas, bens ou quest\u00f5es da sociedade que estejam necessitando de um equacionamento (mas muito espec\u00edfico com o que \u00e9 pessoal); 6) a rela\u00e7\u00e3o de meus processos pessoais e dos neg\u00f3cios da empresa em ordem de prioridade. Entre as sete repeti\u00e7\u00f5es de meu grupo de ora\u00e7\u00f5es, fa\u00e7o minha reflex\u00e3o com meus seis grupos de propostas \u00e0 Deus, devidamente escalonadas e em suas prioridades. \u00c9 como, diariamente, acreditar que s\u00f3 Deus pode ajudar a gerenciar os problemas e, para ser ajudado eu tenho de sab\u00ea-los \u2013 todos, devidamente equacionados e priorizados. O pedido qualificado e coerente, dificilmente n\u00e3o \u00e9 atendido.<\/p>\n<p style=\"text-align: justify;\">H\u00e1 tr\u00eas anos, quando comecei, eu relacionava mais de uma d\u00fazia, s\u00f3 de processos judiciais. Hoje tenho tr\u00eas e me parece que tudo se ajeita gradativamente. Com em torno de 20 minutos di\u00e1ria fa\u00e7o uma reflex\u00e3o de vida que organiza meus compromissos do dia e a pr\u00f3pria semana.<\/p>\n<p style=\"text-align: justify;\">***********<\/p>\n<p style=\"text-align: justify;\">Meu grupo de ora\u00e7\u00f5es \u00e9: Pai Nosso, &nbsp;Ave Maria e Anjo da Guarda (sete vezes, a \u00faltima de joelhos), &nbsp;seguido, aina de joelhos, do &#8220;Ato de contri\u00e7\u00e3o a Categer\u00f3.<\/p>\n<p style=\"text-align: justify;\">Chamava de \u201cAnjo da Guarda\u201d complementado, ou seja, minha ora\u00e7\u00e3o pessoal, que foi constru\u00edda ao longo des mais de tr\u00eas anos. Uma constru\u00e7\u00e3o muito vagarosa e com peri\u00f3dicas revis\u00f5es, sem qualquer l\u00f3gica aparente de uma estrutura\u00e7\u00e3o t\u00e9cnica. Foi o resultado de meu crescimento no conhecimento dos Salmos. Ao entender o que me faltava na rela\u00e7\u00e3o espiritual, entendia como me portar e expor na minha ora\u00e7\u00e3o. Agora est\u00e1 denominada de:&nbsp;Meu &nbsp;\u201cAnjo da Guarda e Categer\u00f3\u201d (2011).<\/p>\n<p style=\"text-align: justify;\">A partir de 2012 desdobrei em tr\u00eas ora\u00e7\u00f5es menores, todas que as fa\u00e7o \u00e0 invoca\u00e7\u00e3o devocional do Beato Ant\u00f4nio de Categer\u00f3 ou outras denomina\u00e7\u00f5es ao mesmo santo. Assim, hoje tenho: Minha contri\u00e7\u00e3o pessoal; Minha prosta\u00e7\u00e3o a Deus; e minha s\u00faplica atraves de Categer\u00f3.<\/p>\n<p><strong>&nbsp;Adm do Portal<\/strong><\/p>\n<p style=\"text-align: center;\"><em><span style=\"color: #ff0000;\"><strong>Link &#8211; &nbsp;<a href=\"http:\/\/categero.org.br\/?p=11452\" target=\"_blank\" rel=\"noopener\">Datas de Categer\u00f3<br \/>\n<\/a><\/strong><\/span><\/em><em><span style=\"color: #ff0000;\"><strong>Link &#8211; &nbsp;<span style=\"color: #000000;\"><a href=\"http:\/\/categero.org.br\/?p=11933\" target=\"_blank\" rel=\"noopener\">Perfil, Linha do Tempo e Vaticano<\/a><\/span><\/strong><\/span><\/em><\/p>\n","protected":false},"excerpt":{"rendered":"<p>Link &#8211; &nbsp;Datas de Categer\u00f3 Link &#8211; &nbsp;Perfil, Linha do Tempo e Vaticano Reflex\u00e3o pessoal sobre &nbsp;ORAR e REZAR &nbsp; Uma pessoa, principalmente, do sexo masculino, quando passa dos sessenta anos de idade e j\u00e1 tem concebida sua pr\u00f3pria estrutura de rela\u00e7\u00e3o espiritual, normalmente, tem a plena consci\u00eancia de sua finitude e da infinitude de [&hellip;]<\/p>\n","protected":false},"author":1,"featured_media":8258,"parent":3719,"menu_order":7,"comment_status":"open","ping_status":"open","template":"","meta":{"ngg_post_thumbnail":0,"footnotes":""},"class_list":["post-3733","page","type-page","status-publish","has-post-thumbnail","hentry"],"_links":{"self":[{"href":"https:\/\/categero.org.br\/antigo\/index.php?rest_route=\/wp\/v2\/pages\/3733","targetHints":{"allow":["GET"]}}],"collection":[{"href":"https:\/\/categero.org.br\/antigo\/index.php?rest_route=\/wp\/v2\/pages"}],"about":[{"href":"https:\/\/categero.org.br\/antigo\/index.php?rest_route=\/wp\/v2\/types\/page"}],"author":[{"embeddable":true,"href":"https:\/\/categero.org.br\/antigo\/index.php?rest_route=\/wp\/v2\/users\/1"}],"replies":[{"embeddable":true,"href":"https:\/\/categero.org.br\/antigo\/index.php?rest_route=%2Fwp%2Fv2%2Fcomments&post=3733"}],"version-history":[{"count":14,"href":"https:\/\/categero.org.br\/antigo\/index.php?rest_route=\/wp\/v2\/pages\/3733\/revisions"}],"predecessor-version":[{"id":13080,"href":"https:\/\/categero.org.br\/antigo\/index.php?rest_route=\/wp\/v2\/pages\/3733\/revisions\/13080"}],"up":[{"embeddable":true,"href":"https:\/\/categero.org.br\/antigo\/index.php?rest_route=\/wp\/v2\/pages\/3719"}],"wp:featuredmedia":[{"embeddable":true,"href":"https:\/\/categero.org.br\/antigo\/index.php?rest_route=\/wp\/v2\/media\/8258"}],"wp:attachment":[{"href":"https:\/\/categero.org.br\/antigo\/index.php?rest_route=%2Fwp%2Fv2%2Fmedia&parent=3733"}],"curies":[{"name":"wp","href":"https:\/\/api.w.org\/{rel}","templated":true}]}}