{"id":370,"date":"2010-10-02T19:13:39","date_gmt":"2010-10-02T19:13:39","guid":{"rendered":"http:\/\/www.categero.org.br\/?page_id=370"},"modified":"2013-12-13T09:23:50","modified_gmt":"2013-12-13T12:23:50","slug":"13-2007o-culto-a-santos-catolicos-e-a-escravidao-africana-no-brasil-colonial","status":"publish","type":"page","link":"https:\/\/categero.org.br\/antigo\/?page_id=370","title":{"rendered":"BA\/2007 &#8211; O Culto a Santos Cat\u00f3licos e a escravid\u00e3o africana no Brasil colonial"},"content":{"rendered":"<p><strong>T\u00e2nia de Santana<\/strong><br \/>\nUNEB<\/p>\n<p>Correio eletr\u00f4nico: <a href=\"mpsantana@ig.com.br\">mpsantana@ig.com.br<\/a><\/p>\n<p>Nossa C\u00f3pia: <a href=\"http:\/\/www.categero.org.br\/wp-content\/uploads\/2010\/10\/13-PDF.pdf\">13 PDF<\/a><\/p>\n<p><strong>Resumo:<\/strong><\/p>\n<p>Nesse artigo foi trabalhado o culto aos santos S\u00e3o Benedito e Santo Ant\u00f4nio de Categer\u00f3 na Bahia colonial. Remetem a um modelo de santos, escravos e submissos, necess\u00e1rio para inspirar nos africanos a obedi\u00eancia. Aspecto fundamental para a manuten\u00e7\u00e3o da escravid\u00e3o na col\u00f4nia. A proposta \u00e9 discutir a tentativa de difus\u00e3o desta ideologia atrav\u00e9s destes cultos, e compreender como os mesmos permitiram, por outro lado, releituras e reelabora\u00e7\u00f5es ao serem propostas aos negros as irmandades.&#8221;<\/p>\n<p>Palavras chaves: Negros \u2013 Escravid\u00e3o &#8211; Catolicismo \u2013 Santos \u2013 Irmandades<\/p>\n<p>Dossi\u00ea Religi\u00e3o N.4 \u2013 abril 2007\/julho 2007<\/p>\n<p>Organiza\u00e7\u00e3o: Karina K. Bellotti e Mairon Escorsi Val\u00e9rio<br \/>\nDossi\u00ea Religi\u00e3o n\u00ba 4, ISBN 1981-1225<br \/>\nEndere\u00e7o em que foil encontrado na Internet e disponibiliza c\u00f3pia em PDF<\/p>\n<p><a href=\"http:\/\/www.unicamp.br\/~aulas\/Conjunto%20III\/4_24.pdf\">http:\/\/www.unicamp.br\/~aulas\/Conjunto%20III\/4_24.pdf<\/a><\/p>\n","protected":false},"excerpt":{"rendered":"<p>T\u00e2nia de Santana UNEB Correio eletr\u00f4nico: mpsantana@ig.com.br Nossa C\u00f3pia: 13 PDF Resumo: Nesse artigo foi trabalhado o culto aos santos S\u00e3o Benedito e Santo Ant\u00f4nio de Categer\u00f3 na Bahia colonial. Remetem a um modelo de santos, escravos e submissos, necess\u00e1rio para inspirar nos africanos a obedi\u00eancia. Aspecto fundamental para a manuten\u00e7\u00e3o da escravid\u00e3o na col\u00f4nia. [&hellip;]<\/p>\n","protected":false},"author":1,"featured_media":0,"parent":3844,"menu_order":0,"comment_status":"closed","ping_status":"closed","template":"","meta":{"ngg_post_thumbnail":0,"footnotes":""},"class_list":["post-370","page","type-page","status-publish","hentry"],"_links":{"self":[{"href":"https:\/\/categero.org.br\/antigo\/index.php?rest_route=\/wp\/v2\/pages\/370","targetHints":{"allow":["GET"]}}],"collection":[{"href":"https:\/\/categero.org.br\/antigo\/index.php?rest_route=\/wp\/v2\/pages"}],"about":[{"href":"https:\/\/categero.org.br\/antigo\/index.php?rest_route=\/wp\/v2\/types\/page"}],"author":[{"embeddable":true,"href":"https:\/\/categero.org.br\/antigo\/index.php?rest_route=\/wp\/v2\/users\/1"}],"replies":[{"embeddable":true,"href":"https:\/\/categero.org.br\/antigo\/index.php?rest_route=%2Fwp%2Fv2%2Fcomments&post=370"}],"version-history":[{"count":2,"href":"https:\/\/categero.org.br\/antigo\/index.php?rest_route=\/wp\/v2\/pages\/370\/revisions"}],"predecessor-version":[{"id":5935,"href":"https:\/\/categero.org.br\/antigo\/index.php?rest_route=\/wp\/v2\/pages\/370\/revisions\/5935"}],"up":[{"embeddable":true,"href":"https:\/\/categero.org.br\/antigo\/index.php?rest_route=\/wp\/v2\/pages\/3844"}],"wp:attachment":[{"href":"https:\/\/categero.org.br\/antigo\/index.php?rest_route=%2Fwp%2Fv2%2Fmedia&parent=370"}],"curies":[{"name":"wp","href":"https:\/\/api.w.org\/{rel}","templated":true}]}}