{"id":367,"date":"2010-10-02T19:11:22","date_gmt":"2010-10-02T19:11:22","guid":{"rendered":"http:\/\/www.categero.org.br\/?page_id=367"},"modified":"2013-12-13T09:23:38","modified_gmt":"2013-12-13T12:23:38","slug":"2006inventario-digital-do-patrimonio-imaterial-do-centro-historico-de-salvador","status":"publish","type":"page","link":"https:\/\/categero.org.br\/antigo\/?page_id=367","title":{"rendered":"BA\/2006 &#8211; Invent\u00e1rio digital do patrim\u00f4nio imaterial do Centro hist\u00f3rico de Salvador"},"content":{"rendered":"<p>Monografia de autoria: Giuliana d&#8217;El Rei de S\u00e1 Dauark<\/p>\n<p>Nosso <a href=\"http:\/\/www.categero.org.br\/wp-content\/uploads\/2010\/10\/12.PDF.pdf\">12.PDF<\/a> dsipon\u00edvel<\/p>\n<p>Endere\u00e7o onde encontramos o presente traabalho e tamb\u00e9m com PDF dispon\u00edvel:<br \/>\n<a href=\"http:\/\/www.facom.ufba.br\/pex\/2006_1\/tcc_giu_revisaofinal.pdf\">http:\/\/www.facom.ufba.br\/pex\/2006_1\/tcc_giu_revisaofinal.pdf<\/a><\/p>\n<p>Resumo: Esta mem\u00f3ria trata das defini\u00e7\u00f5es fundamentais, dos estudos e do processo de realiza\u00e7\u00e3o do produto \u201cInvent\u00e1rio Digital do Patrim\u00f4nio Imaterial do Centro Hist\u00f3rico de Salvador\u201d. Para elabora\u00e7\u00e3o do produto, em uma m\u00eddia de dvd-rom, foi necess\u00e1rio partir de uma revis\u00e3o bibliogr\u00e1fica, de um m\u00e9todo descritivo de mapeamento, para ent\u00e3o iniciar o processo de produ\u00e7\u00e3o do Invent\u00e1rio Digital. Pretendeu-se apresentar, mesmo que sinteticamente, a diversidade de express\u00f5es culturais do Centro Hist\u00f3rico e sua hist\u00f3ria. S\u00e3o consideradas manifesta\u00e7\u00f5es desse patrim\u00f4nio intang\u00edvel as celebra\u00e7\u00f5es, os modos de fazer e saber, os lugares e as formas de express\u00e3o, e s\u00e3o, portanto, esses os principais itens de pesquisa sobre a \u00e1rea do Centro Hist\u00f3rico. O conceito sobre a imaterialidade do patrim\u00f4nio cultural utilizado nesta mem\u00f3ria vem sendo contemporaneamente discutido e formatado como um programa da pol\u00edtica cultural brasileira. Em \u00faltima inst\u00e2ncia, buscou-se estruturar o dvd-rom com base na metodologia do Instituto do Patrim\u00f4nio Hist\u00f3rico e Art\u00edstico Nacional \u2013 IPHAN, na tentativa divulgar a pr\u00e1tica do registro e fomentar estudos na \u00e1rea do patrim\u00f4nio intang\u00edvel. (Nota do Portal \u2013 H\u00e1 diversas cita\u00e7\u00f5es de Categer\u00f3).<\/p>\n","protected":false},"excerpt":{"rendered":"<p>Monografia de autoria: Giuliana d&#8217;El Rei de S\u00e1 Dauark Nosso 12.PDF dsipon\u00edvel Endere\u00e7o onde encontramos o presente traabalho e tamb\u00e9m com PDF dispon\u00edvel: http:\/\/www.facom.ufba.br\/pex\/2006_1\/tcc_giu_revisaofinal.pdf Resumo: Esta mem\u00f3ria trata das defini\u00e7\u00f5es fundamentais, dos estudos e do processo de realiza\u00e7\u00e3o do produto \u201cInvent\u00e1rio Digital do Patrim\u00f4nio Imaterial do Centro Hist\u00f3rico de Salvador\u201d. Para elabora\u00e7\u00e3o do produto, em [&hellip;]<\/p>\n","protected":false},"author":1,"featured_media":0,"parent":3842,"menu_order":0,"comment_status":"closed","ping_status":"closed","template":"","meta":{"ngg_post_thumbnail":0,"footnotes":""},"class_list":["post-367","page","type-page","status-publish","hentry"],"_links":{"self":[{"href":"https:\/\/categero.org.br\/antigo\/index.php?rest_route=\/wp\/v2\/pages\/367","targetHints":{"allow":["GET"]}}],"collection":[{"href":"https:\/\/categero.org.br\/antigo\/index.php?rest_route=\/wp\/v2\/pages"}],"about":[{"href":"https:\/\/categero.org.br\/antigo\/index.php?rest_route=\/wp\/v2\/types\/page"}],"author":[{"embeddable":true,"href":"https:\/\/categero.org.br\/antigo\/index.php?rest_route=\/wp\/v2\/users\/1"}],"replies":[{"embeddable":true,"href":"https:\/\/categero.org.br\/antigo\/index.php?rest_route=%2Fwp%2Fv2%2Fcomments&post=367"}],"version-history":[{"count":2,"href":"https:\/\/categero.org.br\/antigo\/index.php?rest_route=\/wp\/v2\/pages\/367\/revisions"}],"predecessor-version":[{"id":5933,"href":"https:\/\/categero.org.br\/antigo\/index.php?rest_route=\/wp\/v2\/pages\/367\/revisions\/5933"}],"up":[{"embeddable":true,"href":"https:\/\/categero.org.br\/antigo\/index.php?rest_route=\/wp\/v2\/pages\/3842"}],"wp:attachment":[{"href":"https:\/\/categero.org.br\/antigo\/index.php?rest_route=%2Fwp%2Fv2%2Fmedia&parent=367"}],"curies":[{"name":"wp","href":"https:\/\/api.w.org\/{rel}","templated":true}]}}