{"id":360,"date":"2010-10-02T19:05:24","date_gmt":"2010-10-02T19:05:24","guid":{"rendered":"http:\/\/www.categero.org.br\/?page_id=360"},"modified":"2013-12-13T09:29:49","modified_gmt":"2013-12-13T12:29:49","slug":"11-2006devocao-e-identidades-significados-do-culto-de-santo-elesbao-e-santa-efigenia-no-rj-e-mg-no-setecentos","status":"publish","type":"page","link":"https:\/\/categero.org.br\/antigo\/?page_id=360","title":{"rendered":"RJ e MJ\/2006 &#8211; Devo\u00e7\u00e3o e identidades: significados do culto de Santo Elesb\u00e3o e Santa Efig\u00eania no RJ e MG no Setecentos"},"content":{"rendered":"<p>Autor:ANDERSON JOS\u00c9 MACHADO DE OLIVEIRA<\/p>\n<p>C\u00f3pia do Trabalho: <a href=\"http:\/\/www.categero.org.br\/wp-content\/uploads\/2010\/10\/11.PDF.pdf\">11.PDF<\/a><\/p>\n<p>Rodap\u00e9 das P\u00e1ginas identifica sua pubica\u00e7\u00e3o Paulista:<br \/>\nTOPOI, v. 7, n. 12, jan.-jun. 2006, pp. 60-115<br \/>\nH\u00e1 oito cita\u00e7\u00f5es sobre Categer\u00f3.<\/p>\n<p>Resumo<br \/>\nO artigo procura refletir sobre o papel do culto de Santo Elesb\u00e3o e Santa Efig\u00eania, no s\u00e9culo XVIII, como um dos fatores de constru\u00e7\u00e3o de identidades entre segmentos da popula\u00e7\u00e3o negra no Brasil colonial. Defendo a id\u00e9ia de que o est\u00edmulo ao culto fazia parte de uma das estrat\u00e9gias da Igreja na convers\u00e3o de africanos e seus descendentes, no entanto, a complexidade do processo caracterizado pela di\u00e1spora das culturas africanas na Am\u00e9rica deu a este projeto de convers\u00e3o outras dimens\u00f5es. Num processo de criatividade e resist\u00eancia culturais, as popula\u00e7\u00f5es de origem africana reinterpretaram os c\u00f3digos cat\u00f3licos, conferindo ao culto dimens\u00f5es outras que, se por um lado demonstraram em parte a efic\u00e1cia do projeto com a aceita\u00e7\u00e3o dos s\u00edmbolos cat\u00f3licos, por outro atestaram a exist\u00eancia de uma relativa autonomia das popula\u00e7\u00f5es negras conquistada em meio \u00e0s lutas cotidianas no interior do sistema escravista.<br \/>\nPalavras-chave: culto dos santos; irmandades; identidade; catolicismo; escravid\u00e3o.<\/p>\n","protected":false},"excerpt":{"rendered":"<p>Autor:ANDERSON JOS\u00c9 MACHADO DE OLIVEIRA C\u00f3pia do Trabalho: 11.PDF Rodap\u00e9 das P\u00e1ginas identifica sua pubica\u00e7\u00e3o Paulista: TOPOI, v. 7, n. 12, jan.-jun. 2006, pp. 60-115 H\u00e1 oito cita\u00e7\u00f5es sobre Categer\u00f3. Resumo O artigo procura refletir sobre o papel do culto de Santo Elesb\u00e3o e Santa Efig\u00eania, no s\u00e9culo XVIII, como um dos fatores de constru\u00e7\u00e3o [&hellip;]<\/p>\n","protected":false},"author":1,"featured_media":0,"parent":3838,"menu_order":0,"comment_status":"closed","ping_status":"closed","template":"","meta":{"ngg_post_thumbnail":0,"footnotes":""},"class_list":["post-360","page","type-page","status-publish","hentry"],"_links":{"self":[{"href":"https:\/\/categero.org.br\/antigo\/index.php?rest_route=\/wp\/v2\/pages\/360","targetHints":{"allow":["GET"]}}],"collection":[{"href":"https:\/\/categero.org.br\/antigo\/index.php?rest_route=\/wp\/v2\/pages"}],"about":[{"href":"https:\/\/categero.org.br\/antigo\/index.php?rest_route=\/wp\/v2\/types\/page"}],"author":[{"embeddable":true,"href":"https:\/\/categero.org.br\/antigo\/index.php?rest_route=\/wp\/v2\/users\/1"}],"replies":[{"embeddable":true,"href":"https:\/\/categero.org.br\/antigo\/index.php?rest_route=%2Fwp%2Fv2%2Fcomments&post=360"}],"version-history":[{"count":3,"href":"https:\/\/categero.org.br\/antigo\/index.php?rest_route=\/wp\/v2\/pages\/360\/revisions"}],"predecessor-version":[{"id":5996,"href":"https:\/\/categero.org.br\/antigo\/index.php?rest_route=\/wp\/v2\/pages\/360\/revisions\/5996"}],"up":[{"embeddable":true,"href":"https:\/\/categero.org.br\/antigo\/index.php?rest_route=\/wp\/v2\/pages\/3838"}],"wp:attachment":[{"href":"https:\/\/categero.org.br\/antigo\/index.php?rest_route=%2Fwp%2Fv2%2Fmedia&parent=360"}],"curies":[{"name":"wp","href":"https:\/\/api.w.org\/{rel}","templated":true}]}}