{"id":353,"date":"2010-10-02T18:54:46","date_gmt":"2010-10-02T18:54:46","guid":{"rendered":"http:\/\/www.categero.org.br\/?page_id=353"},"modified":"2016-07-05T14:50:30","modified_gmt":"2016-07-05T17:50:30","slug":"10-2006catalogo-das-referencias-culturais-do-centro-historico-de-salvador","status":"publish","type":"page","link":"https:\/\/categero.org.br\/antigo\/?page_id=353","title":{"rendered":"BA\/2006 &#8211; Cat\u00e1logo das Refer\u00eancias Culturais do Centro Hist\u00f3rico de Salvador"},"content":{"rendered":"<p style=\"text-align: justify;\">O Cat\u00e1logo das refer\u00eancias culturais disponibiliza informa\u00e7\u00f5es sobre o patrim\u00f4nio do Centro Hist\u00f3rico de Salvador atrav\u00e9s da descri\u00e7\u00e3o de suas Celebra\u00e7\u00f5es (festas e ritos tradicionais); Saberes e Fazeres (da identifica\u00e7\u00e3o de personalidades, lideran\u00e7as comunit\u00e1rias, personagens, of\u00edcios e mestres populares); das diversas Formas de Express\u00e3o e dos Lugares de Refer\u00eancia Cultural (lugares culturais e lugares de conv\u00edvio).<\/p>\n<p style=\"text-align: justify;\">Nosso <a href=\"http:\/\/www.categero.org.br\/wp-content\/uploads\/2010\/10\/10.-PDF.pdf\">10. PDF<\/a> desse trabalho e abaixo o texto de nosso interesse:<\/p>\n<p style=\"text-align: center;\"><img loading=\"lazy\" decoding=\"async\" class=\"aligncenter wp-image-10735\" src=\"http:\/\/categero.org.br\/wp-content\/uploads\/2010\/10\/Banner-Salvador-CCBY10.jpg\" alt=\"Banner Salvador-CCBY10\" width=\"321\" height=\"241\" srcset=\"https:\/\/categero.org.br\/antigo\/wp-content\/uploads\/2010\/10\/Banner-Salvador-CCBY10.jpg 1600w, https:\/\/categero.org.br\/antigo\/wp-content\/uploads\/2010\/10\/Banner-Salvador-CCBY10-300x225.jpg 300w, https:\/\/categero.org.br\/antigo\/wp-content\/uploads\/2010\/10\/Banner-Salvador-CCBY10-768x576.jpg 768w, https:\/\/categero.org.br\/antigo\/wp-content\/uploads\/2010\/10\/Banner-Salvador-CCBY10-1024x768.jpg 1024w, https:\/\/categero.org.br\/antigo\/wp-content\/uploads\/2010\/10\/Banner-Salvador-CCBY10-495x371.jpg 495w, https:\/\/categero.org.br\/antigo\/wp-content\/uploads\/2010\/10\/Banner-Salvador-CCBY10-80x60.jpg 80w, https:\/\/categero.org.br\/antigo\/wp-content\/uploads\/2010\/10\/Banner-Salvador-CCBY10-161x120.jpg 161w\" sizes=\"auto, (max-width: 321px) 100vw, 321px\" \/><\/p>\n<p style=\"text-align: justify;\">Festa de Santo Ant\u00f4nio de Categer\u00f3 Comemora\u00e7\u00e3o que ocorre na Igreja de Nossa Senhora do Ros\u00e1rio dos Pretos, no segundo domingo de janeiro, data em que, tamb\u00e9m \u00e9 celebrado o batismo de Jesus. Entre a sexta-feira e o domingo, na Igreja de Nossa Senhora do Ros\u00e1rio dos Pretos, \u00e9 realizado um tr\u00edduo de prepara\u00e7\u00e3o para conhecer e contar a hist\u00f3ria do Santo. No domingo acontece a prociss\u00e3o que leva as imagens de Santo Antonio de Categer\u00f3, o Santo negro, \u00e0s ruas do Centro Hist\u00f3rico at\u00e9 a Pra\u00e7a da S\u00e9. Na ter\u00e7a-feira seguinte \u00e9 oferecida, pela Irmandade, uma feijoada na Igreja. A coincid\u00eancia da data de festejo de Santo Antonio de Categer\u00f3 com o batismo de Jesus \u00e9 explicada pelo padre da par\u00f3quia: \u201cComo Santo Antonio foi mul\u00e7umano que se converteu ao cristianismo, ele foi muito radical, queria seguir Jesus na \u2018radicalidade\u2019, ent\u00e3o ele pediu que fosse batizado no dia do batismo de Jesus, na mesma data\u201d1 . A forte devo\u00e7\u00e3o ao Santo pelos negros da Bahia, desde o per\u00edodo da coloniza\u00e7\u00e3o, explica-se pelo fato de Santo Antonio de Categer\u00f3 ter sido escravo na \u00c1frica. Sua prece expressa a devo\u00e7\u00e3o e as s\u00faplicas dos homens pretos da Bahia: Oh, milagroso Santo Antonio de Categer\u00f3, valei-me nesta hora de afli\u00e7\u00e3o, preciso da Vossa ajuda para vencer as lutas do dia-a-dia e as for\u00e7as malignas que procuram tirar-me a paz. Libertai-me das doen\u00e7as e de todas as bact\u00e9rias infecciosas que querem contaminar o meu corpo colocando-me enfermidades. Oh, Santo Antonio de Categer\u00f3, estendei as Vossas m\u00e3os agora mesmo sobre mim, livrando-me dos desastres, da inveja e todas as obras malignas. Oh, Santo Antonio de Categer\u00f3, iluminai os meus passos, a fim de que, onde quer que eu v\u00e1, n\u00e3o encontre empecilhos, e guiado pela Vossa luz me desvie de todas as armadilhas preparadas pelos meus advers\u00e1rios. Oh, Santo Antonio de Categer\u00f3, aben\u00e7oai a minha fam\u00edlia, o meu p\u00e3o e a minha casa, cobrindo-nos com o v\u00e9u da prosperidade, do amor, da sa\u00fade e da felicidade. Por nosso Senhor Jesus Cristo, na unidade do Esp\u00edrito Santo, Am\u00e9m<\/p>\n<p style=\"text-align: justify;\">Missa da Igreja de Nossa Senhora do Ros\u00e1rio dos Pretos As ter\u00e7as-feiras acontecem na Igreja de Nossa Senhora do Ros\u00e1rio dos Pretos, a missa em homenagem a Santo Ant\u00f4nio de Categer\u00f3. Este rito \u00e9 promovido pela Irmandade dos Homens Pretos se constituindo em uma das celebra\u00e7\u00f5es mais concorridas da cidade, freq\u00fcentada por devotos, baianos n\u00e3o devotos e turistas. (E, continua&#8230;.)<\/p>\n<p style=\"text-align: justify;\">Endere\u00e7o de onde foi buscado na Internet e que disponibiliza c\u00f3pia PDF<br \/>\n<strong><a href=\"http:\/\/homologa.portalcultura.ba.gov.br\/wp-content\/uploads\/2010\/07\/Catalogo%20das%20Referencias%20Culturais%20do%20Centro%20Historico%20de%20Salvador.pdf\">http:\/\/homologa.portalcultura.ba.gov.br\/wp-content\/uploads\/2010\/07\/Catalogo%20das%20Referencias%20Culturais%20do%20Centro%20Historico%20de%20Salvador.pdf<\/a><\/strong><\/p>\n<p><strong>Autores:<\/strong><br \/>\nCarlota de Sousa Gottschall<br \/>\nMariely Cabral de Santana<br \/>\nGiuliana Kauark<br \/>\nVilm\u00e1ria Ribeiro<\/p>\n<p style=\"text-align: justify;\"><strong>SOBRE OS AUTORES<\/strong><br \/>\n<strong>Carlota de Sousa Gottschall <\/strong>\u00e9 Mestre em Comunica\u00e7\u00e3o e Cultura e Economista pela<br \/>\nUniversidade Federal da Bahia \u2013 UFBA. Diretora de Incentivos Culturais da Secretaria<br \/>\nde Cultura do Estado da Bahia e professora universit\u00e1ria.<br \/>\n<strong>Mariely Cabral de Santana <\/strong>Doutoranda e Mestra pelo programa de p\u00f3s-gradua\u00e7\u00e3o em<br \/>\nArquitetura e Urbanismo da Universidade Federal da Bahia \u2013 UFBA. Coordenadora do<br \/>\ncurso de Especializa\u00e7\u00e3o em Conserva\u00e7\u00e3o e Restaura\u00e7\u00e3o de Monumento e Conjuntos<br \/>\nHist\u00f3ricos da FAUFBA e professora universit\u00e1ria.<br \/>\n<strong>Giuliana Kauark <\/strong>\u00e9 Graduada em Comunica\u00e7\u00e3o pela Universidade Federal da Bahia \u2013<br \/>\nUFBA. Coordenadora de Projetos da Funda\u00e7\u00e3o Cultural da Bahia.<br \/>\n<strong>Vilm\u00e1ria Ribeiro <\/strong>\u00e9 graduada em Administra\u00e7\u00e3o de Empresas pela Faculdades<br \/>\nIntegradas Olga Metting.<\/p>\n<p style=\"text-align: center;\"><img loading=\"lazy\" decoding=\"async\" class=\"aligncenter wp-image-10735\" src=\"http:\/\/categero.org.br\/wp-content\/uploads\/2010\/10\/Banner-Salvador-CCBY10.jpg\" alt=\"Banner Salvador-CCBY10\" width=\"321\" height=\"241\" srcset=\"https:\/\/categero.org.br\/antigo\/wp-content\/uploads\/2010\/10\/Banner-Salvador-CCBY10.jpg 1600w, https:\/\/categero.org.br\/antigo\/wp-content\/uploads\/2010\/10\/Banner-Salvador-CCBY10-300x225.jpg 300w, https:\/\/categero.org.br\/antigo\/wp-content\/uploads\/2010\/10\/Banner-Salvador-CCBY10-768x576.jpg 768w, https:\/\/categero.org.br\/antigo\/wp-content\/uploads\/2010\/10\/Banner-Salvador-CCBY10-1024x768.jpg 1024w, https:\/\/categero.org.br\/antigo\/wp-content\/uploads\/2010\/10\/Banner-Salvador-CCBY10-495x371.jpg 495w, https:\/\/categero.org.br\/antigo\/wp-content\/uploads\/2010\/10\/Banner-Salvador-CCBY10-80x60.jpg 80w, https:\/\/categero.org.br\/antigo\/wp-content\/uploads\/2010\/10\/Banner-Salvador-CCBY10-161x120.jpg 161w\" sizes=\"auto, (max-width: 321px) 100vw, 321px\" \/><\/p>\n","protected":false},"excerpt":{"rendered":"<p>O Cat\u00e1logo das refer\u00eancias culturais disponibiliza informa\u00e7\u00f5es sobre o patrim\u00f4nio do Centro Hist\u00f3rico de Salvador atrav\u00e9s da descri\u00e7\u00e3o de suas Celebra\u00e7\u00f5es (festas e ritos tradicionais); Saberes e Fazeres (da identifica\u00e7\u00e3o de personalidades, lideran\u00e7as comunit\u00e1rias, personagens, of\u00edcios e mestres populares); das diversas Formas de Express\u00e3o e dos Lugares de Refer\u00eancia Cultural (lugares culturais e lugares de [&hellip;]<\/p>\n","protected":false},"author":1,"featured_media":10735,"parent":3844,"menu_order":0,"comment_status":"closed","ping_status":"closed","template":"","meta":{"ngg_post_thumbnail":0,"footnotes":""},"class_list":["post-353","page","type-page","status-publish","has-post-thumbnail","hentry"],"_links":{"self":[{"href":"https:\/\/categero.org.br\/antigo\/index.php?rest_route=\/wp\/v2\/pages\/353","targetHints":{"allow":["GET"]}}],"collection":[{"href":"https:\/\/categero.org.br\/antigo\/index.php?rest_route=\/wp\/v2\/pages"}],"about":[{"href":"https:\/\/categero.org.br\/antigo\/index.php?rest_route=\/wp\/v2\/types\/page"}],"author":[{"embeddable":true,"href":"https:\/\/categero.org.br\/antigo\/index.php?rest_route=\/wp\/v2\/users\/1"}],"replies":[{"embeddable":true,"href":"https:\/\/categero.org.br\/antigo\/index.php?rest_route=%2Fwp%2Fv2%2Fcomments&post=353"}],"version-history":[{"count":5,"href":"https:\/\/categero.org.br\/antigo\/index.php?rest_route=\/wp\/v2\/pages\/353\/revisions"}],"predecessor-version":[{"id":10737,"href":"https:\/\/categero.org.br\/antigo\/index.php?rest_route=\/wp\/v2\/pages\/353\/revisions\/10737"}],"up":[{"embeddable":true,"href":"https:\/\/categero.org.br\/antigo\/index.php?rest_route=\/wp\/v2\/pages\/3844"}],"wp:featuredmedia":[{"embeddable":true,"href":"https:\/\/categero.org.br\/antigo\/index.php?rest_route=\/wp\/v2\/media\/10735"}],"wp:attachment":[{"href":"https:\/\/categero.org.br\/antigo\/index.php?rest_route=%2Fwp%2Fv2%2Fmedia&parent=353"}],"curies":[{"name":"wp","href":"https:\/\/api.w.org\/{rel}","templated":true}]}}