{"id":349,"date":"2010-10-02T18:52:25","date_gmt":"2010-10-02T18:52:25","guid":{"rendered":"http:\/\/www.categero.org.br\/?page_id=349"},"modified":"2013-12-13T09:29:27","modified_gmt":"2013-12-13T12:29:27","slug":"9-2005os-rosarios-dos-angolas-irmandades-negras-experiencias-escravas-e-identidades-africanas-na-bahia-setecentista","status":"publish","type":"page","link":"https:\/\/categero.org.br\/antigo\/?page_id=349","title":{"rendered":"BA2005 &#8211; Os Rosarios dos Angolas : irmandades negras, experi\u00eancias escravas e identidades africanas na Bahia  setecentista"},"content":{"rendered":"<p>Tese da Dra. Lucilene Regilnaldo<\/p>\n<p>C\u00f3pia do trabalho: <a href=\"http:\/\/www.categero.org.br\/wp-content\/uploads\/2010\/10\/9.PDF.pdf\">9.PDF<\/a><\/p>\n<p>Endere\u00e7o na Internet onde encontramos o trabalho e tamb\u00e9m est\u00e1 dispon\u00edvel:<br \/>\n<a href=\"http:\/\/www.ppgh.ufba.br\/spip.php?rubrique5\">http:\/\/www.ppgh.ufba.br\/spip.php?rubrique5<\/a><\/p>\n<p>Resumo: As irmandades do Ros\u00e1rio na Bahia, desde as primeiras funda\u00e7\u00f5es em meados do s\u00e9culo XVII, at\u00e9 o final do s\u00e9culo XIX, foram, em sua maioria absoluta, controladas por africanos angolas e seus parceiros crioulos. Este fen\u00f4meno indica uma valoriza\u00e7\u00e3o deste espa\u00e7o por parte dos angolas, mais do que por qualquer outro grupo de africanos. A identifica\u00e7\u00e3o com as confrarias cat\u00f3licas aponta para a import\u00e2ncia do catolicismo na \u00c1frica Central e, ao mesmo tempo, ressalta este elemento como fundamental na constitui\u00e7\u00e3o de uma identidade particular dentro da comunidade escrava e da sociedade baiana em geral. Esta tese tamb\u00e9m discute esta identifica\u00e7\u00e3o na experi\u00eancia dos escravos no Reino, sugerindo uma perspectiva de investiga\u00e7\u00e3o da hist\u00f3ria da devo\u00e7\u00e3o ao Ros\u00e1rio, das confrarias negras e da identidade angola ao longo do s\u00e9culo XVIII e circulando por tr\u00eas continentes<\/p>\n","protected":false},"excerpt":{"rendered":"<p>Tese da Dra. Lucilene Regilnaldo C\u00f3pia do trabalho: 9.PDF Endere\u00e7o na Internet onde encontramos o trabalho e tamb\u00e9m est\u00e1 dispon\u00edvel: http:\/\/www.ppgh.ufba.br\/spip.php?rubrique5 Resumo: As irmandades do Ros\u00e1rio na Bahia, desde as primeiras funda\u00e7\u00f5es em meados do s\u00e9culo XVII, at\u00e9 o final do s\u00e9culo XIX, foram, em sua maioria absoluta, controladas por africanos angolas e seus parceiros [&hellip;]<\/p>\n","protected":false},"author":1,"featured_media":0,"parent":3838,"menu_order":0,"comment_status":"closed","ping_status":"closed","template":"","meta":{"ngg_post_thumbnail":0,"footnotes":""},"class_list":["post-349","page","type-page","status-publish","hentry"],"_links":{"self":[{"href":"https:\/\/categero.org.br\/antigo\/index.php?rest_route=\/wp\/v2\/pages\/349","targetHints":{"allow":["GET"]}}],"collection":[{"href":"https:\/\/categero.org.br\/antigo\/index.php?rest_route=\/wp\/v2\/pages"}],"about":[{"href":"https:\/\/categero.org.br\/antigo\/index.php?rest_route=\/wp\/v2\/types\/page"}],"author":[{"embeddable":true,"href":"https:\/\/categero.org.br\/antigo\/index.php?rest_route=\/wp\/v2\/users\/1"}],"replies":[{"embeddable":true,"href":"https:\/\/categero.org.br\/antigo\/index.php?rest_route=%2Fwp%2Fv2%2Fcomments&post=349"}],"version-history":[{"count":3,"href":"https:\/\/categero.org.br\/antigo\/index.php?rest_route=\/wp\/v2\/pages\/349\/revisions"}],"predecessor-version":[{"id":5992,"href":"https:\/\/categero.org.br\/antigo\/index.php?rest_route=\/wp\/v2\/pages\/349\/revisions\/5992"}],"up":[{"embeddable":true,"href":"https:\/\/categero.org.br\/antigo\/index.php?rest_route=\/wp\/v2\/pages\/3838"}],"wp:attachment":[{"href":"https:\/\/categero.org.br\/antigo\/index.php?rest_route=%2Fwp%2Fv2%2Fmedia&parent=349"}],"curies":[{"name":"wp","href":"https:\/\/api.w.org\/{rel}","templated":true}]}}