{"id":340,"date":"2010-10-02T18:39:17","date_gmt":"2010-10-02T18:39:17","guid":{"rendered":"http:\/\/www.categero.org.br\/?page_id=340"},"modified":"2013-12-13T09:30:10","modified_gmt":"2013-12-13T12:30:10","slug":"7-2002o-imperio-de-santo-elesbao-na-cidade","status":"publish","type":"page","link":"https:\/\/categero.org.br\/antigo\/?page_id=340","title":{"rendered":"RJ\/2002 &#8211; O Imp\u00e9rio de Santo Elesb\u00e3o na cidade do Rio de Janeiro"},"content":{"rendered":"<p>Autor: <strong>Mariza de Carvalho Soares<\/strong><\/p>\n<p>Nosso <a href=\"http:\/\/www.categero.org.br\/wp-content\/uploads\/2010\/10\/7.-PDF.pdf\">PDF<\/a> dispon\u00edvel deste trabalho:<\/p>\n<p>Local da Internet de onde foi buscado o trabalho: <a href=\"http:\/\/www.ifcs.ufrj.br\/~ppghis\/pdf\/topoi4a3.pdf\">http:\/\/www.ifcs.ufrj.br\/~ppghis\/pdf\/topoi4a3.pdf<\/a><\/p>\n<p>Resumo &#8211; O artigo analisa a especificidade das formas de organiza\u00e7\u00e3o da gera\u00e7\u00e3o de escravos africanos vindos da \u00c1frica Ocidental para a cidade do Rio de Janeiro no s\u00e9culo XVIII. A autora mostra como esses africanos se reorganizam no interior das irmandades cat\u00f3licas destinadas a homens pretos e como garantem espa\u00e7os de organiza\u00e7\u00e3o \u00e9tnica e reprodu\u00e7\u00e3o do grupo.<\/p>\n<p>Excertos do Portal<br \/>\n\u201c&#8230; Ao incorporar a hist\u00f3ria da \u00c1frica aos estudos sobre escravid\u00e3o \u00e9 necess\u00e1rio levar em conta que o historiador das Am\u00e9ricas faz uso da historiografia africana de um ponto de vista diferente daqueles que trabalham com a hist\u00f3ria da \u00c1frica e da escravid\u00e3o no continente africano. O historiador da escravid\u00e3o nas Am\u00e9ricas est\u00e1 lidando com indiv\u00edduos e segmentos de grupos africanos que encontram na reorganiza\u00e7\u00e3o \u00e9tnica uma alternativa para enfrentar o cativeiro. &#8230;\u201d<br \/>\n\u201c &#8230;Na cidade do Rio de Janeiro, a Matriz de S\u00e3o Sebasti\u00e3o inaugurada<br \/>\nem 1583 \u00e9 uma das poucas igrejas da cidade a permitir a presen\u00e7a de irmandades de pretos e pardos. Ao longo do s\u00e9culo XVII a\u00ed se organizam quatro devo\u00e7\u00f5es: NS do Ros\u00e1rio, S\u00e3o Benedito, S\u00e3o Domingos e NS da Concei\u00e7\u00e3o. As primeiras s\u00e3o de \u201cHomens Pretos\u201d e a \u00faltima de \u201cHomens Pardos\u201d. Em 1667 as devo\u00e7\u00f5es do Ros\u00e1rio e S\u00e3o Benedito se unem, formando uma \u00fanica irmandade. As outras duas se instituem em irmandade em data ignorada, ainda no s\u00e9culo XVII. ..\u201d<br \/>\n(Nota do Portal \u2013 h\u00e1 somente uma alus\u00e3o a Categer\u00f3\u201d.<\/p>\n","protected":false},"excerpt":{"rendered":"<p>Autor: Mariza de Carvalho Soares Nosso PDF dispon\u00edvel deste trabalho: Local da Internet de onde foi buscado o trabalho: http:\/\/www.ifcs.ufrj.br\/~ppghis\/pdf\/topoi4a3.pdf Resumo &#8211; O artigo analisa a especificidade das formas de organiza\u00e7\u00e3o da gera\u00e7\u00e3o de escravos africanos vindos da \u00c1frica Ocidental para a cidade do Rio de Janeiro no s\u00e9culo XVIII. A autora mostra como esses [&hellip;]<\/p>\n","protected":false},"author":1,"featured_media":0,"parent":3838,"menu_order":0,"comment_status":"closed","ping_status":"closed","template":"","meta":{"ngg_post_thumbnail":0,"footnotes":""},"class_list":["post-340","page","type-page","status-publish","hentry"],"_links":{"self":[{"href":"https:\/\/categero.org.br\/antigo\/index.php?rest_route=\/wp\/v2\/pages\/340","targetHints":{"allow":["GET"]}}],"collection":[{"href":"https:\/\/categero.org.br\/antigo\/index.php?rest_route=\/wp\/v2\/pages"}],"about":[{"href":"https:\/\/categero.org.br\/antigo\/index.php?rest_route=\/wp\/v2\/types\/page"}],"author":[{"embeddable":true,"href":"https:\/\/categero.org.br\/antigo\/index.php?rest_route=\/wp\/v2\/users\/1"}],"replies":[{"embeddable":true,"href":"https:\/\/categero.org.br\/antigo\/index.php?rest_route=%2Fwp%2Fv2%2Fcomments&post=340"}],"version-history":[{"count":3,"href":"https:\/\/categero.org.br\/antigo\/index.php?rest_route=\/wp\/v2\/pages\/340\/revisions"}],"predecessor-version":[{"id":5999,"href":"https:\/\/categero.org.br\/antigo\/index.php?rest_route=\/wp\/v2\/pages\/340\/revisions\/5999"}],"up":[{"embeddable":true,"href":"https:\/\/categero.org.br\/antigo\/index.php?rest_route=\/wp\/v2\/pages\/3838"}],"wp:attachment":[{"href":"https:\/\/categero.org.br\/antigo\/index.php?rest_route=%2Fwp%2Fv2%2Fmedia&parent=340"}],"curies":[{"name":"wp","href":"https:\/\/api.w.org\/{rel}","templated":true}]}}