{"id":337,"date":"2010-10-02T18:36:27","date_gmt":"2010-10-02T18:36:27","guid":{"rendered":"http:\/\/www.categero.org.br\/?page_id=337"},"modified":"2013-12-13T09:24:56","modified_gmt":"2013-12-13T12:24:56","slug":"2001-devocoes-6-catolicas-entre-os-negros-na-bahia","status":"publish","type":"page","link":"https:\/\/categero.org.br\/antigo\/?page_id=337","title":{"rendered":"BA\/2001 &#8211; Devo\u00e7\u00f5es Cat\u00f3licas Entre os Negos na Bahia"},"content":{"rendered":"<p>Autoria: T\u00e2nia de Santana<\/p>\n<p>Dispon\u00edvel em: <a href=\"http:\/\/www.categero.org.br\/wp-content\/uploads\/2010\/10\/6.-PDF.pdf\">6. PDF<\/a><\/p>\n<p>Resumo:<br \/>\nEste estudo parte da an\u00e1lise da iconografia encontrada nas igrejas de Salvador e pertencente \u00e0s v\u00e1rias irmandades de negros que ali funcionaram e da leitura de documentos como testamentos de libertos e dos compromissos destas irmandades. Ap\u00f3s reunir estes e outros documentos, sentimos a necessidade de buscar a recupera\u00e7\u00e3o do culto cat\u00f3lico desenvolvido entre os negros de Salvador. A sobreviv\u00eancia de altares laterais dedicados a estes santos nas v\u00e1rias igrejas \u2013 Santo Ant\u00f4nio de Categer\u00f3, S\u00e3o Benedito, Santa Ifig\u00eania, Santo Elesb\u00e3o, Nossa Senhora do Ros\u00e1rio -, atestam a exist\u00eancia de uma devo\u00e7\u00e3o no passado que, na maioria dos casos, j\u00e1 n\u00e3o mais sobrevive. As fontes escritas esclarecem e confirmam estas devo\u00e7\u00f5es e a sua antiguidade.<br \/>\nBuscamos investigar a rela\u00e7\u00e3o estabelecida entre os negros e os s\u00edmbolos da devo\u00e7\u00e3o cat\u00f3lica com os quais<br \/>\nforam postos em contato. Aqui a \u00eanfase \u00e9 no uso do culto aos santos cat\u00f3licos negros no processo de catequese<br \/>\ndesenvolvido na col\u00f4nia, entre os escravos, pela Igreja Cat\u00f3lica.<br \/>\nPALAVRAS-CHAVES: NEGROS \u2013 ESCRAVID\u00c3O \u2013 CATOLICISMO \u2013 SANTOS<\/p>\n","protected":false},"excerpt":{"rendered":"<p>Autoria: T\u00e2nia de Santana Dispon\u00edvel em: 6. PDF Resumo: Este estudo parte da an\u00e1lise da iconografia encontrada nas igrejas de Salvador e pertencente \u00e0s v\u00e1rias irmandades de negros que ali funcionaram e da leitura de documentos como testamentos de libertos e dos compromissos destas irmandades. Ap\u00f3s reunir estes e outros documentos, sentimos a necessidade de [&hellip;]<\/p>\n","protected":false},"author":1,"featured_media":0,"parent":3840,"menu_order":0,"comment_status":"closed","ping_status":"closed","template":"","meta":{"ngg_post_thumbnail":0,"footnotes":""},"class_list":["post-337","page","type-page","status-publish","hentry"],"_links":{"self":[{"href":"https:\/\/categero.org.br\/antigo\/index.php?rest_route=\/wp\/v2\/pages\/337","targetHints":{"allow":["GET"]}}],"collection":[{"href":"https:\/\/categero.org.br\/antigo\/index.php?rest_route=\/wp\/v2\/pages"}],"about":[{"href":"https:\/\/categero.org.br\/antigo\/index.php?rest_route=\/wp\/v2\/types\/page"}],"author":[{"embeddable":true,"href":"https:\/\/categero.org.br\/antigo\/index.php?rest_route=\/wp\/v2\/users\/1"}],"replies":[{"embeddable":true,"href":"https:\/\/categero.org.br\/antigo\/index.php?rest_route=%2Fwp%2Fv2%2Fcomments&post=337"}],"version-history":[{"count":2,"href":"https:\/\/categero.org.br\/antigo\/index.php?rest_route=\/wp\/v2\/pages\/337\/revisions"}],"predecessor-version":[{"id":5948,"href":"https:\/\/categero.org.br\/antigo\/index.php?rest_route=\/wp\/v2\/pages\/337\/revisions\/5948"}],"up":[{"embeddable":true,"href":"https:\/\/categero.org.br\/antigo\/index.php?rest_route=\/wp\/v2\/pages\/3840"}],"wp:attachment":[{"href":"https:\/\/categero.org.br\/antigo\/index.php?rest_route=%2Fwp%2Fv2%2Fmedia&parent=337"}],"curies":[{"name":"wp","href":"https:\/\/api.w.org\/{rel}","templated":true}]}}