{"id":3369,"date":"2011-09-10T18:57:47","date_gmt":"2011-09-10T21:57:47","guid":{"rendered":"http:\/\/www.categero.org.br\/?page_id=3369"},"modified":"2014-03-25T16:19:50","modified_gmt":"2014-03-25T19:19:50","slug":"rjrio-de-janeiro","status":"publish","type":"page","link":"https:\/\/categero.org.br\/antigo\/?page_id=3369","title":{"rendered":"RJ\/Rio de Janeiro &#8211; Igreja de S\u00e3o Gon\u00e7alo Garcia e S\u00e3o Jorge"},"content":{"rendered":"<p style=\"text-align: center;\"><strong>Duas f\u00e9 em uma s\u00f3 Igreja: S\u00e3o Gon\u00e7alo Garcia e S\u00e3o Jorge<\/strong><\/p>\n<p>&nbsp;<\/p>\n<p><a href=\"http:\/\/www.categero.org.br\/wp-content\/uploads\/2011\/09\/3969946997_196b0d190a_o-Igr-SGG-e-SJ-RJ.jpg\"><img loading=\"lazy\" decoding=\"async\" class=\"size-medium wp-image-3370 aligncenter\" title=\"3969946997_196b0d190a_o Igr SGG e SJ RJ\" alt=\"\" src=\"http:\/\/www.categero.org.br\/wp-content\/uploads\/2011\/09\/3969946997_196b0d190a_o-Igr-SGG-e-SJ-RJ-300x227.jpg\" width=\"300\" height=\"227\" \/><\/a><\/p>\n<p>H\u00e1 uma imagem do beato Ant\u00f4nio de Categer\u00f3 na igreja de S\u00e3o Gon\u00e7alo Garcia e de S\u00e3o Jorge. A Vener\u00e1vel Confraria dos Gloriosos M\u00e1rtires S\u00e3o Gon\u00e7alo Garcia e S\u00e3o Jorge promovem uma religiosidade popular comum \u00a0e re\u00fanem, no dia de S\u00e3o Jorge (23 de abril), milhares de devotos fazem homenagens aos dois padroeiros.<\/p>\n<p>Bartolomeu Tito Figueir\u00f4a de Medeiros narra em seu trabalho acad\u00eamico &#8220;<strong>S\u00e3o Jorge do Rio: <\/strong><strong>O culto, os significados, as representa\u00e7\u00f5es&#8221;<\/strong>, na\u00a0P\u00e1gina 78 \u00a0&#8220;O lado esquerdo e os fundos do templo da Alf\u00e2ndega se limitam com lojas e escrit\u00f3rios. Trata-se de uma igreja relativamente pequena, com uma capela anexa. Na frente, entra-se nela por uma porta e para a capela, por outra, que antes d\u00e1 acesso a uma lojinha de artigos religiosos, sempre em funcionamento, onde se vendem livrinhos devocionais sobre S\u00e3o Jorge, Santo Expedito, S\u00e3o Sebasti\u00e3o e outros. Tamb\u00e9m a\u00ed se encontram santinhos com ora\u00e7\u00f5es a estes Santos, a S\u00e3o Gon\u00e7alo Garcia, Santo Ant\u00f4nio do Categer\u00f3. H\u00e1 fitas, pequenos quadros, ter\u00e7os, imagens de tamanhos diversos, e velas: brancas e vermelhas sobretudo, mas tamb\u00e9m azuis, amarelas, r\u00f3seas, marrons, verdes e lilazes: todas, cores da Umbanda, o que remete para o sincretismo presente nesta devo\u00e7\u00e3o, na de S. Sebasti\u00e3o, e de outros santos do Catolicismo.<\/p>\n<p style=\"text-align: justify;\">A esquerda, antes do altar principal, abaixo da caixa de som e do ventilador, est\u00e1 a imagem de Categer\u00f3, em um pedestal. A est\u00e1tua est\u00e1 envolta com algumas \u00a0fitas vermelhas, um padr\u00e3o da devo\u00e7\u00e3o a ele, nessa comunidade.<\/p>\n<p style=\"text-align: center;\"><a href=\"http:\/\/www.categero.org.br\/wp-content\/uploads\/2011\/09\/Baner-S\u00e3o-Jorge.jpg\"><img loading=\"lazy\" decoding=\"async\" class=\"aligncenter size-medium wp-image-3375\" title=\"Baner S\u00e3o Jorge\" alt=\"\" src=\"http:\/\/www.categero.org.br\/wp-content\/uploads\/2011\/09\/Baner-S\u00e3o-Jorge-300x144.jpg\" width=\"300\" height=\"144\" \/><\/a><\/p>\n","protected":false},"excerpt":{"rendered":"<p>Duas f\u00e9 em uma s\u00f3 Igreja: S\u00e3o Gon\u00e7alo Garcia e S\u00e3o Jorge &nbsp; H\u00e1 uma imagem do beato Ant\u00f4nio de Categer\u00f3 na igreja de S\u00e3o Gon\u00e7alo Garcia e de S\u00e3o Jorge. A Vener\u00e1vel Confraria dos Gloriosos M\u00e1rtires S\u00e3o Gon\u00e7alo Garcia e S\u00e3o Jorge promovem uma religiosidade popular comum \u00a0e re\u00fanem, no dia de S\u00e3o Jorge [&hellip;]<\/p>\n","protected":false},"author":1,"featured_media":8524,"parent":8865,"menu_order":0,"comment_status":"open","ping_status":"open","template":"","meta":{"ngg_post_thumbnail":0,"footnotes":""},"class_list":["post-3369","page","type-page","status-publish","has-post-thumbnail","hentry"],"_links":{"self":[{"href":"https:\/\/categero.org.br\/antigo\/index.php?rest_route=\/wp\/v2\/pages\/3369","targetHints":{"allow":["GET"]}}],"collection":[{"href":"https:\/\/categero.org.br\/antigo\/index.php?rest_route=\/wp\/v2\/pages"}],"about":[{"href":"https:\/\/categero.org.br\/antigo\/index.php?rest_route=\/wp\/v2\/types\/page"}],"author":[{"embeddable":true,"href":"https:\/\/categero.org.br\/antigo\/index.php?rest_route=\/wp\/v2\/users\/1"}],"replies":[{"embeddable":true,"href":"https:\/\/categero.org.br\/antigo\/index.php?rest_route=%2Fwp%2Fv2%2Fcomments&post=3369"}],"version-history":[{"count":5,"href":"https:\/\/categero.org.br\/antigo\/index.php?rest_route=\/wp\/v2\/pages\/3369\/revisions"}],"predecessor-version":[{"id":8892,"href":"https:\/\/categero.org.br\/antigo\/index.php?rest_route=\/wp\/v2\/pages\/3369\/revisions\/8892"}],"up":[{"embeddable":true,"href":"https:\/\/categero.org.br\/antigo\/index.php?rest_route=\/wp\/v2\/pages\/8865"}],"wp:featuredmedia":[{"embeddable":true,"href":"https:\/\/categero.org.br\/antigo\/index.php?rest_route=\/wp\/v2\/media\/8524"}],"wp:attachment":[{"href":"https:\/\/categero.org.br\/antigo\/index.php?rest_route=%2Fwp%2Fv2%2Fmedia&parent=3369"}],"curies":[{"name":"wp","href":"https:\/\/api.w.org\/{rel}","templated":true}]}}