{"id":314,"date":"2010-10-02T17:52:43","date_gmt":"2010-10-02T17:52:43","guid":{"rendered":"http:\/\/www.categero.org.br\/?page_id=314"},"modified":"2013-12-13T09:24:20","modified_gmt":"2013-12-13T12:24:20","slug":"2009rj-santos-de-vestir-da-procissao-das-cinzas-do-rio-de-janeiro-fisionomias-da-fe","status":"publish","type":"page","link":"https:\/\/categero.org.br\/antigo\/?page_id=314","title":{"rendered":"RJ\/2009 &#8211; Santos de vestir da Prociss\u00e3o das Cinzas do Rio de Janeiro &#8211; Fisionomias da f\u00e9"},"content":{"rendered":"<p>Autor: Nancy Regina Mathias Rabelo<\/p>\n<p>RESUMO: A autora aborda o tema das imagens (esculturas religiosas) de roca e de vestir, compostas geralmente nos eventos solenes das comemora\u00e7\u00f5es crist\u00e3s. Resgate de seu valor art\u00edstico e cataloga\u00e7\u00e3o de seu valor hist\u00f3rico a partir de em\u00e9ritos pesquisadores da Bahia e de Minas Gerais.<br \/>\nInclui ilustra\u00e7\u00f5es a cores de originais dessas imagens.<\/p>\n<p>C\u00f3pia dispon\u00edvel para baixar: <a href='http:\/\/www.categero.org.br\/wp-content\/uploads\/2010\/10\/C\u00f3pia.htm'>C\u00f3pia<\/a><br \/>\n<a href='http:\/\/www.categero.org.br\/5-manifestacoes-artisticas\/4-musicas-hinos-religiosos-poesias-e-charges\/attachment\/musicas-com-categero\/' rel='attachment wp-att-1360'><\/a> <\/p>\n<p>Site de onde foi retirado:<br \/>\n<a href=\"http:\/\/www.dezenovevinte.net\/obras\/imagens_nancy.htm\">http:\/\/www.dezenovevinte.net\/obras\/imagens_nancy.htm<\/a><\/p>\n","protected":false},"excerpt":{"rendered":"<p>Autor: Nancy Regina Mathias Rabelo RESUMO: A autora aborda o tema das imagens (esculturas religiosas) de roca e de vestir, compostas geralmente nos eventos solenes das comemora\u00e7\u00f5es crist\u00e3s. Resgate de seu valor art\u00edstico e cataloga\u00e7\u00e3o de seu valor hist\u00f3rico a partir de em\u00e9ritos pesquisadores da Bahia e de Minas Gerais. Inclui ilustra\u00e7\u00f5es a cores de [&hellip;]<\/p>\n","protected":false},"author":1,"featured_media":0,"parent":3844,"menu_order":0,"comment_status":"closed","ping_status":"closed","template":"","meta":{"ngg_post_thumbnail":0,"footnotes":""},"class_list":["post-314","page","type-page","status-publish","hentry"],"_links":{"self":[{"href":"https:\/\/categero.org.br\/antigo\/index.php?rest_route=\/wp\/v2\/pages\/314","targetHints":{"allow":["GET"]}}],"collection":[{"href":"https:\/\/categero.org.br\/antigo\/index.php?rest_route=\/wp\/v2\/pages"}],"about":[{"href":"https:\/\/categero.org.br\/antigo\/index.php?rest_route=\/wp\/v2\/types\/page"}],"author":[{"embeddable":true,"href":"https:\/\/categero.org.br\/antigo\/index.php?rest_route=\/wp\/v2\/users\/1"}],"replies":[{"embeddable":true,"href":"https:\/\/categero.org.br\/antigo\/index.php?rest_route=%2Fwp%2Fv2%2Fcomments&post=314"}],"version-history":[{"count":2,"href":"https:\/\/categero.org.br\/antigo\/index.php?rest_route=\/wp\/v2\/pages\/314\/revisions"}],"predecessor-version":[{"id":5941,"href":"https:\/\/categero.org.br\/antigo\/index.php?rest_route=\/wp\/v2\/pages\/314\/revisions\/5941"}],"up":[{"embeddable":true,"href":"https:\/\/categero.org.br\/antigo\/index.php?rest_route=\/wp\/v2\/pages\/3844"}],"wp:attachment":[{"href":"https:\/\/categero.org.br\/antigo\/index.php?rest_route=%2Fwp%2Fv2%2Fmedia&parent=314"}],"curies":[{"name":"wp","href":"https:\/\/api.w.org\/{rel}","templated":true}]}}