{"id":31,"date":"2010-09-28T23:02:50","date_gmt":"2010-09-28T23:02:50","guid":{"rendered":"http:\/\/www.categero.org.br\/?page_id=31"},"modified":"2014-03-25T16:06:17","modified_gmt":"2014-03-25T19:06:17","slug":"5-regiao-sudeste-br","status":"publish","type":"page","link":"https:\/\/categero.org.br\/antigo\/?page_id=31","title":{"rendered":"5. Regi\u00e3o Sudeste (Br)"},"content":{"rendered":"<p style=\"text-align: center;\"><strong>Imagens do Beato Ant\u00f4nio de Categer\u00f3- \u00a0nos Estados da Regi\u00e3o Sudeste<\/strong><\/p>\n<p style=\"text-align: left; padding-left: 90px;\">\n<p style=\"text-align: left; padding-left: 90px;\">&#8211; <a href=\"http:\/\/categero.org.br\/?page_id=8865\" target=\"_blank\">ESTADO DO RIO DE JANEIRO<\/a><\/p>\n<p style=\"text-align: left; padding-left: 90px;\">\n<p style=\"text-align: left; padding-left: 90px;\">&#8211; <a href=\"http:\/\/categero.org.br\/?page_id=8867\" target=\"_blank\">ESTADO DE S\u00c3O PAULO<\/a><\/p>\n<p style=\"text-align: left; padding-left: 90px;\">\n<p style=\"text-align: left; padding-left: 90px;\">&#8211; <a href=\"http:\/\/categero.org.br\/?page_id=8870\" target=\"_blank\">ESTADO DE MINAS GERAIS<\/a><\/p>\n<p style=\"text-align: left; padding-left: 90px;\">\n<p style=\"text-align: left; padding-left: 90px;\">&#8211; ESTADO DO ESP\u00cdRITO SANTO<\/p>\n<p style=\"text-align: left; padding-left: 90px;\">\n","protected":false},"excerpt":{"rendered":"<p>Imagens do Beato Ant\u00f4nio de Categer\u00f3- \u00a0nos Estados da Regi\u00e3o Sudeste &#8211; ESTADO DO RIO DE JANEIRO &#8211; ESTADO DE S\u00c3O PAULO &#8211; ESTADO DE MINAS GERAIS &#8211; ESTADO DO ESP\u00cdRITO SANTO<\/p>\n","protected":false},"author":1,"featured_media":0,"parent":6,"menu_order":0,"comment_status":"closed","ping_status":"closed","template":"","meta":{"ngg_post_thumbnail":0,"footnotes":""},"class_list":["post-31","page","type-page","status-publish","hentry"],"_links":{"self":[{"href":"https:\/\/categero.org.br\/antigo\/index.php?rest_route=\/wp\/v2\/pages\/31","targetHints":{"allow":["GET"]}}],"collection":[{"href":"https:\/\/categero.org.br\/antigo\/index.php?rest_route=\/wp\/v2\/pages"}],"about":[{"href":"https:\/\/categero.org.br\/antigo\/index.php?rest_route=\/wp\/v2\/types\/page"}],"author":[{"embeddable":true,"href":"https:\/\/categero.org.br\/antigo\/index.php?rest_route=\/wp\/v2\/users\/1"}],"replies":[{"embeddable":true,"href":"https:\/\/categero.org.br\/antigo\/index.php?rest_route=%2Fwp%2Fv2%2Fcomments&post=31"}],"version-history":[{"count":8,"href":"https:\/\/categero.org.br\/antigo\/index.php?rest_route=\/wp\/v2\/pages\/31\/revisions"}],"predecessor-version":[{"id":6991,"href":"https:\/\/categero.org.br\/antigo\/index.php?rest_route=\/wp\/v2\/pages\/31\/revisions\/6991"}],"up":[{"embeddable":true,"href":"https:\/\/categero.org.br\/antigo\/index.php?rest_route=\/wp\/v2\/pages\/6"}],"wp:attachment":[{"href":"https:\/\/categero.org.br\/antigo\/index.php?rest_route=%2Fwp%2Fv2%2Fmedia&parent=31"}],"curies":[{"name":"wp","href":"https:\/\/api.w.org\/{rel}","templated":true}]}}