{"id":307,"date":"2010-10-02T17:39:33","date_gmt":"2010-10-02T17:39:33","guid":{"rendered":"http:\/\/www.categero.org.br\/?page_id=307"},"modified":"2013-12-13T09:29:54","modified_gmt":"2013-12-13T12:29:54","slug":"1996-identidade-e-diversidade-etnicas-nas-irmandades-negras-no-tempo-da-escravidao","status":"publish","type":"page","link":"https:\/\/categero.org.br\/antigo\/?page_id=307","title":{"rendered":"RJ\/1996 &#8211; Identidade e Diversidade \u00c9tnicas nas Irmandades Negras no Tempo da Escravid\u00e3o"},"content":{"rendered":"<p>Autor: <strong>Jo\u00e3o Jos\u00e9 dos Reis<\/strong><\/p>\n<p>Resumo: O autor n\u00e3o apresenta resumo em seu trabalho publicado.<br \/>\n\u00c9 presente em todas as p\u00e1ginas: &#8220;Tempo, Rio de Janeiro, vol. 2, n\u00b0. 3, 1996, p. 7-33&#8221;. N\u00e3o consta bibliografia e nem a refer\u00eancia a este rodap\u00e9.<\/p>\n<p>Nosso <a href=\"http:\/\/www.categero.org.br\/wp-content\/uploads\/2010\/10\/PDF1.pdf\">PDF<\/a> dispon\u00edvel.<\/p>\n<p>Endere\u00e7o de onde foi encontrado na Internet o presente Trabalho e tamb\u00e9m \u00e9 dispon\u00edvel:<br \/>\n<a href=\"http:\/\/blig.ig.com.br\/estudoscoloniais\/files\/2009\/03\/artigo-joao-jose-reis.pdf\">http:\/\/blig.ig.com.br\/estudoscoloniais\/files\/2009\/03\/artigo-joao-jose-reis.pdf<\/a><\/p>\n<p>(Nosso resumo:) O autor situa sua pesquisa na Bahia a partir de 1809, em cima do congrasamento de escravos, inclusive das incidentaliza\u00e7\u00f5es consequentes. Enfoca 1831, com abdica\u00e7\u00e3o de D.Pedro I, como um novo marco com relato de incidentes, indo depois descrever detalhadamente o surgimento e forma\u00e7\u00e3o das Irmandades ao final de 1800. Resgata o linguajar de grupos que v\u00e3o formar termos e express\u00f5es, hoje, usuais mas j\u00e1 n\u00e3o com o mesmo sentido. Mas principalmente \u00e9 o questionamento racial de toda essa \u00e9poca que norteia a pesquisa e discuss\u00e3o.<br \/>\nEnfoca a forma\u00e7\u00e3o da Irmandade de Categer\u00f3 em 1885, com a discuss\u00e3o das diversas etnias na divis\u00e3o do poder das diversas irmandades.<\/p>\n","protected":false},"excerpt":{"rendered":"<p>Autor: Jo\u00e3o Jos\u00e9 dos Reis Resumo: O autor n\u00e3o apresenta resumo em seu trabalho publicado. \u00c9 presente em todas as p\u00e1ginas: &#8220;Tempo, Rio de Janeiro, vol. 2, n\u00b0. 3, 1996, p. 7-33&#8221;. N\u00e3o consta bibliografia e nem a refer\u00eancia a este rodap\u00e9. Nosso PDF dispon\u00edvel. Endere\u00e7o de onde foi encontrado na Internet o presente Trabalho [&hellip;]<\/p>\n","protected":false},"author":1,"featured_media":0,"parent":3838,"menu_order":0,"comment_status":"closed","ping_status":"closed","template":"","meta":{"ngg_post_thumbnail":0,"footnotes":""},"class_list":["post-307","page","type-page","status-publish","hentry"],"_links":{"self":[{"href":"https:\/\/categero.org.br\/antigo\/index.php?rest_route=\/wp\/v2\/pages\/307","targetHints":{"allow":["GET"]}}],"collection":[{"href":"https:\/\/categero.org.br\/antigo\/index.php?rest_route=\/wp\/v2\/pages"}],"about":[{"href":"https:\/\/categero.org.br\/antigo\/index.php?rest_route=\/wp\/v2\/types\/page"}],"author":[{"embeddable":true,"href":"https:\/\/categero.org.br\/antigo\/index.php?rest_route=\/wp\/v2\/users\/1"}],"replies":[{"embeddable":true,"href":"https:\/\/categero.org.br\/antigo\/index.php?rest_route=%2Fwp%2Fv2%2Fcomments&post=307"}],"version-history":[{"count":2,"href":"https:\/\/categero.org.br\/antigo\/index.php?rest_route=\/wp\/v2\/pages\/307\/revisions"}],"predecessor-version":[{"id":5997,"href":"https:\/\/categero.org.br\/antigo\/index.php?rest_route=\/wp\/v2\/pages\/307\/revisions\/5997"}],"up":[{"embeddable":true,"href":"https:\/\/categero.org.br\/antigo\/index.php?rest_route=\/wp\/v2\/pages\/3838"}],"wp:attachment":[{"href":"https:\/\/categero.org.br\/antigo\/index.php?rest_route=%2Fwp%2Fv2%2Fmedia&parent=307"}],"curies":[{"name":"wp","href":"https:\/\/api.w.org\/{rel}","templated":true}]}}