{"id":299,"date":"2010-10-02T17:24:38","date_gmt":"2010-10-02T17:24:38","guid":{"rendered":"http:\/\/www.categero.org.br\/?page_id=299"},"modified":"2013-12-13T09:30:35","modified_gmt":"2013-12-13T12:30:35","slug":"1988-historias-e-leituras-de-almanaques-do-brasil","status":"publish","type":"page","link":"https:\/\/categero.org.br\/antigo\/?page_id=299","title":{"rendered":"SP\/1988 &#8211; Hist\u00f3rias e leituras de almanaques do Brasil"},"content":{"rendered":"<p>Autora:\u00a0Margareth Brandini Park<\/p>\n<p>Unicamp\/SP &#8211; Faculdade\u00a0 de\u00a0 Educa\u00e7\u00e3o &#8211; Departamento de Metodologia de Ensino<\/p>\n<p>Arq dispon\u00edvel: <a href=\"http:\/\/www.categero.org.br\/wp-content\/uploads\/2010\/10\/PDF.pdf\">PDF<\/a><\/p>\n<p><a href=\"http:\/\/www.categero.org.br\/wp-content\/uploads\/2010\/10\/PDF.pdf\"><\/a>Endere\u00e7o eletr\u00f4nico de onde foi retirado este trabalho: <a href=\"http:\/\/cutter.unicamp.br\/document\/?code=vtls000134324\">http:\/\/cutter.unicamp.br\/document\/?code=vtls000134324<\/a><\/p>\n<p>O presente trabalho tem por objetivo estudar a mudan\u00e7a de estatuto dos almanaques populares de farm\u00e1cia e de seus leitores, recolocando-os enquanto leituras e leitores, no universo social das pr\u00e1ticas de leituras. A busca desses suportes de leitura, as t\u00e1ticas e as estrat\u00e9gias de sua apropria\u00e7\u00e3o por leitores e por leitores considerados n\u00e3o-leitores, \u00e9 revelada. O que \u00e9 um almanaque? Como \u00e9 a sua hist\u00f3ria? Quem l\u00ea os almanaques? Como? Por onde circulam? Que pr\u00e1ticas de leitura constituem? O material estudado comp\u00f5e-se de 4 exemplares do Almanaque Granado (RJ), 18 exemplares do Almanaque Biot\u00f4nico Fontoura (SP), 44 exemplares do Almanaque IZA (RS) e a cole\u00e7\u00e3o completa do Almanaque Renascim Sadol (SC) somados \u00e0s 246 cartas dos leitores do Almanaque Renascim Sadol para os editores, depoimentos, entrevistas e levantamentos em jornais e arquivo. O alcance e a import\u00e2ncia dessa literatura traduz-se pela alta tiragem de exemplares, gratuidade, modelo tipogr\u00e1fico e ampla rede de distribui\u00e7\u00e3o.<\/p>\n<p>(Nota do Portal &#8211; cont\u00e9m uma cita\u00e7\u00e3o sobre a ora\u00e7\u00e3o de Categer\u00f3).<\/p>\n","protected":false},"excerpt":{"rendered":"<p>Autora:\u00a0Margareth Brandini Park Unicamp\/SP &#8211; Faculdade\u00a0 de\u00a0 Educa\u00e7\u00e3o &#8211; Departamento de Metodologia de Ensino Arq dispon\u00edvel: PDF Endere\u00e7o eletr\u00f4nico de onde foi retirado este trabalho: http:\/\/cutter.unicamp.br\/document\/?code=vtls000134324 O presente trabalho tem por objetivo estudar a mudan\u00e7a de estatuto dos almanaques populares de farm\u00e1cia e de seus leitores, recolocando-os enquanto leituras e leitores, no universo social das [&hellip;]<\/p>\n","protected":false},"author":1,"featured_media":0,"parent":3838,"menu_order":0,"comment_status":"closed","ping_status":"closed","template":"","meta":{"ngg_post_thumbnail":0,"footnotes":""},"class_list":["post-299","page","type-page","status-publish","hentry"],"_links":{"self":[{"href":"https:\/\/categero.org.br\/antigo\/index.php?rest_route=\/wp\/v2\/pages\/299","targetHints":{"allow":["GET"]}}],"collection":[{"href":"https:\/\/categero.org.br\/antigo\/index.php?rest_route=\/wp\/v2\/pages"}],"about":[{"href":"https:\/\/categero.org.br\/antigo\/index.php?rest_route=\/wp\/v2\/types\/page"}],"author":[{"embeddable":true,"href":"https:\/\/categero.org.br\/antigo\/index.php?rest_route=\/wp\/v2\/users\/1"}],"replies":[{"embeddable":true,"href":"https:\/\/categero.org.br\/antigo\/index.php?rest_route=%2Fwp%2Fv2%2Fcomments&post=299"}],"version-history":[{"count":3,"href":"https:\/\/categero.org.br\/antigo\/index.php?rest_route=\/wp\/v2\/pages\/299\/revisions"}],"predecessor-version":[{"id":6003,"href":"https:\/\/categero.org.br\/antigo\/index.php?rest_route=\/wp\/v2\/pages\/299\/revisions\/6003"}],"up":[{"embeddable":true,"href":"https:\/\/categero.org.br\/antigo\/index.php?rest_route=\/wp\/v2\/pages\/3838"}],"wp:attachment":[{"href":"https:\/\/categero.org.br\/antigo\/index.php?rest_route=%2Fwp%2Fv2%2Fmedia&parent=299"}],"curies":[{"name":"wp","href":"https:\/\/api.w.org\/{rel}","templated":true}]}}