{"id":29,"date":"2010-09-28T22:58:46","date_gmt":"2010-09-28T22:58:46","guid":{"rendered":"http:\/\/www.categero.org.br\/?page_id=29"},"modified":"2013-12-12T15:12:23","modified_gmt":"2013-12-12T18:12:23","slug":"4-regiao-centro-oeste-br","status":"publish","type":"page","link":"https:\/\/categero.org.br\/antigo\/?page_id=29","title":{"rendered":"4.\tRegi\u00e3o Centro Oeste (Br)"},"content":{"rendered":"<p>Nosso Altar da F\u00e9 ainda n\u00e3o temos nenhuma imagem dessa regi\u00e3o cadastrada.<\/p>\n<p>Se algu\u00e9m souber que nos relate, obrigado.<br \/>\nPortal<\/p>\n","protected":false},"excerpt":{"rendered":"<p>Nosso Altar da F\u00e9 ainda n\u00e3o temos nenhuma imagem dessa regi\u00e3o cadastrada. Se algu\u00e9m souber que nos relate, obrigado. Portal<\/p>\n","protected":false},"author":1,"featured_media":0,"parent":6,"menu_order":0,"comment_status":"closed","ping_status":"closed","template":"","meta":{"ngg_post_thumbnail":0,"footnotes":""},"class_list":["post-29","page","type-page","status-publish","hentry"],"_links":{"self":[{"href":"https:\/\/categero.org.br\/antigo\/index.php?rest_route=\/wp\/v2\/pages\/29","targetHints":{"allow":["GET"]}}],"collection":[{"href":"https:\/\/categero.org.br\/antigo\/index.php?rest_route=\/wp\/v2\/pages"}],"about":[{"href":"https:\/\/categero.org.br\/antigo\/index.php?rest_route=\/wp\/v2\/types\/page"}],"author":[{"embeddable":true,"href":"https:\/\/categero.org.br\/antigo\/index.php?rest_route=\/wp\/v2\/users\/1"}],"replies":[{"embeddable":true,"href":"https:\/\/categero.org.br\/antigo\/index.php?rest_route=%2Fwp%2Fv2%2Fcomments&post=29"}],"version-history":[{"count":3,"href":"https:\/\/categero.org.br\/antigo\/index.php?rest_route=\/wp\/v2\/pages\/29\/revisions"}],"predecessor-version":[{"id":5840,"href":"https:\/\/categero.org.br\/antigo\/index.php?rest_route=\/wp\/v2\/pages\/29\/revisions\/5840"}],"up":[{"embeddable":true,"href":"https:\/\/categero.org.br\/antigo\/index.php?rest_route=\/wp\/v2\/pages\/6"}],"wp:attachment":[{"href":"https:\/\/categero.org.br\/antigo\/index.php?rest_route=%2Fwp%2Fv2%2Fmedia&parent=29"}],"curies":[{"name":"wp","href":"https:\/\/api.w.org\/{rel}","templated":true}]}}