{"id":2859,"date":"2011-08-10T22:55:59","date_gmt":"2011-08-11T01:55:59","guid":{"rendered":"http:\/\/www.categero.org.br\/?page_id=2859"},"modified":"2013-12-13T09:23:10","modified_gmt":"2013-12-13T12:23:10","slug":"37-2006rj-elos-de-permanencia-lazer-como-preservacao-da-memoria-coletiva-dos-libertos-de-seus-descendentes-em-juiz-de-fora-inicio-seculo-xx","status":"publish","type":"page","link":"https:\/\/categero.org.br\/antigo\/?page_id=2859","title":{"rendered":"RJ\/2006 &#8211; Elos de perman\u00eancia: o lazer como preserva\u00e7\u00e3o da mem\u00f3ria coletiva dos libertos e de seus descendentes em Juiz de Fora no in\u00edcio do s\u00e9culo XX"},"content":{"rendered":"<p>Autora: Mestra em Hist\u00f3ria Patricia Lage de Almeida<\/p>\n<p>Elos de perman\u00eancia: o lazer como preserva\u00e7\u00e3o da mem\u00f3ria coletiva dos libertos e de seus descendentes em Juiz de Fora no in\u00edcio do s\u00e9culo XX<\/p>\n<p>Disserta\u00e7\u00e3o apresentada ao Programa de P\u00f3s-Gradua\u00e7\u00e3o em Hist\u00f3ria da Universidade Federal de Juiz de Fora como requisito para obten\u00e7\u00e3o do t\u00edtulo de Mestre.<\/p>\n<p>2006\/Juiz de Fora \u2013 UFJF<\/p>\n<p>&nbsp;<\/p>\n<p>&nbsp;<\/p>\n<p>RESUMO &#8211; A presente pesquisa analisa a inser\u00e7\u00e3o do liberto e seus descendentes, na cidade de Juiz de Fora no in\u00edcio do s\u00e9culo XX, atrav\u00e9s dos espa\u00e7os informais de sociabilidades \u2013 bares, biroscas, boates e festas de rua. Diante da aus\u00eancia de outras associa\u00e7\u00f5es mais formais, como agremia\u00e7\u00f5es ou partidos pol\u00edticos, foi no cotidiano do lazer que os negros fortaleceram seus la\u00e7os familiares e comunit\u00e1rios. No ambiente da festa, as tens\u00f5es foram amenizadas, permitindo uma aproxima\u00e7\u00e3o entre os v\u00e1rios grupos sociais que compunham a sociedade juizforana do per\u00edodo. Compartilhavam-se c\u00f3digos culturais e estabeleciam-se trocas simb\u00f3licas plenas de significados, elementos que ser\u00e3o analisados no decorrer da pesquisa.<\/p>\n<p>Trabalho com 107 p\u00e1ginas com \u00a0306 cita\u00e7\u00f5es de bibliogr\u00e1ficas.<\/p>\n<p>P\u00e1gina 79 cita Santo Ant\u00f4nio de Catalagerona, segundo bibliografia de C\u00e9lia Maia Borges<\/p>\n<p>Local de onde foi buscado o trabalho na internet: <a href=\"http:\/\/www.ufjf.br\/ppghistoria\/files\/2009\/12\/Patricia-Lage-de-Almeida.pdf\">http:\/\/www.ufjf.br\/ppghistoria\/files\/2009\/12\/Patricia-Lage-de-Almeida.pdf<\/a><\/p>\n<p>Nossa c\u00f3pia do\u00a0<a href=\"http:\/\/www.categero.org.br\/wp-content\/uploads\/2011\/08\/36.-Patricia-Categer\u00f3.pdf\">Patricia Categer\u00f3<\/a> via PDF.<\/p>\n<p>&nbsp;<\/p>\n","protected":false},"excerpt":{"rendered":"<p>Autora: Mestra em Hist\u00f3ria Patricia Lage de Almeida Elos de perman\u00eancia: o lazer como preserva\u00e7\u00e3o da mem\u00f3ria coletiva dos libertos e de seus descendentes em Juiz de Fora no in\u00edcio do s\u00e9culo XX Disserta\u00e7\u00e3o apresentada ao Programa de P\u00f3s-Gradua\u00e7\u00e3o em Hist\u00f3ria da Universidade Federal de Juiz de Fora como requisito para obten\u00e7\u00e3o do t\u00edtulo de [&hellip;]<\/p>\n","protected":false},"author":1,"featured_media":0,"parent":3840,"menu_order":0,"comment_status":"open","ping_status":"open","template":"","meta":{"ngg_post_thumbnail":0,"footnotes":""},"class_list":["post-2859","page","type-page","status-publish","hentry"],"_links":{"self":[{"href":"https:\/\/categero.org.br\/antigo\/index.php?rest_route=\/wp\/v2\/pages\/2859","targetHints":{"allow":["GET"]}}],"collection":[{"href":"https:\/\/categero.org.br\/antigo\/index.php?rest_route=\/wp\/v2\/pages"}],"about":[{"href":"https:\/\/categero.org.br\/antigo\/index.php?rest_route=\/wp\/v2\/types\/page"}],"author":[{"embeddable":true,"href":"https:\/\/categero.org.br\/antigo\/index.php?rest_route=\/wp\/v2\/users\/1"}],"replies":[{"embeddable":true,"href":"https:\/\/categero.org.br\/antigo\/index.php?rest_route=%2Fwp%2Fv2%2Fcomments&post=2859"}],"version-history":[{"count":2,"href":"https:\/\/categero.org.br\/antigo\/index.php?rest_route=\/wp\/v2\/pages\/2859\/revisions"}],"predecessor-version":[{"id":5927,"href":"https:\/\/categero.org.br\/antigo\/index.php?rest_route=\/wp\/v2\/pages\/2859\/revisions\/5927"}],"up":[{"embeddable":true,"href":"https:\/\/categero.org.br\/antigo\/index.php?rest_route=\/wp\/v2\/pages\/3840"}],"wp:attachment":[{"href":"https:\/\/categero.org.br\/antigo\/index.php?rest_route=%2Fwp%2Fv2%2Fmedia&parent=2859"}],"curies":[{"name":"wp","href":"https:\/\/api.w.org\/{rel}","templated":true}]}}