{"id":2851,"date":"2011-08-10T22:23:35","date_gmt":"2011-08-11T01:23:35","guid":{"rendered":"http:\/\/www.categero.org.br\/?page_id=2851"},"modified":"2014-02-28T10:57:01","modified_gmt":"2014-02-28T13:57:01","slug":"36-2006rs-irmandades-leigas-em-porto-alegre-praticas-funerarias-experiencia-urbana-seculos-xviii-xix","status":"publish","type":"page","link":"https:\/\/categero.org.br\/antigo\/?page_id=2851","title":{"rendered":"2006\/RS &#8211; Irmandades leigas em Porto Alegre &#8211; Pr\u00e1ticas funer\u00e1rias e experi\u00eancia urbana S\u00e9culos XVIII-XIX"},"content":{"rendered":"<p style=\"text-align: center;\"><strong> UFRGS &#8211;\u00a0Irmandades leigas em Porto Alegre &#8211; Pr\u00e1ticas funer\u00e1rias e experi\u00eancia urbana S\u00e9culos XVIII-XIX<\/strong><\/p>\n<p>Autora: Dra. em Hist\u00f3ria Mara Regina do Nascimento<\/p>\n<p>Tese apresentada ao Curso de P\u00f3s-Gradua\u00e7\u00e3o em Hist\u00f3ria da Universidade na Federal do Rio Grande do Sul, como requisito parcial para a obten\u00e7\u00e3o do t\u00edtulo de Doutor em Hist\u00f3ria.<\/p>\n<p>Enfoque: A\u00a0tese investiga a atua\u00e7\u00e3o das irmandades religiosas no meio urbano, a partir da forteimbrica\u00e7\u00e3o destas com a configura\u00e7\u00e3o da cidade e da contribui\u00e7\u00e3o que deram para a formade administra\u00e7\u00e3o das pr\u00e1ticas funer\u00e1rias em Porto Alegre, ao fim do per\u00edodo colonial at\u00e9meados dos Oitocentos.<\/p>\n<p>Trabalho com 362 p\u00e1ginas com 15 p\u00e1ginas de bibliografia.<\/p>\n<p>Na p\u00e1gina 107 a autora faz cita\u00e7\u00e3o de Santo Ant\u00f4nio de Categer\u00f3, segundo bibliografia usada de Jo\u00e3o Reis.<\/p>\n<p>Local de onde foi buscado o trabalho na internet:\u00a0<a href=\"http:\/\/www.lume.ufrgs.br\/handle\/10183\/8574\">http:\/\/www.lume.ufrgs.br\/handle\/10183\/8574<\/a><\/p>\n<p><a href=\"http:\/\/categero.org.br\/wp-content\/uploads\/2011\/08\/Ufrgs-Categero1.pdf\">C\u00f3pia do trabalho Ufrgs Categero de Mara Regina do Nacimento<\/a>.<\/p>\n<p>&nbsp;<\/p>\n","protected":false},"excerpt":{"rendered":"<p>UFRGS &#8211;\u00a0Irmandades leigas em Porto Alegre &#8211; Pr\u00e1ticas funer\u00e1rias e experi\u00eancia urbana S\u00e9culos XVIII-XIX Autora: Dra. em Hist\u00f3ria Mara Regina do Nascimento Tese apresentada ao Curso de P\u00f3s-Gradua\u00e7\u00e3o em Hist\u00f3ria da Universidade na Federal do Rio Grande do Sul, como requisito parcial para a obten\u00e7\u00e3o do t\u00edtulo de Doutor em Hist\u00f3ria. Enfoque: A\u00a0tese investiga a [&hellip;]<\/p>\n","protected":false},"author":1,"featured_media":0,"parent":3838,"menu_order":31,"comment_status":"open","ping_status":"open","template":"","meta":{"ngg_post_thumbnail":0,"footnotes":""},"class_list":["post-2851","page","type-page","status-publish","hentry"],"_links":{"self":[{"href":"https:\/\/categero.org.br\/antigo\/index.php?rest_route=\/wp\/v2\/pages\/2851","targetHints":{"allow":["GET"]}}],"collection":[{"href":"https:\/\/categero.org.br\/antigo\/index.php?rest_route=\/wp\/v2\/pages"}],"about":[{"href":"https:\/\/categero.org.br\/antigo\/index.php?rest_route=\/wp\/v2\/types\/page"}],"author":[{"embeddable":true,"href":"https:\/\/categero.org.br\/antigo\/index.php?rest_route=\/wp\/v2\/users\/1"}],"replies":[{"embeddable":true,"href":"https:\/\/categero.org.br\/antigo\/index.php?rest_route=%2Fwp%2Fv2%2Fcomments&post=2851"}],"version-history":[{"count":6,"href":"https:\/\/categero.org.br\/antigo\/index.php?rest_route=\/wp\/v2\/pages\/2851\/revisions"}],"predecessor-version":[{"id":5098,"href":"https:\/\/categero.org.br\/antigo\/index.php?rest_route=\/wp\/v2\/pages\/2851\/revisions\/5098"}],"up":[{"embeddable":true,"href":"https:\/\/categero.org.br\/antigo\/index.php?rest_route=\/wp\/v2\/pages\/3838"}],"wp:attachment":[{"href":"https:\/\/categero.org.br\/antigo\/index.php?rest_route=%2Fwp%2Fv2%2Fmedia&parent=2851"}],"curies":[{"name":"wp","href":"https:\/\/api.w.org\/{rel}","templated":true}]}}