{"id":271,"date":"2010-10-02T13:56:34","date_gmt":"2010-10-02T13:56:34","guid":{"rendered":"http:\/\/www.categero.org.br\/?page_id=271"},"modified":"2013-12-13T09:32:15","modified_gmt":"2013-12-13T12:32:15","slug":"boa-morte-e-outras-irmandades","status":"publish","type":"page","link":"https:\/\/categero.org.br\/antigo\/?page_id=271","title":{"rendered":"Boa Morte e outras irmandades"},"content":{"rendered":"<p>Texto recolhido do Blog de &#8220;<strong>Leca Lima<\/strong>&#8221; <a href=\"http:\/\/lecalima.fdj.vilabol.uol.com.br\/\">http:\/\/lecalima.fdj.vilabol.uol.com.br\/<\/a> (Meu nome \u00e9 LECIANE LIMA, para os \u00edntimos <strong>Leca<\/strong>. Sou estudante do 3\u00b0 semestre de jornalismo da Faculdade Dois de Julho, em Salvador\/BA) <\/p>\n<p>No Blog, o texto ser\u00e1 localizado pelo menu \u201cTrabalhos\u201d e, nele, \u201c A IRMANDADE DA BOA MORTE &#8211; REDA\u00c7\u00c3O JORNAL\u00cdSTICA\u201d<br \/>\nou direto pelo linck completo:<br \/>\n  <a href=\"http:\/\/lecalima.fdj.vilabol.uol.com.br\/festa.htm \">http:\/\/lecalima.fdj.vilabol.uol.com.br\/festa.htm <\/a><\/p>\n<p><em>Texto transcrito<\/em><br \/>\n         A participa\u00e7\u00e3o dos membros da Irmandade do Ros\u00e1rio dos Pretos na festa da Boa Morte se dava de forma profana, participando apenas como p\u00fablico por conta do afastamento da entidade de Cachoeira da Igreja Cat\u00f3lica, h\u00e1 dois anos isto mudou. A irmandade de Salvador participa da parte religiosa da festa. Esse ano a presen\u00e7a foi mais intensa. A vice-priora da Irmandade do Ros\u00e1rio dos Pretos acredita que  a participa\u00e7\u00e3o dos pol\u00edticos ofuscou o brilho da festa, principalmente durante a prociss\u00e3o.<br \/>\n         Segundo a vice priora da mesa de honra, Maria da gl\u00f3ria Bonfim, a Irmandade do Ros\u00e1rio dos Pretos est\u00e1 ligada a Boa Morte porque ambas t\u00eam uma hist\u00f3ria de resist\u00eancia. Para Gl\u00f3ria a Irmandade da Boa Morte passou muito tempo afastada da Igreja Cat\u00f3lica e hoje o contato entre as duas irmandades se d\u00e1 somente durante as festas.<br \/>\n         Al\u00e9m da festa da Boa Morte h\u00e1 quatro grandes festas que as Irmandades participam: em Janeiro a de <strong>Santo Ant\u00f4nio de Categer\u00f3<\/strong>, em abril S\u00e3o Benedito, em Outubro a de Nossa Senhora do Ros\u00e1rio, e em Dezembro a de Santa B\u00e1rbara.<br \/>\n         No ano de 1685 foi criada a Irmandade do ros\u00e1rio dos Pretos, que funcionava inicialmente na Igreja da S\u00e9. Com o passar dos anos Os Irm\u00e3os Pretos passaram a desejar privacidade e por isso procuraram uma igreja pr\u00f3pria. A Irmandade era composta inicialmente por negros procedentes de angola e do Congo. A entidade foi um \u201ccanal para ascens\u00e3o social do negro\u201d, pois a imagem de \u201cbom procedimento\u201d dos seus membros, implicava, conseq\u00fcentemente, na valoriza\u00e7\u00e3o profissional e qualifica\u00e7\u00e3o social no sistema escravocrata \u201csegundo afirma (MATTOS, Waldemar. 1978.p.77)\u201d.<\/p>\n","protected":false},"excerpt":{"rendered":"<p>Texto recolhido do Blog de &#8220;Leca Lima&#8221; http:\/\/lecalima.fdj.vilabol.uol.com.br\/ (Meu nome \u00e9 LECIANE LIMA, para os \u00edntimos Leca. Sou estudante do 3\u00b0 semestre de jornalismo da Faculdade Dois de Julho, em Salvador\/BA) No Blog, o texto ser\u00e1 localizado pelo menu \u201cTrabalhos\u201d e, nele, \u201c A IRMANDADE DA BOA MORTE &#8211; REDA\u00c7\u00c3O JORNAL\u00cdSTICA\u201d ou direto pelo linck [&hellip;]<\/p>\n","protected":false},"author":1,"featured_media":0,"parent":3848,"menu_order":0,"comment_status":"closed","ping_status":"closed","template":"","meta":{"ngg_post_thumbnail":0,"footnotes":""},"class_list":["post-271","page","type-page","status-publish","hentry"],"_links":{"self":[{"href":"https:\/\/categero.org.br\/antigo\/index.php?rest_route=\/wp\/v2\/pages\/271","targetHints":{"allow":["GET"]}}],"collection":[{"href":"https:\/\/categero.org.br\/antigo\/index.php?rest_route=\/wp\/v2\/pages"}],"about":[{"href":"https:\/\/categero.org.br\/antigo\/index.php?rest_route=\/wp\/v2\/types\/page"}],"author":[{"embeddable":true,"href":"https:\/\/categero.org.br\/antigo\/index.php?rest_route=\/wp\/v2\/users\/1"}],"replies":[{"embeddable":true,"href":"https:\/\/categero.org.br\/antigo\/index.php?rest_route=%2Fwp%2Fv2%2Fcomments&post=271"}],"version-history":[{"count":2,"href":"https:\/\/categero.org.br\/antigo\/index.php?rest_route=\/wp\/v2\/pages\/271\/revisions"}],"predecessor-version":[{"id":6022,"href":"https:\/\/categero.org.br\/antigo\/index.php?rest_route=\/wp\/v2\/pages\/271\/revisions\/6022"}],"up":[{"embeddable":true,"href":"https:\/\/categero.org.br\/antigo\/index.php?rest_route=\/wp\/v2\/pages\/3848"}],"wp:attachment":[{"href":"https:\/\/categero.org.br\/antigo\/index.php?rest_route=%2Fwp%2Fv2%2Fmedia&parent=271"}],"curies":[{"name":"wp","href":"https:\/\/api.w.org\/{rel}","templated":true}]}}