{"id":2603,"date":"2011-07-22T11:00:53","date_gmt":"2011-07-22T14:00:53","guid":{"rendered":"http:\/\/www.categero.org.br\/?page_id=2603"},"modified":"2013-12-13T09:26:08","modified_gmt":"2013-12-13T12:26:08","slug":"34-2007pe-maracatu-faces-interfaces-de-uma-experiencia-religiosa","status":"publish","type":"page","link":"https:\/\/categero.org.br\/antigo\/?page_id=2603","title":{"rendered":"PE\/2007 &#8211; Maracatu: Faces e interfaces de uma experi\u00eancia religiosa"},"content":{"rendered":"<p>Autor: George Dem\u00e9trio Alves dos Prazeres<\/p>\n<p>Ano: 2007<\/p>\n<p>Titulo: Maracatu: Faces e interfaces de uma experi\u00eancia religiosa<\/p>\n<p>Institui\u00e7\u00e3o: PUC Recife<\/p>\n<p>Tipo: Disserta\u00e7\u00e3o<\/p>\n<p>113 p\u00e1ginas inclui fotografias<\/p>\n<p>O trabalho tem por objetivo analisar o maracatu como um \u201cnicho\u201d de interpreta\u00e7\u00e3o e preserva\u00e7\u00e3o dos valores culturais afro-brasileiros que, na sua constela\u00e7\u00e3o simb\u00f3lica faz uma experi\u00eancia religiosa na qual o elemento fundamental do ethos africano \u00e9 reinterpretado, celebrado e socializado entre as pessoas envolvidas.<\/p>\n<p>H\u00e1 uma cita\u00e7\u00e3o de Santo Ant\u00f4nio de Categer\u00f3 e est\u00e1 na p\u00e1gina 42.<\/p>\n<p>Local onde foi obtida a c\u00f3pia do PDF:<\/p>\n<p><a href=\"http:\/\/www.unicap.br\/tede\/tde_arquivos\/5\/TDE-2007-08-30T161937Z-104\/Publico\/GEORGE_confrontada.pdf\">http:\/\/www.unicap.br\/tede\/\/tde_arquivos\/5\/TDE-2007-08-30T161937Z-104\/Publico\/GEORGE_confrontada.pdf<\/a><\/p>\n<p>Nossa c\u00f3pia dispon\u00edvel do PDF<\/p>\n<p>&nbsp;<\/p>\n","protected":false},"excerpt":{"rendered":"<p>Autor: George Dem\u00e9trio Alves dos Prazeres Ano: 2007 Titulo: Maracatu: Faces e interfaces de uma experi\u00eancia religiosa Institui\u00e7\u00e3o: PUC Recife Tipo: Disserta\u00e7\u00e3o 113 p\u00e1ginas inclui fotografias O trabalho tem por objetivo analisar o maracatu como um \u201cnicho\u201d de interpreta\u00e7\u00e3o e preserva\u00e7\u00e3o dos valores culturais afro-brasileiros que, na sua constela\u00e7\u00e3o simb\u00f3lica faz uma experi\u00eancia religiosa na [&hellip;]<\/p>\n","protected":false},"author":1,"featured_media":0,"parent":3840,"menu_order":0,"comment_status":"open","ping_status":"open","template":"","meta":{"ngg_post_thumbnail":0,"footnotes":""},"class_list":["post-2603","page","type-page","status-publish","hentry"],"_links":{"self":[{"href":"https:\/\/categero.org.br\/antigo\/index.php?rest_route=\/wp\/v2\/pages\/2603","targetHints":{"allow":["GET"]}}],"collection":[{"href":"https:\/\/categero.org.br\/antigo\/index.php?rest_route=\/wp\/v2\/pages"}],"about":[{"href":"https:\/\/categero.org.br\/antigo\/index.php?rest_route=\/wp\/v2\/types\/page"}],"author":[{"embeddable":true,"href":"https:\/\/categero.org.br\/antigo\/index.php?rest_route=\/wp\/v2\/users\/1"}],"replies":[{"embeddable":true,"href":"https:\/\/categero.org.br\/antigo\/index.php?rest_route=%2Fwp%2Fv2%2Fcomments&post=2603"}],"version-history":[{"count":2,"href":"https:\/\/categero.org.br\/antigo\/index.php?rest_route=\/wp\/v2\/pages\/2603\/revisions"}],"predecessor-version":[{"id":5962,"href":"https:\/\/categero.org.br\/antigo\/index.php?rest_route=\/wp\/v2\/pages\/2603\/revisions\/5962"}],"up":[{"embeddable":true,"href":"https:\/\/categero.org.br\/antigo\/index.php?rest_route=\/wp\/v2\/pages\/3840"}],"wp:attachment":[{"href":"https:\/\/categero.org.br\/antigo\/index.php?rest_route=%2Fwp%2Fv2%2Fmedia&parent=2603"}],"curies":[{"name":"wp","href":"https:\/\/api.w.org\/{rel}","templated":true}]}}