{"id":260,"date":"2010-10-02T13:34:44","date_gmt":"2010-10-02T13:34:44","guid":{"rendered":"http:\/\/www.categero.org.br\/?page_id=260"},"modified":"2016-12-26T20:17:31","modified_gmt":"2016-12-26T23:17:31","slug":"2004-santo-antonio-de-categero-analise-sociocultural-de-uma-imagem","status":"publish","type":"page","link":"https:\/\/categero.org.br\/antigo\/?page_id=260","title":{"rendered":"2004 &#8211; Santo Ant\u00f4nio de Categer\u00f3: An\u00e1lise Sociocultural de uma imagem"},"content":{"rendered":"<p><img loading=\"lazy\" decoding=\"async\" class=\"aligncenter size-full wp-image-11218\" src=\"http:\/\/categero.org.br\/wp-content\/uploads\/2010\/10\/Ivan-R\u00eago-Arag\u00e3o.jpg\" alt=\"ivan-rego-aragao\" width=\"480\" height=\"360\" srcset=\"https:\/\/categero.org.br\/antigo\/wp-content\/uploads\/2010\/10\/Ivan-R\u00eago-Arag\u00e3o.jpg 480w, https:\/\/categero.org.br\/antigo\/wp-content\/uploads\/2010\/10\/Ivan-R\u00eago-Arag\u00e3o-300x225.jpg 300w, https:\/\/categero.org.br\/antigo\/wp-content\/uploads\/2010\/10\/Ivan-R\u00eago-Arag\u00e3o-80x60.jpg 80w, https:\/\/categero.org.br\/antigo\/wp-content\/uploads\/2010\/10\/Ivan-R\u00eago-Arag\u00e3o-161x120.jpg 161w\" sizes=\"auto, (max-width: 480px) 100vw, 480px\" \/><\/p>\n<p>Autor: Ivan Rego Arag\u00e3o<\/p>\n<p>Ler ou baixar:<br \/>\n<a href=\"http:\/\/www.categero.org.br\/wp-content\/uploads\/2010\/10\/SANTO-ANTONIO-DE-CATEGERO_ANALISE-SOCIOCULTURAL-DE-UMA-IMAGEM2.doc\">SANTO ANTONIO DE CATEGERO_ANALISE SOCIOCULTURAL DE UMA IMAGEM<\/a><\/p>\n<p>Este texto foi publicado na edi\u00e7\u00e3o n\u00famero 28, do volume 8, referente a julho de 204, em Belo Horizonte, pelo Centro de Estudos da Imagin\u00e1ria Brasileira.<br \/>\nO artigo cont\u00e9m ilustra\u00e7\u00f5es e o site do CEIB \u00e9:<br \/>\n<a href=\"www.ceib.org.br\">www.ceib.org.br<\/a><\/p>\n<p style=\"text-align: center;\"><img loading=\"lazy\" decoding=\"async\" class=\"aligncenter wp-image-11219\" src=\"http:\/\/categero.org.br\/wp-content\/uploads\/2010\/10\/Ivan-R\u00eago-Arag\u00e3o-2.jpg\" alt=\"ivan-rego-aragao-2\" width=\"245\" height=\"184\" srcset=\"https:\/\/categero.org.br\/antigo\/wp-content\/uploads\/2010\/10\/Ivan-R\u00eago-Arag\u00e3o-2.jpg 480w, https:\/\/categero.org.br\/antigo\/wp-content\/uploads\/2010\/10\/Ivan-R\u00eago-Arag\u00e3o-2-300x225.jpg 300w, https:\/\/categero.org.br\/antigo\/wp-content\/uploads\/2010\/10\/Ivan-R\u00eago-Arag\u00e3o-2-80x60.jpg 80w, https:\/\/categero.org.br\/antigo\/wp-content\/uploads\/2010\/10\/Ivan-R\u00eago-Arag\u00e3o-2-161x120.jpg 161w\" sizes=\"auto, (max-width: 245px) 100vw, 245px\" \/><\/p>\n<p><em>Ivan R\u00eago Arag\u00e3o<\/em><br \/>\n<a href=\"http:\/\/lattes.cnpq.br\/6940571234603899\">http:\/\/lattes.cnpq.br\/6940571234603899<\/a><br \/>\nInstituto Federal de Sergipe &#8211; IFS, Brasil<\/p>\n<p><strong><em>Professor substituto dos cursos de Turismo e Hospedagem no Instituto Federal de Sergipe \u2013 IFS<\/em><\/strong><\/p>\n<p><strong><em>Pesquisador da Rosa dos Ventos Consultoria e Pesquisa<\/em><\/strong><\/p>\n<p><strong><em>Mestre em Cultura e Turismo\u00a0\u00a0&#8211;\u00a0UESC &#8211;\u00a0Ilh\u00e9us-Bahia<\/em><\/strong><br \/>\n<strong><em>P\u00f3s-graduado em Hist\u00f3ria e Cultura do Brasil &#8211; Universidade Gama Filho<\/em><\/strong><\/p>\n<p><strong><em>Bacharel em Turismo \u2013 Est\u00e1cio\/FaSe<\/em><\/strong><\/p>\n<p>Nossa primeira publica\u00e7\u00e3o datou de 2006<\/p>\n<p>&nbsp;<\/p>\n","protected":false},"excerpt":{"rendered":"<p>Autor: Ivan Rego Arag\u00e3o Ler ou baixar: SANTO ANTONIO DE CATEGERO_ANALISE SOCIOCULTURAL DE UMA IMAGEM Este texto foi publicado na edi\u00e7\u00e3o n\u00famero 28, do volume 8, referente a julho de 204, em Belo Horizonte, pelo Centro de Estudos da Imagin\u00e1ria Brasileira. O artigo cont\u00e9m ilustra\u00e7\u00f5es e o site do CEIB \u00e9: www.ceib.org.br Ivan R\u00eago Arag\u00e3o [&hellip;]<\/p>\n","protected":false},"author":1,"featured_media":11219,"parent":3848,"menu_order":0,"comment_status":"closed","ping_status":"closed","template":"","meta":{"ngg_post_thumbnail":0,"footnotes":""},"class_list":["post-260","page","type-page","status-publish","has-post-thumbnail","hentry"],"_links":{"self":[{"href":"https:\/\/categero.org.br\/antigo\/index.php?rest_route=\/wp\/v2\/pages\/260","targetHints":{"allow":["GET"]}}],"collection":[{"href":"https:\/\/categero.org.br\/antigo\/index.php?rest_route=\/wp\/v2\/pages"}],"about":[{"href":"https:\/\/categero.org.br\/antigo\/index.php?rest_route=\/wp\/v2\/types\/page"}],"author":[{"embeddable":true,"href":"https:\/\/categero.org.br\/antigo\/index.php?rest_route=\/wp\/v2\/users\/1"}],"replies":[{"embeddable":true,"href":"https:\/\/categero.org.br\/antigo\/index.php?rest_route=%2Fwp%2Fv2%2Fcomments&post=260"}],"version-history":[{"count":5,"href":"https:\/\/categero.org.br\/antigo\/index.php?rest_route=\/wp\/v2\/pages\/260\/revisions"}],"predecessor-version":[{"id":11221,"href":"https:\/\/categero.org.br\/antigo\/index.php?rest_route=\/wp\/v2\/pages\/260\/revisions\/11221"}],"up":[{"embeddable":true,"href":"https:\/\/categero.org.br\/antigo\/index.php?rest_route=\/wp\/v2\/pages\/3848"}],"wp:featuredmedia":[{"embeddable":true,"href":"https:\/\/categero.org.br\/antigo\/index.php?rest_route=\/wp\/v2\/media\/11219"}],"wp:attachment":[{"href":"https:\/\/categero.org.br\/antigo\/index.php?rest_route=%2Fwp%2Fv2%2Fmedia&parent=260"}],"curies":[{"name":"wp","href":"https:\/\/api.w.org\/{rel}","templated":true}]}}