{"id":2521,"date":"2011-07-20T12:58:11","date_gmt":"2011-07-20T15:58:11","guid":{"rendered":"http:\/\/www.categero.org.br\/?page_id=2521"},"modified":"2013-12-13T09:29:40","modified_gmt":"2013-12-13T12:29:40","slug":"festas-catolicas-comentando-tres-celebracoes","status":"publish","type":"page","link":"https:\/\/categero.org.br\/antigo\/?page_id=2521","title":{"rendered":"PE\/2007 &#8211; Festas Cat\u00f3licas: Comentando tr\u00eas celebra\u00e7\u00f5es"},"content":{"rendered":"<p>&nbsp;<\/p>\n<p style=\"text-align: center;\"><a href=\"http:\/\/www.categero.org.br\/wp-content\/uploads\/2011\/07\/33.-Bartolomeu.jpg\"><img loading=\"lazy\" decoding=\"async\" class=\"aligncenter size-full wp-image-2524\" title=\"33. Bartolomeu\" src=\"http:\/\/www.categero.org.br\/wp-content\/uploads\/2011\/07\/33.-Bartolomeu.jpg\" alt=\"\" width=\"85\" height=\"95\" \/><\/a><\/p>\n<p>Autor: <em>Bartolomeu Tito Figueir\u00f4a de Medeiros &#8211; <\/em>Professor Doutor da PPGA da UFPE.<em> <\/em><\/p>\n<p><em> <\/em><\/p>\n<p><em>Resumo: Neste trabalho est\u00e3o abordados<\/em> a Festa e a devo\u00e7\u00e3o a Nossa Senhora do<\/p>\n<p>Carmo, Padroeira do Recife &#8211; \u00a0da Tese de Doutorado do autor, o culto<\/p>\n<p>das Almas e de Santos muito populares no Rio de Janeiro, entre estes,<\/p>\n<p>S\u00e3o Sebasti\u00e3o, Patrono oficial da cidade e S\u00e3o Jorge, considerado o Padroeiro<\/p>\n<p>do Rio Suburbano. Faz duas cita\u00e7\u00f5es a Santo Ant\u00f4nio de Categer\u00f3 na p\u00e1gina 4 referente a devo\u00e7\u00e3o no Rio de Janeiro, na festa de S\u00e3o Jorge.<\/p>\n<p>O arquivo inteiro \u00e9 uma publica\u00e7\u00e3o dos \u201cAnais2008 do Ceru05.pmd\u00a0 de\u00a0 30\/4\/2009\u201d e este trabalho inicia na p\u00e1gina 77 e vai at\u00e9 a p\u00e1gina\u00a0 95. O presente artigo \u00e9 fruto de uma apresenta\u00e7\u00e3o na mesa: \u201cRituais, Festas e Celebra\u00e7\u00f5es\u201d, realizada<\/p>\n<p>na Reuni\u00e3o do ceru de maio de 2007. A mesa foi coordenada pela Profa. Dra. Margarida Maria\u00a0Moura, a quem agrade\u00e7o o convite para participar.<\/p>\n<p>&nbsp;<\/p>\n<p><em>Local de onde foi retirado o original: <\/em><a href=\"http:\/\/www.fflch.usp.br\/ceru\/anais\/anais2008_1_ceru05.pdf\">http:\/\/www.fflch.usp.br\/ceru\/anais\/anais2008_1_ceru05.pdf<\/a><\/p>\n<p>Nossa c\u00f3pia \u00a0<a href=\"http:\/\/www.categero.org.br\/wp-content\/uploads\/2011\/07\/PDF.pdf\">PDF<\/a> desse arquivo<\/p>\n<p>&nbsp;<\/p>\n","protected":false},"excerpt":{"rendered":"<p>&nbsp; Autor: Bartolomeu Tito Figueir\u00f4a de Medeiros &#8211; Professor Doutor da PPGA da UFPE. Resumo: Neste trabalho est\u00e3o abordados a Festa e a devo\u00e7\u00e3o a Nossa Senhora do Carmo, Padroeira do Recife &#8211; \u00a0da Tese de Doutorado do autor, o culto das Almas e de Santos muito populares no Rio de Janeiro, entre estes, S\u00e3o [&hellip;]<\/p>\n","protected":false},"author":1,"featured_media":0,"parent":3838,"menu_order":0,"comment_status":"open","ping_status":"open","template":"","meta":{"ngg_post_thumbnail":0,"footnotes":""},"class_list":["post-2521","page","type-page","status-publish","hentry"],"_links":{"self":[{"href":"https:\/\/categero.org.br\/antigo\/index.php?rest_route=\/wp\/v2\/pages\/2521","targetHints":{"allow":["GET"]}}],"collection":[{"href":"https:\/\/categero.org.br\/antigo\/index.php?rest_route=\/wp\/v2\/pages"}],"about":[{"href":"https:\/\/categero.org.br\/antigo\/index.php?rest_route=\/wp\/v2\/types\/page"}],"author":[{"embeddable":true,"href":"https:\/\/categero.org.br\/antigo\/index.php?rest_route=\/wp\/v2\/users\/1"}],"replies":[{"embeddable":true,"href":"https:\/\/categero.org.br\/antigo\/index.php?rest_route=%2Fwp%2Fv2%2Fcomments&post=2521"}],"version-history":[{"count":3,"href":"https:\/\/categero.org.br\/antigo\/index.php?rest_route=\/wp\/v2\/pages\/2521\/revisions"}],"predecessor-version":[{"id":5994,"href":"https:\/\/categero.org.br\/antigo\/index.php?rest_route=\/wp\/v2\/pages\/2521\/revisions\/5994"}],"up":[{"embeddable":true,"href":"https:\/\/categero.org.br\/antigo\/index.php?rest_route=\/wp\/v2\/pages\/3838"}],"wp:attachment":[{"href":"https:\/\/categero.org.br\/antigo\/index.php?rest_route=%2Fwp%2Fv2%2Fmedia&parent=2521"}],"curies":[{"name":"wp","href":"https:\/\/api.w.org\/{rel}","templated":true}]}}