{"id":247,"date":"2010-10-02T13:13:24","date_gmt":"2010-10-02T13:13:24","guid":{"rendered":"http:\/\/www.categero.org.br\/?page_id=247"},"modified":"2013-12-13T09:31:24","modified_gmt":"2013-12-13T12:31:24","slug":"1999-luis-da-camara-cascudo-e-categero","status":"publish","type":"page","link":"https:\/\/categero.org.br\/antigo\/?page_id=247","title":{"rendered":"1999 &#8211; Lu\u00eds da C\u00e2mara Cascudo e Categer\u00f3"},"content":{"rendered":"<p>Um dos mais importantes pesquisadores das ra\u00edzes \u00e9tnicas do Brasil e sem d\u00favida, um folclorista minucioso e abrangente. Nascido a 30 de dezembro de 1898 em Natal, capital do Rio Grande do Norte. Ele dicionarizou Santo Antonio de Categer\u00f3.<br \/>\nSanto Antonio de Categer\u00f3 \u00e9 descrito por Lu\u00eds da C\u00e2mara Cascudo, um dos maiores intelectuais brasileiros, no seu Dicion\u00e1rio do Folclore Brasileiro.<\/p>\n<p><strong>&#8220;Muito venerado pelos escravos no Brasil era o Santo Ant\u00f4nio de cor preta&#8221;<\/strong><\/p>\n<p>Podia ser apenas a comum imagem, pintada de negro por solidarismo e sublima\u00e7\u00e3o dos seus devotos.<\/p>\n<p>No hagiol\u00e1rio cat\u00f3lico h\u00e1 um Santo Ant\u00f4nio Preto, terceiro franciscano, nascido de uma fam\u00edlia mu\u00e7ulmana em Barca da Cirenaica, \u00c1frica do Norte,<\/p>\n<p>aprisionado por crist\u00e3os e feito remeiro nas <a href=\"javascript:startRemote(%20'vocabout.htm#trirremes ');\">trirremes<\/a> sicilianas, vendido como escravo a um campon\u00eas de Noto, na Sic\u00edlia.<\/p>\n<p>Convertido, liberto, tomou o h\u00e1bito franciscano, fazendo vida de piedade e assist\u00eancia tidas em vida no aroma de santidade.<\/p>\n<p>Faleceu a 14 de mar\u00e7o de 1549, em Noto, perto de Siracusa.<\/p>\n<p>H\u00e1 no Museu de Goiana (Pernambuco) a imagem de um Santo Ant\u00f4nio Preto, exemplar magn\u00edfico que reproduzi no <em>Cruzeiro<\/em>, de 16\/06\/1951, p. 78, Rio de Janeiro,<\/p>\n<p>(Imagem) conhecida por &#8220;<em>Santo Ant\u00f4nio Gartaguin\u00eas ou Catajer\u00f4nimo<\/em>&#8221; e ainda &#8220;<em>Cantajarona<\/em>&#8220;, corru\u00e7\u00e3o de Caltagirone, na Sic\u00edlia, representando outro santo franciscano, falecido em 1515 e n\u00e3o preto.<\/p>\n<p>Creio que n\u00e3o se trata do Santo Ant\u00f4nio Preto, de Noto, mas a devo\u00e7\u00e3o e carinho dos escravos seriam ao verdadeiro Santo Ant\u00f4nio de Lisboa, com o pigmento escuro, que o aproximava dos seus amigos escravos.<\/p>\n<p>H\u00e1 no convento da Penha, no Recife, um Santo Ant\u00f4nio barbado. Tratando-se de convento de capuchinhos, era natural que o <em>vulto<\/em> estivesse dentro da regra.&#8221;<\/p>\n<p>(CASCUDO, Lu\u00eds da C\u00e2mara. <a href=\"http:\/\/jangadabrasil.com.br\/junho\/cd10060c.htm#cascudodic\"><em>Dicion\u00e1rio do folclore brasileiro<\/em><\/a>) com endere\u00e7os eletr\u00f4nicos:<\/p>\n<p><a href=\"http:\/\/www.jangadabrasil.com.br\/junho\/al100600.htm\">Jangada Brasil, n\u00ba 10, junho de 1999: Almanaque 1\/3<\/a> <\/p>\n<p> <a href=\"http:\/\/www.jangadabrasil.com.br\/junho\/al100600.htm\">http:\/\/www.jangadabrasil.com.br\/junho\/al100600.htm<\/a><\/p>\n","protected":false},"excerpt":{"rendered":"<p>Um dos mais importantes pesquisadores das ra\u00edzes \u00e9tnicas do Brasil e sem d\u00favida, um folclorista minucioso e abrangente. Nascido a 30 de dezembro de 1898 em Natal, capital do Rio Grande do Norte. Ele dicionarizou Santo Antonio de Categer\u00f3. Santo Antonio de Categer\u00f3 \u00e9 descrito por Lu\u00eds da C\u00e2mara Cascudo, um dos maiores intelectuais brasileiros, [&hellip;]<\/p>\n","protected":false},"author":1,"featured_media":0,"parent":3848,"menu_order":0,"comment_status":"closed","ping_status":"closed","template":"","meta":{"ngg_post_thumbnail":0,"footnotes":""},"class_list":["post-247","page","type-page","status-publish","hentry"],"_links":{"self":[{"href":"https:\/\/categero.org.br\/antigo\/index.php?rest_route=\/wp\/v2\/pages\/247","targetHints":{"allow":["GET"]}}],"collection":[{"href":"https:\/\/categero.org.br\/antigo\/index.php?rest_route=\/wp\/v2\/pages"}],"about":[{"href":"https:\/\/categero.org.br\/antigo\/index.php?rest_route=\/wp\/v2\/types\/page"}],"author":[{"embeddable":true,"href":"https:\/\/categero.org.br\/antigo\/index.php?rest_route=\/wp\/v2\/users\/1"}],"replies":[{"embeddable":true,"href":"https:\/\/categero.org.br\/antigo\/index.php?rest_route=%2Fwp%2Fv2%2Fcomments&post=247"}],"version-history":[{"count":2,"href":"https:\/\/categero.org.br\/antigo\/index.php?rest_route=\/wp\/v2\/pages\/247\/revisions"}],"predecessor-version":[{"id":6012,"href":"https:\/\/categero.org.br\/antigo\/index.php?rest_route=\/wp\/v2\/pages\/247\/revisions\/6012"}],"up":[{"embeddable":true,"href":"https:\/\/categero.org.br\/antigo\/index.php?rest_route=\/wp\/v2\/pages\/3848"}],"wp:attachment":[{"href":"https:\/\/categero.org.br\/antigo\/index.php?rest_route=%2Fwp%2Fv2%2Fmedia&parent=247"}],"curies":[{"name":"wp","href":"https:\/\/api.w.org\/{rel}","templated":true}]}}