{"id":234,"date":"2010-10-02T02:43:11","date_gmt":"2010-10-02T02:43:11","guid":{"rendered":"http:\/\/www.categero.org.br\/?page_id=234"},"modified":"2014-02-21T16:48:47","modified_gmt":"2014-02-21T19:48:47","slug":"viana-do-casteloportugal-igreja-de-santo-antonio","status":"publish","type":"page","link":"https:\/\/categero.org.br\/antigo\/?page_id=234","title":{"rendered":"EU &#8211; Viana do Castelo\/Portugal \u2013 Igreja de Santo Ant\u00f3nio"},"content":{"rendered":"<p><a href=\"http:\/\/www.categero.org.br\/wp-content\/uploads\/2010\/10\/2514557158_8dfc94874b_b.jpg\"><img loading=\"lazy\" decoding=\"async\" class=\"aligncenter size-medium wp-image-4555\" title=\"2514557158_8dfc94874b_b\" alt=\"\" src=\"http:\/\/www.categero.org.br\/wp-content\/uploads\/2010\/10\/2514557158_8dfc94874b_b-300x225.jpg\" width=\"300\" height=\"225\" \/><\/a><br \/>\n<strong>Categer\u00f3 em Portuga &#8211; Viana do Castelol<\/strong><\/p>\n<p>H\u00e1 uma imagem de Categer\u00f3 na Igreja Santo Ant\u00f4nio, na cidade de Viana do Castelo, em Portugal.<br \/>\nEsta informa\u00e7\u00e3o consta do (blog) Blogue de Jofre de Lima Monteiro Alves, no endere\u00e7o: http:\/\/escavar-em-ruinas.blogs.sapo.pt\/ no blog h\u00e1 uma descri\u00e7\u00e3o hist\u00f3rica e detalhada da igreja.<br \/>\nO texto abaixo localiza Santo Ant\u00f4nio de Categer\u00f3 \u2013 conhecido por Santo Ant\u00f4nio de Noto em Portugal.<\/p>\n<div id=\"attachment_4558\" style=\"width: 160px\" class=\"wp-caption alignleft\"><a href=\"http:\/\/www.categero.org.br\/wp-content\/uploads\/2010\/10\/Altar-Cvt-StAnt-Viana-Cast-Port.jpg\"><img loading=\"lazy\" decoding=\"async\" aria-describedby=\"caption-attachment-4558\" class=\"size-thumbnail wp-image-4558\" title=\"Altar Cvt StAnt Viana Cast Port\" alt=\"\" src=\"http:\/\/www.categero.org.br\/wp-content\/uploads\/2010\/10\/Altar-Cvt-StAnt-Viana-Cast-Port-150x150.jpg\" width=\"150\" height=\"150\" \/><\/a><p id=\"caption-attachment-4558\" class=\"wp-caption-text\">A esquerda, prov\u00e1vel altar, de Categer\u00f3, ainda em verifica\u00e7\u00e3o.<\/p><\/div>\n<p>\u201cNo interior, para seu deleite, o visitante interessado poder\u00e1 ver um ret\u00e1bulo de madeira policromada do Senhor Ecce Homo; o conjunto escult\u00f3rico da Capela da Sagrada Fam\u00edlia; o coro e o arco-cruzeiro; a imagem do Cristo Crucificado; a Capela do Nascimento com os \u00absantos pretos\u00bb, figurando Santo Ant\u00f3nio de Noto e S\u00e3o Benedito; a Capela do Senhor dos Passos; a Capela de S\u00e3o Jorge; a Dormi\u00e7\u00e3o de Nossa Senhora ou Nossa Senhora da Boa Morte; o t\u00famulo da \u00abfreirinha\u00bb Maria da Concei\u00e7\u00e3o, madre carmelita descal\u00e7a, falecida em 1888, se a mem\u00f3ria n\u00e3o me atrai\u00e7oa; o ret\u00e1bulo de Santo In\u00e1cio e S\u00e3o Pedro Garavito; os altares de Santo Ant\u00f3nio e Nossa Senhora da Concei\u00e7\u00e3o, padroeira de Portugal; a Capela-Mor, etc\u201d<\/p>\n<p>O Blogue de Jofre de Lima Monteiro Alves, de Portugal, no SAPO (buscador portugu\u00eas), em sua cr\u00f4nica sobre Viana do Castelo conforme Linck:<br \/>\n<a href=\"http:\/\/escavar-em-ruinas.blogs.sapo.pt\/63117.html\">http:\/\/escavar-em-ruinas.blogs.sapo.pt\/63117.html<\/a><br \/>\n<a href=\"http:\/\/www.categero.org.br\/wp-content\/uploads\/2010\/10\/Viana-do-Castelo.jpg\"><img loading=\"lazy\" decoding=\"async\" class=\"aligncenter size-medium wp-image-4557\" title=\"Viana do Castelo\" alt=\"\" src=\"http:\/\/www.categero.org.br\/wp-content\/uploads\/2010\/10\/Viana-do-Castelo-300x149.jpg\" width=\"300\" height=\"149\" \/><\/a><\/p>\n","protected":false},"excerpt":{"rendered":"<p>Categer\u00f3 em Portuga &#8211; Viana do Castelol H\u00e1 uma imagem de Categer\u00f3 na Igreja Santo Ant\u00f4nio, na cidade de Viana do Castelo, em Portugal. Esta informa\u00e7\u00e3o consta do (blog) Blogue de Jofre de Lima Monteiro Alves, no endere\u00e7o: http:\/\/escavar-em-ruinas.blogs.sapo.pt\/ no blog h\u00e1 uma descri\u00e7\u00e3o hist\u00f3rica e detalhada da igreja. O texto abaixo localiza Santo Ant\u00f4nio [&hellip;]<\/p>\n","protected":false},"author":1,"featured_media":8622,"parent":33,"menu_order":0,"comment_status":"closed","ping_status":"closed","template":"","meta":{"ngg_post_thumbnail":0,"footnotes":""},"class_list":["post-234","page","type-page","status-publish","has-post-thumbnail","hentry"],"_links":{"self":[{"href":"https:\/\/categero.org.br\/antigo\/index.php?rest_route=\/wp\/v2\/pages\/234","targetHints":{"allow":["GET"]}}],"collection":[{"href":"https:\/\/categero.org.br\/antigo\/index.php?rest_route=\/wp\/v2\/pages"}],"about":[{"href":"https:\/\/categero.org.br\/antigo\/index.php?rest_route=\/wp\/v2\/types\/page"}],"author":[{"embeddable":true,"href":"https:\/\/categero.org.br\/antigo\/index.php?rest_route=\/wp\/v2\/users\/1"}],"replies":[{"embeddable":true,"href":"https:\/\/categero.org.br\/antigo\/index.php?rest_route=%2Fwp%2Fv2%2Fcomments&post=234"}],"version-history":[{"count":5,"href":"https:\/\/categero.org.br\/antigo\/index.php?rest_route=\/wp\/v2\/pages\/234\/revisions"}],"predecessor-version":[{"id":8623,"href":"https:\/\/categero.org.br\/antigo\/index.php?rest_route=\/wp\/v2\/pages\/234\/revisions\/8623"}],"up":[{"embeddable":true,"href":"https:\/\/categero.org.br\/antigo\/index.php?rest_route=\/wp\/v2\/pages\/33"}],"wp:featuredmedia":[{"embeddable":true,"href":"https:\/\/categero.org.br\/antigo\/index.php?rest_route=\/wp\/v2\/media\/8622"}],"wp:attachment":[{"href":"https:\/\/categero.org.br\/antigo\/index.php?rest_route=%2Fwp%2Fv2%2Fmedia&parent=234"}],"curies":[{"name":"wp","href":"https:\/\/api.w.org\/{rel}","templated":true}]}}