{"id":229,"date":"2010-10-02T02:24:12","date_gmt":"2010-10-02T02:24:12","guid":{"rendered":"http:\/\/www.categero.org.br\/?page_id=229"},"modified":"2014-03-25T16:14:59","modified_gmt":"2014-03-25T19:14:59","slug":"vila-ricamg-igreja-de-nossa-senhora-do-rosario","status":"publish","type":"page","link":"https:\/\/categero.org.br\/antigo\/?page_id=229","title":{"rendered":"MG\/Vila Rica &#8211; Igreja de Nossa Senhora do Ros\u00e1rio"},"content":{"rendered":"<p><a href=\"http:\/\/categero.org.br\/wp-content\/uploads\/2010\/10\/igrosario-VilaRica-MG2.jpg\"><img loading=\"lazy\" decoding=\"async\" class=\"aligncenter size-medium wp-image-8510\" alt=\"igrosario VilaRica MG\" src=\"http:\/\/categero.org.br\/wp-content\/uploads\/2010\/10\/igrosario-VilaRica-MG2-285x300.jpg\" width=\"285\" height=\"300\" srcset=\"https:\/\/categero.org.br\/antigo\/wp-content\/uploads\/2010\/10\/igrosario-VilaRica-MG2-285x300.jpg 285w, https:\/\/categero.org.br\/antigo\/wp-content\/uploads\/2010\/10\/igrosario-VilaRica-MG2.jpg 381w\" sizes=\"auto, (max-width: 285px) 100vw, 285px\" \/><\/a><\/p>\n<p>Durante o s\u00e9culo XVIII, a disputa entre as irmandades religiosas resultou em edifica\u00e7\u00f5es de excepcional valor art\u00edstico e arquitet\u00f4nico. Este templo, com suas formas arredondadas e p\u00f3rtico fechado, foi constru\u00eddo pela Irmandade do Ros\u00e1rio dos Pretos no lugar da antiga capela de 1709. Conclu\u00eddo em 1785, \u00e9 um not\u00e1vel exemplo da influ\u00eancia barroca na arquitetura religiosa mineira. Em seus altares laterais, todos em madeira policromada, est\u00e3o os santos negros mais venerados em Vila Rica: Santa Efig\u00eancia, Santo Elesb\u00e3o, S\u00e3o Benedito e Santo Ant\u00f4nio de Noto. No m\u00eas de outubro, Nossa Senhora do Ros\u00e1rio \u00e9 celebrada em festas da cultura afro-mineira, acompanhadas de cortejos, cantos e dan\u00e7as.<br \/>\nFonte: Informativo local.<\/p>\n<p><a href=\"http:\/\/categero.org.br\/wp-content\/uploads\/2010\/10\/OuroPreto-St-Efig.jpg\"><img loading=\"lazy\" decoding=\"async\" class=\"aligncenter size-medium wp-image-8508\" alt=\"OuroPreto St Efig\" src=\"http:\/\/categero.org.br\/wp-content\/uploads\/2010\/10\/OuroPreto-St-Efig-300x149.jpg\" width=\"300\" height=\"149\" srcset=\"https:\/\/categero.org.br\/antigo\/wp-content\/uploads\/2010\/10\/OuroPreto-St-Efig-300x149.jpg 300w, https:\/\/categero.org.br\/antigo\/wp-content\/uploads\/2010\/10\/OuroPreto-St-Efig.jpg 397w\" sizes=\"auto, (max-width: 300px) 100vw, 300px\" \/><\/a><\/p>\n","protected":false},"excerpt":{"rendered":"<p>Durante o s\u00e9culo XVIII, a disputa entre as irmandades religiosas resultou em edifica\u00e7\u00f5es de excepcional valor art\u00edstico e arquitet\u00f4nico. Este templo, com suas formas arredondadas e p\u00f3rtico fechado, foi constru\u00eddo pela Irmandade do Ros\u00e1rio dos Pretos no lugar da antiga capela de 1709. Conclu\u00eddo em 1785, \u00e9 um not\u00e1vel exemplo da influ\u00eancia barroca na arquitetura [&hellip;]<\/p>\n","protected":false},"author":1,"featured_media":8508,"parent":8870,"menu_order":0,"comment_status":"closed","ping_status":"closed","template":"","meta":{"ngg_post_thumbnail":0,"footnotes":""},"class_list":["post-229","page","type-page","status-publish","has-post-thumbnail","hentry"],"_links":{"self":[{"href":"https:\/\/categero.org.br\/antigo\/index.php?rest_route=\/wp\/v2\/pages\/229","targetHints":{"allow":["GET"]}}],"collection":[{"href":"https:\/\/categero.org.br\/antigo\/index.php?rest_route=\/wp\/v2\/pages"}],"about":[{"href":"https:\/\/categero.org.br\/antigo\/index.php?rest_route=\/wp\/v2\/types\/page"}],"author":[{"embeddable":true,"href":"https:\/\/categero.org.br\/antigo\/index.php?rest_route=\/wp\/v2\/users\/1"}],"replies":[{"embeddable":true,"href":"https:\/\/categero.org.br\/antigo\/index.php?rest_route=%2Fwp%2Fv2%2Fcomments&post=229"}],"version-history":[{"count":5,"href":"https:\/\/categero.org.br\/antigo\/index.php?rest_route=\/wp\/v2\/pages\/229\/revisions"}],"predecessor-version":[{"id":8886,"href":"https:\/\/categero.org.br\/antigo\/index.php?rest_route=\/wp\/v2\/pages\/229\/revisions\/8886"}],"up":[{"embeddable":true,"href":"https:\/\/categero.org.br\/antigo\/index.php?rest_route=\/wp\/v2\/pages\/8870"}],"wp:featuredmedia":[{"embeddable":true,"href":"https:\/\/categero.org.br\/antigo\/index.php?rest_route=\/wp\/v2\/media\/8508"}],"wp:attachment":[{"href":"https:\/\/categero.org.br\/antigo\/index.php?rest_route=%2Fwp%2Fv2%2Fmedia&parent=229"}],"curies":[{"name":"wp","href":"https:\/\/api.w.org\/{rel}","templated":true}]}}