{"id":2253,"date":"2011-07-06T20:08:26","date_gmt":"2011-07-06T23:08:26","guid":{"rendered":"http:\/\/www.categero.org.br\/?page_id=2253"},"modified":"2017-04-05T22:55:16","modified_gmt":"2017-04-06T01:55:16","slug":"oracao-ao-santissimo-antonio-etiope","status":"publish","type":"page","link":"https:\/\/categero.org.br\/antigo\/?page_id=2253","title":{"rendered":"4\u00aa &#8211; Ora\u00e7\u00e3o do Bispo de Noto"},"content":{"rendered":"<p style=\"text-align: center;\"><strong>Esta ora\u00e7\u00e3o nos foi enviada pelo Ms. Salvatore Guastella, de Noto\/It\u00e1lia<\/strong><\/p>\n<p style=\"text-align: center;\"><a href=\"http:\/\/www.categero.org.br\/wp-content\/uploads\/2011\/07\/Beato-Antonio-72.jpg\"><img loading=\"lazy\" decoding=\"async\" class=\"aligncenter  wp-image-2249\" title=\"Beato Antonio 72\" src=\"http:\/\/www.categero.org.br\/wp-content\/uploads\/2011\/07\/Beato-Antonio-72.jpg\" alt=\"\" width=\"226\" height=\"344\"\/><\/a><\/p>\n<p style=\"text-align: center;\"><strong>Ora\u00e7\u00e3o ao Sant\u00edssimo Antonio et\u00edope<\/strong><\/p>\n<p style=\"padding-left: 150px; text-align: right;\">Senhor&nbsp;Jesus&nbsp;Cristo, para&nbsp;segui-Lo, como o seu&nbsp;Bem-aventurado&nbsp;Antonio&nbsp;et\u00edope,&nbsp;humilde e pobre, mas&nbsp;grande no reino&nbsp;de Deus,&nbsp;que sempre viveu&nbsp;e testemunhou&nbsp;o&nbsp;Evangelho da paz e do amor.&nbsp;Por sua intercess\u00e3o, cura-nos do pecado&nbsp;que nos separa pela&nbsp;discrimina\u00e7\u00e3o, e que&nbsp;nos degrada.<\/p>\n<p style=\"padding-left: 150px; text-align: right;\">Ajuda-nos,&nbsp;Senhor&nbsp;Jesus,&nbsp;com a luz do&nbsp;vosso Esp\u00edrito&nbsp;e do testemunho&nbsp;do Beato Antonio&nbsp;da Eti\u00f3pia,&nbsp;para ver&nbsp;seu rosto&nbsp;em cada ser humano,&nbsp;para acomodar todos a trabalhar juntos como&nbsp;irm\u00e3os na&nbsp;obra da reden\u00e7\u00e3o.<\/p>\n<p style=\"padding-left: 150px; text-align: right;\">T\u00e3o favor\u00e1veis\u200b\u200b, embora diferentes&nbsp;pela&nbsp;l\u00edngua, ra\u00e7a, tribo e&nbsp;na\u00e7\u00e3o,&nbsp;vamos&nbsp;viver como uma&nbsp;fam\u00edlia de Deus,&nbsp;unidos em&nbsp;seu amor, \u00f3 Cristo&nbsp;Jesus,&nbsp;que viveis e reinais&nbsp;para sempre e sempre.<\/p>\n<p style=\"text-align: center; padding-left: 60px;\">Am\u00e9m.<\/p>\n<p style=\"text-align: right; padding-left: 60px;\">Noto,&nbsp;14 de mar\u00e7o de 2006<br \/>\nBispo&nbsp;Giuseppe&nbsp;Malandrino&nbsp;+&nbsp;Noto<\/p>\n<p style=\"padding-left: 240px; text-align: center;\"><em><span style=\"color: #ff0000;\"><strong>Link &#8211; &nbsp;<a href=\"http:\/\/categero.org.br\/?p=11452\" target=\"_blank\">Datas de Categer\u00f3<br \/>\n<\/a><\/strong><\/span><\/em><em><span style=\"color: #ff0000;\"><strong>Link &#8211; &nbsp;<span style=\"color: #000000;\"><a href=\"http:\/\/categero.org.br\/?p=11933\" target=\"_blank\">Perfil, Linha do Tempo e Vaticano<\/a><\/span><\/strong><\/span><\/em><\/p>\n","protected":false},"excerpt":{"rendered":"<p>Esta ora\u00e7\u00e3o nos foi enviada pelo Ms. Salvatore Guastella, de Noto\/It\u00e1lia Ora\u00e7\u00e3o ao Sant\u00edssimo Antonio et\u00edope Senhor&nbsp;Jesus&nbsp;Cristo, para&nbsp;segui-Lo, como o seu&nbsp;Bem-aventurado&nbsp;Antonio&nbsp;et\u00edope,&nbsp;humilde e pobre, mas&nbsp;grande no reino&nbsp;de Deus,&nbsp;que sempre viveu&nbsp;e testemunhou&nbsp;o&nbsp;Evangelho da paz e do amor.&nbsp;Por sua intercess\u00e3o, cura-nos do pecado&nbsp;que nos separa pela&nbsp;discrimina\u00e7\u00e3o, e que&nbsp;nos degrada. Ajuda-nos,&nbsp;Senhor&nbsp;Jesus,&nbsp;com a luz do&nbsp;vosso Esp\u00edrito&nbsp;e do testemunho&nbsp;do Beato Antonio&nbsp;da [&hellip;]<\/p>\n","protected":false},"author":1,"featured_media":8251,"parent":3719,"menu_order":4,"comment_status":"open","ping_status":"open","template":"","meta":{"ngg_post_thumbnail":0,"footnotes":""},"class_list":["post-2253","page","type-page","status-publish","has-post-thumbnail","hentry"],"_links":{"self":[{"href":"https:\/\/categero.org.br\/antigo\/index.php?rest_route=\/wp\/v2\/pages\/2253","targetHints":{"allow":["GET"]}}],"collection":[{"href":"https:\/\/categero.org.br\/antigo\/index.php?rest_route=\/wp\/v2\/pages"}],"about":[{"href":"https:\/\/categero.org.br\/antigo\/index.php?rest_route=\/wp\/v2\/types\/page"}],"author":[{"embeddable":true,"href":"https:\/\/categero.org.br\/antigo\/index.php?rest_route=\/wp\/v2\/users\/1"}],"replies":[{"embeddable":true,"href":"https:\/\/categero.org.br\/antigo\/index.php?rest_route=%2Fwp%2Fv2%2Fcomments&post=2253"}],"version-history":[{"count":13,"href":"https:\/\/categero.org.br\/antigo\/index.php?rest_route=\/wp\/v2\/pages\/2253\/revisions"}],"predecessor-version":[{"id":12176,"href":"https:\/\/categero.org.br\/antigo\/index.php?rest_route=\/wp\/v2\/pages\/2253\/revisions\/12176"}],"up":[{"embeddable":true,"href":"https:\/\/categero.org.br\/antigo\/index.php?rest_route=\/wp\/v2\/pages\/3719"}],"wp:featuredmedia":[{"embeddable":true,"href":"https:\/\/categero.org.br\/antigo\/index.php?rest_route=\/wp\/v2\/media\/8251"}],"wp:attachment":[{"href":"https:\/\/categero.org.br\/antigo\/index.php?rest_route=%2Fwp%2Fv2%2Fmedia&parent=2253"}],"curies":[{"name":"wp","href":"https:\/\/api.w.org\/{rel}","templated":true}]}}