{"id":2245,"date":"2011-07-06T19:58:59","date_gmt":"2011-07-06T22:58:59","guid":{"rendered":"http:\/\/www.categero.org.br\/?page_id=2245"},"modified":"2017-05-05T11:27:22","modified_gmt":"2017-05-05T14:27:22","slug":"santo-antonio-de-categero","status":"publish","type":"page","link":"https:\/\/categero.org.br\/antigo\/?page_id=2245","title":{"rendered":"5\u00aa &#8211; Ora\u00e7\u00e3o do Bispo de S\u00e3o Paulo"},"content":{"rendered":"<p>&nbsp;<\/p>\n<p style=\"text-align: center;\"><strong>Esta ora\u00e7\u00e3o nos foi enviada pelo Ms. Salvatore Guastella, de Noto\/It\u00e1lia<\/strong><\/p>\n<p style=\"text-align: center;\"><strong><a href=\"http:\/\/www.categero.org.br\/wp-content\/uploads\/2011\/07\/Beato-Antonio-72.jpg\"><img loading=\"lazy\" decoding=\"async\" class=\"aligncenter  wp-image-2249\" title=\"Beato Antonio 72\" src=\"http:\/\/www.categero.org.br\/wp-content\/uploads\/2011\/07\/Beato-Antonio-72.jpg\" alt=\"\" width=\"195\" height=\"297\"\/><\/a><\/strong><\/p>\n<p style=\"text-align: center;\"><strong>A Santo Ant\u00f4nio de Categer\u00f3<\/strong><\/p>\n<p>\u014e glorioso Santo Ant\u00f4nio de Categer\u00f3, que revelastes tanta humildade e pureza no exerc\u00edcio do amor ao pr\u00f3ximo e tantos exemplos de retid\u00e3o de costumes, de disciplina, e penit\u00eancias destes ao mundo com a vossa vida nitidamente franciscana, atendei a nossa s\u00faplica intercedendo junto \u00e0 Divina Majestade de Deus pelas nossas necessidades espirituais e temporais.<\/p>\n<p>V\u00f3s que fostes o santo preto, modesto escravo, depois libertado para melhor servir aos interesses da f\u00e9, asseverai nossa piedade e confian\u00e7a, para que um dia alcancemos, tamb\u00e9m, a inteira liberdade dos filhos de Deus, em vossa companhia.<\/p>\n<p>Assim seja.<\/p>\n<p style=\"text-align: center;\">Imprima-se&nbsp; &#8211;&nbsp; S. Paulo, 24. 5.1961<\/p>\n<p style=\"text-align: center;\"><strong>+ Paulo Relim Leureiro<\/strong><\/p>\n<p style=\"text-align: center;\">Bisco&nbsp; Auxiliar e Vigario Geral<\/p>\n<p style=\"text-align: center;\"><strong>I g r e j a&nbsp;&nbsp; da&nbsp;&nbsp; F r e g u e s i a&nbsp;&nbsp;&nbsp; d o&nbsp;&nbsp; O&#8217;&nbsp; &#8211;&nbsp; S. Paulo<\/strong><\/p>\n<p style=\"padding-left: 240px; text-align: right;\"><em><span style=\"color: #ff0000;\"><strong>Link &#8211; &nbsp;<a href=\"http:\/\/categero.org.br\/?p=11452\" target=\"_blank\" rel=\"noopener noreferrer\">Datas de Categer\u00f3<br \/>\n<\/a><\/strong><\/span><\/em><em><span style=\"color: #ff0000;\"><strong>Link &#8211; &nbsp;<span style=\"color: #000000;\"><a href=\"http:\/\/categero.org.br\/?p=11933\" target=\"_blank\" rel=\"noopener noreferrer\">Perfil, Linha do Tempo e Vaticano<\/a><\/span><\/strong><\/span><\/em><\/p>\n<p style=\"padding-left: 240px; text-align: right;\"><em>A estampa, do original impresso pela igreja de NS do \u00d3, para essa ora\u00e7\u00e3o em 1961, e a mesma imagem que na publica\u00e7\u00e3o acima, em 2011 (50 anos depois) pela igreja de Noto na It\u00e1lia.<\/em><br \/>\n<em>Vamos postar abaixo a parte traseira, original desse santinho.<\/em><\/p>\n<p style=\"padding-left: 240px; text-align: right;\">&nbsp;<\/p>\n<p style=\"padding-left: 240px; text-align: center;\"><img loading=\"lazy\" decoding=\"async\" class=\"size-full wp-image-12282 alignnone\" src=\"http:\/\/categero.org.br\/wp-content\/uploads\/2011\/07\/Verso-santinho-antigo.jpg\" alt=\"\" width=\"699\" height=\"1094\" srcset=\"https:\/\/categero.org.br\/antigo\/wp-content\/uploads\/2011\/07\/Verso-santinho-antigo.jpg 699w, https:\/\/categero.org.br\/antigo\/wp-content\/uploads\/2011\/07\/Verso-santinho-antigo-192x300.jpg 192w, https:\/\/categero.org.br\/antigo\/wp-content\/uploads\/2011\/07\/Verso-santinho-antigo-654x1024.jpg 654w, https:\/\/categero.org.br\/antigo\/wp-content\/uploads\/2011\/07\/Verso-santinho-antigo-495x775.jpg 495w\" sizes=\"auto, (max-width: 699px) 100vw, 699px\" \/><\/p>\n","protected":false},"excerpt":{"rendered":"<p>&nbsp; Esta ora\u00e7\u00e3o nos foi enviada pelo Ms. Salvatore Guastella, de Noto\/It\u00e1lia A Santo Ant\u00f4nio de Categer\u00f3 \u014e glorioso Santo Ant\u00f4nio de Categer\u00f3, que revelastes tanta humildade e pureza no exerc\u00edcio do amor ao pr\u00f3ximo e tantos exemplos de retid\u00e3o de costumes, de disciplina, e penit\u00eancias destes ao mundo com a vossa vida nitidamente franciscana, [&hellip;]<\/p>\n","protected":false},"author":1,"featured_media":8254,"parent":3719,"menu_order":5,"comment_status":"open","ping_status":"open","template":"","meta":{"ngg_post_thumbnail":0,"footnotes":""},"class_list":["post-2245","page","type-page","status-publish","has-post-thumbnail","hentry"],"_links":{"self":[{"href":"https:\/\/categero.org.br\/antigo\/index.php?rest_route=\/wp\/v2\/pages\/2245","targetHints":{"allow":["GET"]}}],"collection":[{"href":"https:\/\/categero.org.br\/antigo\/index.php?rest_route=\/wp\/v2\/pages"}],"about":[{"href":"https:\/\/categero.org.br\/antigo\/index.php?rest_route=\/wp\/v2\/types\/page"}],"author":[{"embeddable":true,"href":"https:\/\/categero.org.br\/antigo\/index.php?rest_route=\/wp\/v2\/users\/1"}],"replies":[{"embeddable":true,"href":"https:\/\/categero.org.br\/antigo\/index.php?rest_route=%2Fwp%2Fv2%2Fcomments&post=2245"}],"version-history":[{"count":11,"href":"https:\/\/categero.org.br\/antigo\/index.php?rest_route=\/wp\/v2\/pages\/2245\/revisions"}],"predecessor-version":[{"id":12283,"href":"https:\/\/categero.org.br\/antigo\/index.php?rest_route=\/wp\/v2\/pages\/2245\/revisions\/12283"}],"up":[{"embeddable":true,"href":"https:\/\/categero.org.br\/antigo\/index.php?rest_route=\/wp\/v2\/pages\/3719"}],"wp:featuredmedia":[{"embeddable":true,"href":"https:\/\/categero.org.br\/antigo\/index.php?rest_route=\/wp\/v2\/media\/8254"}],"wp:attachment":[{"href":"https:\/\/categero.org.br\/antigo\/index.php?rest_route=%2Fwp%2Fv2%2Fmedia&parent=2245"}],"curies":[{"name":"wp","href":"https:\/\/api.w.org\/{rel}","templated":true}]}}