{"id":219,"date":"2010-10-02T02:05:43","date_gmt":"2010-10-02T02:05:43","guid":{"rendered":"http:\/\/www.categero.org.br\/?page_id=219"},"modified":"2014-02-21T16:47:45","modified_gmt":"2014-02-21T19:47:45","slug":"notoitalia-igreja-de-santa-maria-de-jesus","status":"publish","type":"page","link":"https:\/\/categero.org.br\/antigo\/?page_id=219","title":{"rendered":"EU &#8211; Noto\/It\u00e1lia &#8211; Igreja de Santa Maria de Jesus"},"content":{"rendered":"<p><a href=\"http:\/\/www.categero.org.br\/wp-content\/uploads\/2010\/10\/p2506091554.jpg\"><img loading=\"lazy\" decoding=\"async\" class=\"aligncenter size-medium wp-image-3536\" title=\"p2506091554\" alt=\"\" src=\"http:\/\/www.categero.org.br\/wp-content\/uploads\/2010\/10\/p2506091554-300x225.jpg\" width=\"300\" height=\"225\" \/><\/a><\/p>\n<p>H\u00e1 mais do que uma imagem de Categer\u00f3 na igreja de Santa Maria de Jesus, em Noto na It\u00e1lia. H\u00e1 um Mausol\u00e9o com a ossada que \u00e9 o pr\u00f3prio Beato Ant\u00f4nio \u00a0Categer\u00f3.<br \/>\nFoi oficiailizada pela administra\u00e7\u00e3o cat\u00f3lica em 11 de janeiro de 1992, na Igreja Santa Maria de Jesus, a implanta\u00e7\u00e3o desse Maus\u00f3leo de Categer\u00f3 que tem por finalidade mostrar na retomada cat\u00f3lica em prol do Beato. Categer\u00f3 tem atualidade e validade pelo seu modus vivendi e consequente a\u00e7\u00e3o evangelizadora. O Irm\u00e3o, ou melhor, &#8220;Tio Ant\u00f4nio&#8221; viveu para nosso exemplo e \u00e9 essa a leitura de seu renascimento.<br \/>\nO Mausol\u00e9o est\u00e1 dentro das depend\u00eancias da Igreja e dispon\u00edvel para visita\u00e7\u00e3o.<br \/>\nA igreja \u00e9 junto ao Istituto Giavanti.<br \/>\nEndere\u00e7o do Istituto Giavanti<br \/>\nV. A. SOFIA. 108<br \/>\n96017 NOTO , SICILIA<br \/>\nTelefono: +39-(0931)-835206<br \/>\nEm breve estaremos postando lincks neste portal com informa\u00e7\u00f5es e fotos do Mausol\u00e9o de Categer\u00f3.<\/p>\n<p><a href=\"http:\/\/categero.org.br\/wp-content\/uploads\/2010\/10\/Baner-Noto.jpg\"><img loading=\"lazy\" decoding=\"async\" class=\"aligncenter size-medium wp-image-8619\" alt=\"Baner Noto\" src=\"http:\/\/categero.org.br\/wp-content\/uploads\/2010\/10\/Baner-Noto-300x149.jpg\" width=\"300\" height=\"149\" srcset=\"https:\/\/categero.org.br\/antigo\/wp-content\/uploads\/2010\/10\/Baner-Noto-300x149.jpg 300w, https:\/\/categero.org.br\/antigo\/wp-content\/uploads\/2010\/10\/Baner-Noto.jpg 397w\" sizes=\"auto, (max-width: 300px) 100vw, 300px\" \/><\/a><\/p>\n","protected":false},"excerpt":{"rendered":"<p>H\u00e1 mais do que uma imagem de Categer\u00f3 na igreja de Santa Maria de Jesus, em Noto na It\u00e1lia. H\u00e1 um Mausol\u00e9o com a ossada que \u00e9 o pr\u00f3prio Beato Ant\u00f4nio \u00a0Categer\u00f3. Foi oficiailizada pela administra\u00e7\u00e3o cat\u00f3lica em 11 de janeiro de 1992, na Igreja Santa Maria de Jesus, a implanta\u00e7\u00e3o desse Maus\u00f3leo de Categer\u00f3 [&hellip;]<\/p>\n","protected":false},"author":1,"featured_media":8619,"parent":33,"menu_order":0,"comment_status":"closed","ping_status":"closed","template":"","meta":{"ngg_post_thumbnail":0,"footnotes":""},"class_list":["post-219","page","type-page","status-publish","has-post-thumbnail","hentry"],"_links":{"self":[{"href":"https:\/\/categero.org.br\/antigo\/index.php?rest_route=\/wp\/v2\/pages\/219","targetHints":{"allow":["GET"]}}],"collection":[{"href":"https:\/\/categero.org.br\/antigo\/index.php?rest_route=\/wp\/v2\/pages"}],"about":[{"href":"https:\/\/categero.org.br\/antigo\/index.php?rest_route=\/wp\/v2\/types\/page"}],"author":[{"embeddable":true,"href":"https:\/\/categero.org.br\/antigo\/index.php?rest_route=\/wp\/v2\/users\/1"}],"replies":[{"embeddable":true,"href":"https:\/\/categero.org.br\/antigo\/index.php?rest_route=%2Fwp%2Fv2%2Fcomments&post=219"}],"version-history":[{"count":7,"href":"https:\/\/categero.org.br\/antigo\/index.php?rest_route=\/wp\/v2\/pages\/219\/revisions"}],"predecessor-version":[{"id":8621,"href":"https:\/\/categero.org.br\/antigo\/index.php?rest_route=\/wp\/v2\/pages\/219\/revisions\/8621"}],"up":[{"embeddable":true,"href":"https:\/\/categero.org.br\/antigo\/index.php?rest_route=\/wp\/v2\/pages\/33"}],"wp:featuredmedia":[{"embeddable":true,"href":"https:\/\/categero.org.br\/antigo\/index.php?rest_route=\/wp\/v2\/media\/8619"}],"wp:attachment":[{"href":"https:\/\/categero.org.br\/antigo\/index.php?rest_route=%2Fwp%2Fv2%2Fmedia&parent=219"}],"curies":[{"name":"wp","href":"https:\/\/api.w.org\/{rel}","templated":true}]}}