{"id":209,"date":"2010-10-02T01:50:43","date_gmt":"2010-10-02T01:50:43","guid":{"rendered":"http:\/\/www.categero.org.br\/?page_id=209"},"modified":"2017-05-18T17:51:51","modified_gmt":"2017-05-18T20:51:51","slug":"poars-santuario-de-nossa-senhora-aparecida","status":"publish","type":"page","link":"https:\/\/categero.org.br\/antigo\/?page_id=209","title":{"rendered":"RS\/Porto Alegre &#8211; Santu\u00e1rio de Nossa Senhora Aparecida"},"content":{"rendered":"<p><a href=\"http:\/\/www.categero.org.br\/wp-content\/uploads\/2010\/10\/Sant-NS-Aparec-metad.jpg\"><img loading=\"lazy\" decoding=\"async\" class=\"aligncenter size-medium wp-image-210\" title=\"Sant NS Aparec (metad)\" src=\"http:\/\/www.categero.org.br\/wp-content\/uploads\/2010\/10\/Sant-NS-Aparec-metad-300x230.jpg\" alt=\"\" width=\"300\" height=\"230\"\/><\/a><\/p>\n<p>H\u00e1 uma imagem de Categer\u00f3, em uma mesa (altar), logo a entrada da igreja a esquerda de quem entra.<br \/>\nP\u00e7a. Senador Alberto Pasqualini, 120. Ipanema &#8211; 3248-2027<\/p>\n<p><a href=\"site: www.aparecidapoa.com.br\">site: www.aparecidapoa.com.br<\/a><\/p>\n<p><a href=\"http:\/\/categero.org.br\/wp-content\/uploads\/2010\/10\/Banner-Lilar.jpg\"><img loading=\"lazy\" decoding=\"async\" class=\"aligncenter size-medium wp-image-8601\" src=\"http:\/\/categero.org.br\/wp-content\/uploads\/2010\/10\/Banner-Lilar-300x149.jpg\" alt=\"Banner Lilar\" width=\"300\" height=\"149\" srcset=\"https:\/\/categero.org.br\/antigo\/wp-content\/uploads\/2010\/10\/Banner-Lilar-300x149.jpg 300w, https:\/\/categero.org.br\/antigo\/wp-content\/uploads\/2010\/10\/Banner-Lilar.jpg 397w\" sizes=\"auto, (max-width: 300px) 100vw, 300px\" \/><\/a><\/p>\n","protected":false},"excerpt":{"rendered":"<p>H\u00e1 uma imagem de Categer\u00f3, em uma mesa (altar), logo a entrada da igreja a esquerda de quem entra. P\u00e7a. Senador Alberto Pasqualini, 120. Ipanema &#8211; 3248-2027 site: www.aparecidapoa.com.br<\/p>\n","protected":false},"author":1,"featured_media":8601,"parent":12333,"menu_order":0,"comment_status":"closed","ping_status":"closed","template":"","meta":{"ngg_post_thumbnail":0,"footnotes":""},"class_list":["post-209","page","type-page","status-publish","has-post-thumbnail","hentry"],"_links":{"self":[{"href":"https:\/\/categero.org.br\/antigo\/index.php?rest_route=\/wp\/v2\/pages\/209","targetHints":{"allow":["GET"]}}],"collection":[{"href":"https:\/\/categero.org.br\/antigo\/index.php?rest_route=\/wp\/v2\/pages"}],"about":[{"href":"https:\/\/categero.org.br\/antigo\/index.php?rest_route=\/wp\/v2\/types\/page"}],"author":[{"embeddable":true,"href":"https:\/\/categero.org.br\/antigo\/index.php?rest_route=\/wp\/v2\/users\/1"}],"replies":[{"embeddable":true,"href":"https:\/\/categero.org.br\/antigo\/index.php?rest_route=%2Fwp%2Fv2%2Fcomments&post=209"}],"version-history":[{"count":5,"href":"https:\/\/categero.org.br\/antigo\/index.php?rest_route=\/wp\/v2\/pages\/209\/revisions"}],"predecessor-version":[{"id":12368,"href":"https:\/\/categero.org.br\/antigo\/index.php?rest_route=\/wp\/v2\/pages\/209\/revisions\/12368"}],"up":[{"embeddable":true,"href":"https:\/\/categero.org.br\/antigo\/index.php?rest_route=\/wp\/v2\/pages\/12333"}],"wp:featuredmedia":[{"embeddable":true,"href":"https:\/\/categero.org.br\/antigo\/index.php?rest_route=\/wp\/v2\/media\/8601"}],"wp:attachment":[{"href":"https:\/\/categero.org.br\/antigo\/index.php?rest_route=%2Fwp%2Fv2%2Fmedia&parent=209"}],"curies":[{"name":"wp","href":"https:\/\/api.w.org\/{rel}","templated":true}]}}