{"id":193,"date":"2010-10-02T01:30:32","date_gmt":"2010-10-02T01:30:32","guid":{"rendered":"http:\/\/www.categero.org.br\/?page_id=193"},"modified":"2018-03-22T18:47:52","modified_gmt":"2018-03-22T21:47:52","slug":"poars-igreja-sao-francisco-de-assis","status":"publish","type":"page","link":"https:\/\/categero.org.br\/antigo\/?page_id=193","title":{"rendered":"Porto Alegre\/RS &#8211; Igreja S\u00e3o Francisco de Assis"},"content":{"rendered":"<p style=\"text-align: right;\"><a href=\"http:\/\/categero.org.br\/noticias-sobre-o-beato-franciscano-antonio-de-categero-na-igreja-de-sao-francisco-em-porto-alegre\/\" target=\"_blank\" rel=\"noopener noreferrer\">VEJA MAIS &nbsp; &nbsp;&nbsp;Not\u00edcias &nbsp;desta igreja em nosso Portal<\/a><\/p>\n<p>&nbsp;<\/p>\n<p style=\"text-align: right;\"><a href=\"http:\/\/categero.org.br\/wp-content\/uploads\/2010\/10\/DSC09689-Small.jpg\"><img loading=\"lazy\" decoding=\"async\" width=\"225\" height=\"300\" class=\"size-medium wp-image-8579 aligncenter\" alt=\"#DSC09689 (Small)\" src=\"http:\/\/categero.org.br\/wp-content\/uploads\/2010\/10\/DSC09689-Small-225x300.jpg\" srcset=\"https:\/\/categero.org.br\/antigo\/wp-content\/uploads\/2010\/10\/DSC09689-Small-225x300.jpg 225w, https:\/\/categero.org.br\/antigo\/wp-content\/uploads\/2010\/10\/DSC09689-Small.jpg 480w\" sizes=\"auto, (max-width: 225px) 100vw, 225px\" \/><\/a>&nbsp;<\/p>\n<p style=\"text-align: justify;\"><span style=\"color: #ff0000;\">Havia uma imagem do Beato Ant\u00f4nio de Categer\u00f3,<\/span> em uma mesa (tipo um pequeno altar), logo a entrada da igreja, no lado esquerda de quem entra, na igreja de S\u00e3o Francisco, na parede lateral esquerda, bem na parte traseira do templo. Ali estavam tamb\u00e9m, outras duas imagens de outros santos. &nbsp;A imagem do beato ali \u00e9 existente era id\u00eantica a que est\u00e1 acima publicado. Isso at\u00e9 11 de agosto de 2011.<\/p>\n<p style=\"text-align: justify;\"><a href=\"http:\/\/categero.org.br\/?p=10185\" target=\"_blank\" rel=\"noopener noreferrer\">Na postagem, em anexo, fazemos a prova de que a existia essa imagem<\/a>, nesta igreja e, &nbsp;dos motivos, pelos quais a administra\u00e7\u00e3o da Par\u00f3quia vez sua &nbsp;retirada deste templo.<\/p>\n<p><a href=\"http:\/\/categero.org.br\/wp-content\/uploads\/2010\/10\/S\u00e3o-Fraznc-Poa-21.jpg\"><img loading=\"lazy\" decoding=\"async\" width=\"300\" height=\"199\" class=\"aligncenter size-medium wp-image-8575\" alt=\"S\u00e3o Fraznc Poa 2\" src=\"http:\/\/categero.org.br\/wp-content\/uploads\/2010\/10\/S\u00e3o-Fraznc-Poa-21-300x199.jpg\" srcset=\"https:\/\/categero.org.br\/antigo\/wp-content\/uploads\/2010\/10\/S\u00e3o-Fraznc-Poa-21-300x199.jpg 300w, https:\/\/categero.org.br\/antigo\/wp-content\/uploads\/2010\/10\/S\u00e3o-Fraznc-Poa-21-75x50.jpg 75w, https:\/\/categero.org.br\/antigo\/wp-content\/uploads\/2010\/10\/S\u00e3o-Fraznc-Poa-21-120x80.jpg 120w, https:\/\/categero.org.br\/antigo\/wp-content\/uploads\/2010\/10\/S\u00e3o-Fraznc-Poa-21.jpg 400w\" sizes=\"auto, (max-width: 300px) 100vw, 300px\" \/><\/a><\/p>\n<p style=\"text-align: right;\"><a href=\"http:\/\/categero.org.br\/noticias-sobre-o-beato-franciscano-antonio-de-categero-na-igreja-de-sao-francisco-em-porto-alegre\/\" target=\"_blank\" rel=\"noopener noreferrer\">VEJA MAIS &nbsp; &nbsp;&nbsp;Not\u00edcias &nbsp;desta igreja em nosso Portal<\/a><\/p>\n<p>Dados&nbsp;da igreja: endere\u00e7o Rua S\u00e3o Luiz, 607, bairro Santana &#8211; Fone(51) 3223-3244.<\/p>\n<p>Frei Orestes Alexandre Serra &#8211; p\u00e1roco<\/p>\n<p>freiorestes@hotmail.com<\/p>\n<p>&nbsp;<\/p>\n<p><a href=\"http:\/\/categero.org.br\/wp-content\/uploads\/2010\/10\/Baner-retir-da-Igr-SF.jpg\"><img loading=\"lazy\" decoding=\"async\" width=\"300\" height=\"149\" class=\"aligncenter size-medium wp-image-8577\" alt=\"Baner retir da Igr SF\" src=\"http:\/\/categero.org.br\/wp-content\/uploads\/2010\/10\/Baner-retir-da-Igr-SF-300x149.jpg\" srcset=\"https:\/\/categero.org.br\/antigo\/wp-content\/uploads\/2010\/10\/Baner-retir-da-Igr-SF-300x149.jpg 300w, https:\/\/categero.org.br\/antigo\/wp-content\/uploads\/2010\/10\/Baner-retir-da-Igr-SF.jpg 397w\" sizes=\"auto, (max-width: 300px) 100vw, 300px\" \/><\/a><\/p>\n","protected":false},"excerpt":{"rendered":"<p>VEJA MAIS &nbsp; &nbsp;&nbsp;Not\u00edcias &nbsp;desta igreja em nosso Portal &nbsp; &nbsp; Havia uma imagem do Beato Ant\u00f4nio de Categer\u00f3, em uma mesa (tipo um pequeno altar), logo a entrada da igreja, no lado esquerda de quem entra, na igreja de S\u00e3o Francisco, na parede lateral esquerda, bem na parte traseira do templo. Ali estavam tamb\u00e9m, [&hellip;]<\/p>\n","protected":false},"author":1,"featured_media":8577,"parent":12333,"menu_order":0,"comment_status":"open","ping_status":"open","template":"","meta":{"ngg_post_thumbnail":0,"footnotes":""},"class_list":["post-193","page","type-page","status-publish","has-post-thumbnail","hentry"],"_links":{"self":[{"href":"https:\/\/categero.org.br\/antigo\/index.php?rest_route=\/wp\/v2\/pages\/193","targetHints":{"allow":["GET"]}}],"collection":[{"href":"https:\/\/categero.org.br\/antigo\/index.php?rest_route=\/wp\/v2\/pages"}],"about":[{"href":"https:\/\/categero.org.br\/antigo\/index.php?rest_route=\/wp\/v2\/types\/page"}],"author":[{"embeddable":true,"href":"https:\/\/categero.org.br\/antigo\/index.php?rest_route=\/wp\/v2\/users\/1"}],"replies":[{"embeddable":true,"href":"https:\/\/categero.org.br\/antigo\/index.php?rest_route=%2Fwp%2Fv2%2Fcomments&post=193"}],"version-history":[{"count":18,"href":"https:\/\/categero.org.br\/antigo\/index.php?rest_route=\/wp\/v2\/pages\/193\/revisions"}],"predecessor-version":[{"id":12938,"href":"https:\/\/categero.org.br\/antigo\/index.php?rest_route=\/wp\/v2\/pages\/193\/revisions\/12938"}],"up":[{"embeddable":true,"href":"https:\/\/categero.org.br\/antigo\/index.php?rest_route=\/wp\/v2\/pages\/12333"}],"wp:featuredmedia":[{"embeddable":true,"href":"https:\/\/categero.org.br\/antigo\/index.php?rest_route=\/wp\/v2\/media\/8577"}],"wp:attachment":[{"href":"https:\/\/categero.org.br\/antigo\/index.php?rest_route=%2Fwp%2Fv2%2Fmedia&parent=193"}],"curies":[{"name":"wp","href":"https:\/\/api.w.org\/{rel}","templated":true}]}}