{"id":1916,"date":"2011-06-17T12:39:04","date_gmt":"2011-06-17T15:39:04","guid":{"rendered":"http:\/\/www.categero.org.br\/?page_id=1916"},"modified":"2018-06-21T22:03:45","modified_gmt":"2018-06-22T01:03:45","slug":"pensieri-del-beato-antonio-por-ms-salvatore","status":"publish","type":"page","link":"https:\/\/categero.org.br\/antigo\/?page_id=1916","title":{"rendered":"6\u00aa &#8211; Ora\u00e7\u00e3o &#8211; Pensieri del Beato Antonio, por Ms. Salvatore"},"content":{"rendered":"<p style=\"text-align: center;\"><strong>Esta exposi\u00e7\u00e3o do pensamento do Beato Ant\u00f4nio de Categer\u00f3, apresentada pelo Ms. Salvatore Guastella &nbsp;\u00e9, por si s\u00f3, uma ora\u00e7\u00e3o.<\/strong><\/p>\n<p style=\"text-align: center;\"><img loading=\"lazy\" decoding=\"async\" width=\"164\" height=\"312\" class=\"aligncenter wp-image-11235\" alt=\"14f-small\" src=\"http:\/\/categero.org.br\/wp-content\/uploads\/2011\/06\/14F-Small.jpg\" srcset=\"https:\/\/categero.org.br\/antigo\/wp-content\/uploads\/2011\/06\/14F-Small.jpg 449w, https:\/\/categero.org.br\/antigo\/wp-content\/uploads\/2011\/06\/14F-Small-158x300.jpg 158w\" sizes=\"auto, (max-width: 164px) 100vw, 164px\" \/><\/p>\n<p style=\"text-align: center;\"><strong>Pensieri del Beato Antonio<\/strong><\/p>\n<p style=\"text-align: left; padding-left: 180px;\">* Sono un misero peccatore e schiavo. Voglio servire Ges\u00f9 Cristo.<\/p>\n<p style=\"text-align: left; padding-left: 180px;\">* Sia lodato Ges\u00f9 Cristo.<\/p>\n<p style=\"text-align: left; padding-left: 180px;\">* Molto mi piacciono i dialoghi spirituali.<\/p>\n<p style=\"text-align: left; padding-left: 180px;\">* Abbi fiducia in Ges\u00f9 Cristo ed egli ti liberer\u00e0.<\/p>\n<p style=\"text-align: left; padding-left: 180px;\">* Non offendere il Signore.<\/p>\n<p style=\"text-align: left; padding-left: 180px;\">* Confessatevi e comunicatevi perch\u00e9 con la grazia di Dio starete bene.<\/p>\n<p style=\"text-align: left; padding-left: 180px;\">Publicamos um extrato do pensamento (procedimentos de f\u00e9) de Santo Antonio de Categer\u00f3 recolhidos da hist\u00f3ra da vida deste Santo Cat\u00f3lico segundo a elabora\u00e7\u00e3o do Monsenhor Salvatore Guastella.<\/p>\n<p style=\"text-align: left; padding-left: 180px;\"><strong>Pensamentos do Beato<\/strong> <strong>Antonio &nbsp;(tradu\u00e7\u00e3o)<\/strong><\/p>\n<p style=\"text-align: left; padding-left: 180px;\">* Eu sou um pecador e escravo. Quero servir a Jesus Cristo.<br \/>\n* Louvado seja Jesus Cristo.<br \/>\n* Eu gosto muito do di\u00e1logo espiritual.<br \/>\n* Tenha f\u00e9 em Jesus Cristo e ele te livrar\u00e1.<br \/>\n* N\u00e3o ofender o Senhor.<br \/>\n* Confessar &nbsp;e se comunicar, pela gra\u00e7a de Deus, porque voc\u00ea vai ficar confort\u00e1vel.<\/p>\n<p style=\"text-align: center;\">ngg_shortcode_0_placeholder<\/p>\n<address style=\"text-align: center;\">Excerto Devocional&nbsp; (1) deduzido de material remetido da It\u00e1lia ao Portal pelo Ms. Salvatore.<\/address>\n<address style=\"text-align: center;\">(Postado em Italiano e Portugu\u00eas)<\/address>\n<p style=\"text-align: left;\">Pubblichiamo un estratto del pensiero (procedure di fede)<br \/>\ndi San Antonio de Categer\u00f3 raccolto la storia<br \/>\ndi vita di questa Santa Cattolica secondo<br \/>\nl&#8217;elaborazione di monsignor Salvatore Guastella&#8230;.<\/p>\n<p style=\"padding-left: 240px; text-align: center;\"><em><span style=\"color: #ff0000;\"><strong>Link &#8211; &nbsp;<a href=\"http:\/\/categero.org.br\/?p=11452\" target=\"_blank\" rel=\"noopener\">Datas de Categer\u00f3<br \/>\n<\/a><\/strong><\/span><\/em><em><span style=\"color: #ff0000;\"><strong>Link &#8211; &nbsp;<span style=\"color: #000000;\"><a href=\"http:\/\/categero.org.br\/?p=11933\" target=\"_blank\" rel=\"noopener\">Perfil, Linha do Tempo e Vaticano<\/a><\/span><\/strong><\/span><\/em><\/p>\n<p>&nbsp;<\/p>\n","protected":false},"excerpt":{"rendered":"<p>Esta exposi\u00e7\u00e3o do pensamento do Beato Ant\u00f4nio de Categer\u00f3, apresentada pelo Ms. Salvatore Guastella &nbsp;\u00e9, por si s\u00f3, uma ora\u00e7\u00e3o. Pensieri del Beato Antonio * Sono un misero peccatore e schiavo. Voglio servire Ges\u00f9 Cristo. * Sia lodato Ges\u00f9 Cristo. * Molto mi piacciono i dialoghi spirituali. * Abbi fiducia in Ges\u00f9 Cristo ed egli [&hellip;]<\/p>\n","protected":false},"author":1,"featured_media":8256,"parent":3719,"menu_order":6,"comment_status":"open","ping_status":"open","template":"","meta":{"ngg_post_thumbnail":0,"footnotes":""},"class_list":["post-1916","page","type-page","status-publish","has-post-thumbnail","hentry"],"_links":{"self":[{"href":"https:\/\/categero.org.br\/antigo\/index.php?rest_route=\/wp\/v2\/pages\/1916","targetHints":{"allow":["GET"]}}],"collection":[{"href":"https:\/\/categero.org.br\/antigo\/index.php?rest_route=\/wp\/v2\/pages"}],"about":[{"href":"https:\/\/categero.org.br\/antigo\/index.php?rest_route=\/wp\/v2\/types\/page"}],"author":[{"embeddable":true,"href":"https:\/\/categero.org.br\/antigo\/index.php?rest_route=\/wp\/v2\/users\/1"}],"replies":[{"embeddable":true,"href":"https:\/\/categero.org.br\/antigo\/index.php?rest_route=%2Fwp%2Fv2%2Fcomments&post=1916"}],"version-history":[{"count":14,"href":"https:\/\/categero.org.br\/antigo\/index.php?rest_route=\/wp\/v2\/pages\/1916\/revisions"}],"predecessor-version":[{"id":13081,"href":"https:\/\/categero.org.br\/antigo\/index.php?rest_route=\/wp\/v2\/pages\/1916\/revisions\/13081"}],"up":[{"embeddable":true,"href":"https:\/\/categero.org.br\/antigo\/index.php?rest_route=\/wp\/v2\/pages\/3719"}],"wp:featuredmedia":[{"embeddable":true,"href":"https:\/\/categero.org.br\/antigo\/index.php?rest_route=\/wp\/v2\/media\/8256"}],"wp:attachment":[{"href":"https:\/\/categero.org.br\/antigo\/index.php?rest_route=%2Fwp%2Fv2%2Fmedia&parent=1916"}],"curies":[{"name":"wp","href":"https:\/\/api.w.org\/{rel}","templated":true}]}}